{"id":9,"date":"2023-07-28T12:54:05","date_gmt":"2023-07-28T10:54:05","guid":{"rendered":"http:\/\/gtr-tech10.loc\/?page_id=9"},"modified":"2023-08-03T19:48:40","modified_gmt":"2023-08-03T17:48:40","slug":"quienes-somos","status":"publish","type":"page","link":"https:\/\/gtr-tech.com\/es\/quienes-somos\/","title":{"rendered":"Qui\u00e9nes somos"},"content":{"rendered":"\n<div class=\"wp-block-eds-animate-it-block eds-animate-block-save\"><div class=\"eds-animate animated edsanimate-sis-hidden  \" data-eds-entry-animation=\"fadeIn\" data-eds-entry-delay=\"0.5\" data-eds-entry-duration=\"1.5\" data-eds-entry-timing=\"ease-in\" data-eds-exit-animation=\"\" data-eds-exit-delay=\"0\" data-eds-exit-duration=\"0.5\" data-eds-exit-timing=\"linear\" data-eds-repeat-count=\"1\" data-eds-keep=\"yes\" data-eds-animate-on=\"scroll\" data-eds-scroll-offset=\"1\">\n<p>Desde 2.002 proporcionamos a nuestros clientes soluciones globales que cubran por completo sus necesidades inform\u00e1ticas.<\/p>\n\n\n\n<p>Para esto contamos con un plantilla de profesionales con amplia experiencia y capacidad para implantar cualquier soluci\u00f3n.<\/p>\n\n\n\n<p>Dedicamos un gran esfuerzo para mantener la m\u00e1xima calidad de nuestros productos y la mejor atenci\u00f3n y dedicaci\u00f3n de nuestro servicio postventa. Aspectos fundamentales que nos diferencian dentro del competitivo mercado de la inform\u00e1tica.<\/p>\n\n\n\n<blockquote class=\"wp-block-quote is-layout-flow wp-block-quote-is-layout-flow\">\n<p class=\"has-very-light-gray-to-cyan-bluish-gray-gradient-background has-background\" style=\"font-size:15px\">Nuestra metodolog\u00ed\u00ada de trabajo, basada en un profundo conocimiento de las necesidades de nuestros clientes, est\u00e1 enfocada en proporcionar soluciones eficaces, que simplifiquen procesos complejos, y aumenten la productividad y la competitividad de las empresas. Para nosotros no hay dos clientes iguales y tampoco hay soluciones que valgan para todo y para todos. Por este motivo desde el inicio hemos optado siempre por ofrecer un servicio integral donde los objetivos empresariales pasan a ser nuestros propios objetivos, mientras que el cliente focaliza toda su energ\u00ed\u00ada en el coraz\u00f3n del negocio.<\/p>\n<\/blockquote>\n\n\n\n<p>Queremos ser tu asesor inform\u00e1tico, de modo que puedas dedicarte a tu actividad empresarial sin preocuparte del funcionamiento de tus sistemas.<\/p>\n\n\n\n<p>Con nuestro apoyo quedar\u00e1n cubiertas totalmente todas las necesidades actuales y futuras de tu sistema inform\u00e1tico. Desde la renovaci\u00f3n de aplicaciones y equipos hasta la realizaci\u00f3n de proyectos integrales de comunicaci\u00f3n entre tus oficinas.<\/p>\n<\/div><\/div>\n\n\n\n<figure class=\"wp-block-image size-large\"><img loading=\"lazy\" decoding=\"async\" width=\"1024\" height=\"720\" src=\"http:\/\/gtr-tech10.loc\/wp-content\/uploads\/2023\/08\/QUIENES-01-1024x720.jpg\" alt=\"Ilustraci\u00f3n de equipo\" class=\"wp-image-183\" srcset=\"https:\/\/gtr-tech.com\/wp-content\/uploads\/2023\/08\/QUIENES-01-1024x720.jpg 1024w, https:\/\/gtr-tech.com\/wp-content\/uploads\/2023\/08\/QUIENES-01-300x211.jpg 300w, https:\/\/gtr-tech.com\/wp-content\/uploads\/2023\/08\/QUIENES-01-768x540.jpg 768w, https:\/\/gtr-tech.com\/wp-content\/uploads\/2023\/08\/QUIENES-01-18x12.jpg 18w, https:\/\/gtr-tech.com\/wp-content\/uploads\/2023\/08\/QUIENES-01.jpg 1280w\" sizes=\"auto, (max-width: 767px) 89vw, (max-width: 1000px) 54vw, (max-width: 1071px) 543px, 580px\" \/><\/figure>\n\n\n\n<div class=\"wp-block-eds-animate-it-block eds-animate-block-save\"><div class=\"eds-animate animated edsanimate-sis-hidden  \" data-eds-entry-animation=\"fadeIn\" data-eds-entry-delay=\"0.5\" data-eds-entry-duration=\"1.5\" data-eds-entry-timing=\"ease-in\" data-eds-exit-animation=\"\" data-eds-exit-delay=\"0\" data-eds-exit-duration=\"0.5\" data-eds-exit-timing=\"linear\" data-eds-repeat-count=\"1\" data-eds-keep=\"yes\" data-eds-animate-on=\"scroll\" data-eds-scroll-offset=\"1\">\n<p><strong>Horario de prestaci\u00f3n de servicios<\/strong><\/p>\n\n\n\n<ul class=\"wp-block-list\">\n<li>De lunes a viernes de 9:00 a 18:00 horas.<\/li>\n\n\n\n<li>Agosto, de lunes a viernes de 8:00 a 15:00 horas.<\/li>\n<\/ul>\n\n\n\n<p><strong>Tiempo de respuesta<\/strong><\/p>\n\n\n\n<ul class=\"wp-block-list\">\n<li>General: 8 horas laborables.<\/li>\n\n\n\n<li>Express: 4 horas laborables. Aplicable a contratos en vigor.<\/li>\n\n\n\n<li>Urgente: Inmediato. Aplicable a cualquier servicio<\/li>\n<\/ul>\n<\/div><\/div>\n\n\n\n<div class=\"wp-block-buttons is-content-justification-center is-layout-flex wp-container-core-buttons-is-layout-1 wp-block-buttons-is-layout-flex\">\n<div class=\"wp-block-button\"><a class=\"wp-block-button__link has-vivid-purple-background-color has-background wp-element-button\" href=\"http:\/\/gtr-tech10.loc\/contacto\/\">Contacta con nosotros<\/a><\/div>\n<\/div>\n","protected":false},"excerpt":{"rendered":"","protected":false},"author":1,"featured_media":91,"parent":0,"menu_order":0,"comment_status":"closed","ping_status":"closed","template":"","meta":{"footnotes":""},"class_list":["post-9","page","type-page","status-publish","has-post-thumbnail","hentry"],"yoast_head":"<!-- This site is optimized with the Yoast SEO plugin v25.3.1 - https:\/\/yoast.com\/wordpress\/plugins\/seo\/ -->\n<title>Qui\u00e9nes somos - GTR Tech<\/title>\n<meta name=\"robots\" content=\"index, follow, max-snippet:-1, max-image-preview:large, max-video-preview:-1\" \/>\n<link rel=\"canonical\" href=\"https:\/\/gtr-tech.com\/es\/quienes-somos\/\" \/>\n<meta property=\"og:locale\" content=\"es_ES\" \/>\n<meta property=\"og:type\" content=\"article\" \/>\n<meta property=\"og:title\" content=\"Qui\u00e9nes somos - GTR Tech\" \/>\n<meta property=\"og:url\" content=\"https:\/\/gtr-tech.com\/es\/quienes-somos\/\" \/>\n<meta property=\"og:site_name\" content=\"GTR Tech\" \/>\n<meta property=\"article:publisher\" content=\"https:\/\/www.facebook.com\/GTRTechnol\" \/>\n<meta property=\"article:modified_time\" content=\"2023-08-03T17:48:40+00:00\" \/>\n<meta property=\"og:image\" content=\"https:\/\/gtr-tech.com\/wp-content\/uploads\/2023\/07\/SEC-QuienesSomos.jpg\" \/>\n\t<meta property=\"og:image:width\" content=\"1920\" \/>\n\t<meta property=\"og:image:height\" content=\"1200\" \/>\n\t<meta property=\"og:image:type\" content=\"image\/jpeg\" \/>\n<meta name=\"twitter:card\" content=\"summary_large_image\" \/>\n<meta name=\"twitter:site\" content=\"@GTRTechnologies\" \/>\n<meta name=\"twitter:label1\" content=\"Tiempo de lectura\" \/>\n\t<meta name=\"twitter:data1\" content=\"1 minuto\" \/>\n<script type=\"application\/ld+json\" class=\"yoast-schema-graph\">{\"@context\":\"https:\/\/schema.org\",\"@graph\":[{\"@type\":\"WebPage\",\"@id\":\"https:\/\/gtr-tech.com\/quienes-somos\/\",\"url\":\"https:\/\/gtr-tech.com\/quienes-somos\/\",\"name\":\"Qui\u00e9nes somos - GTR Tech\",\"isPartOf\":{\"@id\":\"https:\/\/gtr-tech.com\/es\/#website\"},\"primaryImageOfPage\":{\"@id\":\"https:\/\/gtr-tech.com\/quienes-somos\/#primaryimage\"},\"image\":{\"@id\":\"https:\/\/gtr-tech.com\/quienes-somos\/#primaryimage\"},\"thumbnailUrl\":\"https:\/\/gtr-tech.com\/wp-content\/uploads\/2023\/07\/SEC-QuienesSomos.jpg\",\"datePublished\":\"2023-07-28T10:54:05+00:00\",\"dateModified\":\"2023-08-03T17:48:40+00:00\",\"breadcrumb\":{\"@id\":\"https:\/\/gtr-tech.com\/quienes-somos\/#breadcrumb\"},\"inLanguage\":\"es\",\"potentialAction\":[{\"@type\":\"ReadAction\",\"target\":[\"https:\/\/gtr-tech.com\/quienes-somos\/\"]}]},{\"@type\":\"ImageObject\",\"inLanguage\":\"es\",\"@id\":\"https:\/\/gtr-tech.com\/quienes-somos\/#primaryimage\",\"url\":\"https:\/\/gtr-tech.com\/wp-content\/uploads\/2023\/07\/SEC-QuienesSomos.jpg\",\"contentUrl\":\"https:\/\/gtr-tech.com\/wp-content\/uploads\/2023\/07\/SEC-QuienesSomos.jpg\",\"width\":1920,\"height\":1200,\"caption\":\"Qui\u00e9nes somos\"},{\"@type\":\"BreadcrumbList\",\"@id\":\"https:\/\/gtr-tech.com\/quienes-somos\/#breadcrumb\",\"itemListElement\":[{\"@type\":\"ListItem\",\"position\":1,\"name\":\"Portada\",\"item\":\"https:\/\/gtr-tech.com\/\"},{\"@type\":\"ListItem\",\"position\":2,\"name\":\"Qui\u00e9nes somos\"}]},{\"@type\":\"WebSite\",\"@id\":\"https:\/\/gtr-tech.com\/es\/#website\",\"url\":\"https:\/\/gtr-tech.com\/es\/\",\"name\":\"GTR Tech\",\"description\":\"IT Partner &amp; E-commerce solutions\",\"publisher\":{\"@id\":\"https:\/\/gtr-tech.com\/es\/#organization\"},\"potentialAction\":[{\"@type\":\"SearchAction\",\"target\":{\"@type\":\"EntryPoint\",\"urlTemplate\":\"https:\/\/gtr-tech.com\/es\/?s={search_term_string}\"},\"query-input\":{\"@type\":\"PropertyValueSpecification\",\"valueRequired\":true,\"valueName\":\"search_term_string\"}}],\"inLanguage\":\"es\"},{\"@type\":\"Organization\",\"@id\":\"https:\/\/gtr-tech.com\/es\/#organization\",\"name\":\"GTR Tech\",\"url\":\"https:\/\/gtr-tech.com\/es\/\",\"logo\":{\"@type\":\"ImageObject\",\"inLanguage\":\"es\",\"@id\":\"https:\/\/gtr-tech.com\/es\/#\/schema\/logo\/image\/\",\"url\":\"https:\/\/gtr-tech.com\/wp-content\/uploads\/2023\/07\/cropped-logoGTR.png\",\"contentUrl\":\"https:\/\/gtr-tech.com\/wp-content\/uploads\/2023\/07\/cropped-logoGTR.png\",\"width\":932,\"height\":250,\"caption\":\"GTR Tech\"},\"image\":{\"@id\":\"https:\/\/gtr-tech.com\/es\/#\/schema\/logo\/image\/\"},\"sameAs\":[\"https:\/\/www.facebook.com\/GTRTechnol\",\"https:\/\/x.com\/GTRTechnologies\"]}]}<\/script>\n<!-- \/ Yoast SEO plugin. -->","yoast_head_json":{"title":"Qui\u00e9nes somos - GTR Tech","robots":{"index":"index","follow":"follow","max-snippet":"max-snippet:-1","max-image-preview":"max-image-preview:large","max-video-preview":"max-video-preview:-1"},"canonical":"https:\/\/gtr-tech.com\/es\/quienes-somos\/","og_locale":"es_ES","og_type":"article","og_title":"Qui\u00e9nes somos - GTR Tech","og_url":"https:\/\/gtr-tech.com\/es\/quienes-somos\/","og_site_name":"GTR Tech","article_publisher":"https:\/\/www.facebook.com\/GTRTechnol","article_modified_time":"2023-08-03T17:48:40+00:00","og_image":[{"width":1920,"height":1200,"url":"https:\/\/gtr-tech.com\/wp-content\/uploads\/2023\/07\/SEC-QuienesSomos.jpg","type":"image\/jpeg"}],"twitter_card":"summary_large_image","twitter_site":"@GTRTechnologies","twitter_misc":{"Tiempo de lectura":"1 minuto"},"schema":{"@context":"https:\/\/schema.org","@graph":[{"@type":"WebPage","@id":"https:\/\/gtr-tech.com\/quienes-somos\/","url":"https:\/\/gtr-tech.com\/quienes-somos\/","name":"Qui\u00e9nes somos - GTR Tech","isPartOf":{"@id":"https:\/\/gtr-tech.com\/es\/#website"},"primaryImageOfPage":{"@id":"https:\/\/gtr-tech.com\/quienes-somos\/#primaryimage"},"image":{"@id":"https:\/\/gtr-tech.com\/quienes-somos\/#primaryimage"},"thumbnailUrl":"https:\/\/gtr-tech.com\/wp-content\/uploads\/2023\/07\/SEC-QuienesSomos.jpg","datePublished":"2023-07-28T10:54:05+00:00","dateModified":"2023-08-03T17:48:40+00:00","breadcrumb":{"@id":"https:\/\/gtr-tech.com\/quienes-somos\/#breadcrumb"},"inLanguage":"es","potentialAction":[{"@type":"ReadAction","target":["https:\/\/gtr-tech.com\/quienes-somos\/"]}]},{"@type":"ImageObject","inLanguage":"es","@id":"https:\/\/gtr-tech.com\/quienes-somos\/#primaryimage","url":"https:\/\/gtr-tech.com\/wp-content\/uploads\/2023\/07\/SEC-QuienesSomos.jpg","contentUrl":"https:\/\/gtr-tech.com\/wp-content\/uploads\/2023\/07\/SEC-QuienesSomos.jpg","width":1920,"height":1200,"caption":"Qui\u00e9nes somos"},{"@type":"BreadcrumbList","@id":"https:\/\/gtr-tech.com\/quienes-somos\/#breadcrumb","itemListElement":[{"@type":"ListItem","position":1,"name":"Portada","item":"https:\/\/gtr-tech.com\/"},{"@type":"ListItem","position":2,"name":"Qui\u00e9nes somos"}]},{"@type":"WebSite","@id":"https:\/\/gtr-tech.com\/es\/#website","url":"https:\/\/gtr-tech.com\/es\/","name":"GTR Tech","description":"IT Partner &amp; E-commerce solutions","publisher":{"@id":"https:\/\/gtr-tech.com\/es\/#organization"},"potentialAction":[{"@type":"SearchAction","target":{"@type":"EntryPoint","urlTemplate":"https:\/\/gtr-tech.com\/es\/?s={search_term_string}"},"query-input":{"@type":"PropertyValueSpecification","valueRequired":true,"valueName":"search_term_string"}}],"inLanguage":"es"},{"@type":"Organization","@id":"https:\/\/gtr-tech.com\/es\/#organization","name":"GTR Tech","url":"https:\/\/gtr-tech.com\/es\/","logo":{"@type":"ImageObject","inLanguage":"es","@id":"https:\/\/gtr-tech.com\/es\/#\/schema\/logo\/image\/","url":"https:\/\/gtr-tech.com\/wp-content\/uploads\/2023\/07\/cropped-logoGTR.png","contentUrl":"https:\/\/gtr-tech.com\/wp-content\/uploads\/2023\/07\/cropped-logoGTR.png","width":932,"height":250,"caption":"GTR Tech"},"image":{"@id":"https:\/\/gtr-tech.com\/es\/#\/schema\/logo\/image\/"},"sameAs":["https:\/\/www.facebook.com\/GTRTechnol","https:\/\/x.com\/GTRTechnologies"]}]}},"_links":{"self":[{"href":"https:\/\/gtr-tech.com\/es\/wp-json\/wp\/v2\/pages\/9","targetHints":{"allow":["GET"]}}],"collection":[{"href":"https:\/\/gtr-tech.com\/es\/wp-json\/wp\/v2\/pages"}],"about":[{"href":"https:\/\/gtr-tech.com\/es\/wp-json\/wp\/v2\/types\/page"}],"author":[{"embeddable":true,"href":"https:\/\/gtr-tech.com\/es\/wp-json\/wp\/v2\/users\/1"}],"replies":[{"embeddable":true,"href":"https:\/\/gtr-tech.com\/es\/wp-json\/wp\/v2\/comments?post=9"}],"version-history":[{"count":9,"href":"https:\/\/gtr-tech.com\/es\/wp-json\/wp\/v2\/pages\/9\/revisions"}],"predecessor-version":[{"id":254,"href":"https:\/\/gtr-tech.com\/es\/wp-json\/wp\/v2\/pages\/9\/revisions\/254"}],"wp:featuredmedia":[{"embeddable":true,"href":"https:\/\/gtr-tech.com\/es\/wp-json\/wp\/v2\/media\/91"}],"wp:attachment":[{"href":"https:\/\/gtr-tech.com\/es\/wp-json\/wp\/v2\/media?parent=9"}],"curies":[{"name":"wp","href":"https:\/\/api.w.org\/{rel}","templated":true}]}}