{"id":76,"date":"2023-07-28T16:19:41","date_gmt":"2023-07-28T14:19:41","guid":{"rendered":"http:\/\/gtr-tech10.loc\/?page_id=76"},"modified":"2023-08-03T19:43:37","modified_gmt":"2023-08-03T17:43:37","slug":"consultoria","status":"publish","type":"page","link":"https:\/\/gtr-tech.com\/es\/consultoria\/","title":{"rendered":"Consultor\u00eda"},"content":{"rendered":"\n<div class=\"wp-block-eds-animate-it-block eds-animate-block-save\"><div class=\"eds-animate animated edsanimate-sis-hidden  \" data-eds-entry-animation=\"fadeInLeft\" data-eds-entry-delay=\"0\" data-eds-entry-duration=\"1\" data-eds-entry-timing=\"linear\" data-eds-exit-animation=\"\" data-eds-exit-delay=\"0\" data-eds-exit-duration=\"0.5\" data-eds-exit-timing=\"linear\" data-eds-repeat-count=\"1\" data-eds-keep=\"yes\" data-eds-animate-on=\"scroll\" data-eds-scroll-offset=\"1\">\n<p class=\"has-vivid-purple-color has-text-color\"><strong>Transformarse digitalmente es reinventarse<\/strong><\/p>\n\n\n\n<p>La transformaci\u00f3n digital implica trabajar en distintos \u00e1mbitos organizativos con el objeto de hacer las cosas mejor (cambio operacional), hacer las cosas de forma diferente (disrupci\u00f3n por desplazamiento tecnol\u00f3gico) y, sobre todo, hacer cosas distintas (transformaci\u00f3n del modelo de negocio). El paradigma de la transformaci\u00f3n digital va all\u00e1 m\u00e1s de una mera reacci\u00f3n para sobrevivir en un entorno cambiante e implica una mudanza cultural liderada desde el v\u00e9rtice.<\/p>\n<\/div><\/div>\n\n\n\n<figure class=\"wp-block-image size-large\"><img loading=\"lazy\" decoding=\"async\" width=\"1024\" height=\"410\" src=\"http:\/\/gtr-tech10.loc\/wp-content\/uploads\/2023\/08\/CONS-05-1024x410.png\" alt=\"Estrategia\" class=\"wp-image-178\" srcset=\"https:\/\/gtr-tech.com\/wp-content\/uploads\/2023\/08\/CONS-05-1024x410.png 1024w, https:\/\/gtr-tech.com\/wp-content\/uploads\/2023\/08\/CONS-05-300x120.png 300w, https:\/\/gtr-tech.com\/wp-content\/uploads\/2023\/08\/CONS-05-768x307.png 768w, https:\/\/gtr-tech.com\/wp-content\/uploads\/2023\/08\/CONS-05-18x7.png 18w, https:\/\/gtr-tech.com\/wp-content\/uploads\/2023\/08\/CONS-05.png 1280w\" sizes=\"auto, (max-width: 767px) 89vw, (max-width: 1000px) 54vw, (max-width: 1071px) 543px, 580px\" \/><\/figure>\n\n\n\n<div class=\"wp-block-eds-animate-it-block eds-animate-block-save\"><div class=\"eds-animate animated edsanimate-sis-hidden  \" data-eds-entry-animation=\"fadeInRight\" data-eds-entry-delay=\"0\" data-eds-entry-duration=\"1\" data-eds-entry-timing=\"linear\" data-eds-exit-animation=\"\" data-eds-exit-delay=\"0\" data-eds-exit-duration=\"0.5\" data-eds-exit-timing=\"linear\" data-eds-repeat-count=\"1\" data-eds-keep=\"yes\" data-eds-animate-on=\"scroll\" data-eds-scroll-offset=\"1\">\n<p class=\"has-text-align-right has-vivid-purple-color has-text-color\"><strong>Solo sobreviven los que se adaptan mejor al cambio<\/strong><\/p>\n\n\n\n<p class=\"has-text-align-right\">Llevamos m\u00e1s de 20 a\u00f1os integrando soluciones tecnol\u00f3gicas punteras, adapt\u00e1ndonos a los cambios tecnol\u00f3gicos y evolucionando de forma continua para ofrecer a nuestros clientes todo nuestro conocimiento y capacidades en el mundo de la ingenier\u00eda y la tecnolog\u00eda. Est\u00e1 en nuestro ADN el desarrollar nuestro talento para poner la tecnolog\u00eda al servicio de nuestros clientes, contribuyendo en la misma media al desarrollo, transformaci\u00f3n y evoluci\u00f3n de su negocio.<\/p>\n<\/div><\/div>\n\n\n\n<figure class=\"wp-block-image size-large\"><img loading=\"lazy\" decoding=\"async\" width=\"1024\" height=\"410\" src=\"http:\/\/gtr-tech10.loc\/wp-content\/uploads\/2023\/08\/CONS-04-1024x410.jpg\" alt=\"Innovaci\u00f3n\" class=\"wp-image-177\" srcset=\"https:\/\/gtr-tech.com\/wp-content\/uploads\/2023\/08\/CONS-04-1024x410.jpg 1024w, https:\/\/gtr-tech.com\/wp-content\/uploads\/2023\/08\/CONS-04-300x120.jpg 300w, https:\/\/gtr-tech.com\/wp-content\/uploads\/2023\/08\/CONS-04-768x307.jpg 768w, https:\/\/gtr-tech.com\/wp-content\/uploads\/2023\/08\/CONS-04-18x7.jpg 18w, https:\/\/gtr-tech.com\/wp-content\/uploads\/2023\/08\/CONS-04.jpg 1280w\" sizes=\"auto, (max-width: 767px) 89vw, (max-width: 1000px) 54vw, (max-width: 1071px) 543px, 580px\" \/><\/figure>\n\n\n\n<div class=\"wp-block-eds-animate-it-block eds-animate-block-save\"><div class=\"eds-animate animated edsanimate-sis-hidden  \" data-eds-entry-animation=\"fadeInLeft\" data-eds-entry-delay=\"0\" data-eds-entry-duration=\"1\" data-eds-entry-timing=\"linear\" data-eds-exit-animation=\"\" data-eds-exit-delay=\"0\" data-eds-exit-duration=\"0.5\" data-eds-exit-timing=\"linear\" data-eds-repeat-count=\"1\" data-eds-keep=\"yes\" data-eds-animate-on=\"scroll\" data-eds-scroll-offset=\"1\">\n<p class=\"has-vivid-purple-color has-text-color\"><strong>DevOps<\/strong><\/p>\n\n\n\n<p>Acompa\u00f1amiento en la adopci\u00f3n de metodolog\u00edas DevOps, as\u00ed como en el dise\u00f1o y despliegue de los nuevos modelos de desarrollo basados en microservicios y contenedores.<\/p>\n<\/div><\/div>\n\n\n\n<figure class=\"wp-block-image size-large\"><img loading=\"lazy\" decoding=\"async\" width=\"1024\" height=\"410\" src=\"http:\/\/gtr-tech10.loc\/wp-content\/uploads\/2023\/08\/CONS-03-1024x410.jpg\" alt=\"Resultados\" class=\"wp-image-176\" srcset=\"https:\/\/gtr-tech.com\/wp-content\/uploads\/2023\/08\/CONS-03-1024x410.jpg 1024w, https:\/\/gtr-tech.com\/wp-content\/uploads\/2023\/08\/CONS-03-300x120.jpg 300w, https:\/\/gtr-tech.com\/wp-content\/uploads\/2023\/08\/CONS-03-768x307.jpg 768w, https:\/\/gtr-tech.com\/wp-content\/uploads\/2023\/08\/CONS-03-18x7.jpg 18w, https:\/\/gtr-tech.com\/wp-content\/uploads\/2023\/08\/CONS-03.jpg 1280w\" sizes=\"auto, (max-width: 767px) 89vw, (max-width: 1000px) 54vw, (max-width: 1071px) 543px, 580px\" \/><\/figure>\n\n\n\n<div class=\"wp-block-eds-animate-it-block eds-animate-block-save\"><div class=\"eds-animate animated edsanimate-sis-hidden  \" data-eds-entry-animation=\"fadeInRight\" data-eds-entry-delay=\"0\" data-eds-entry-duration=\"1\" data-eds-entry-timing=\"linear\" data-eds-exit-animation=\"\" data-eds-exit-delay=\"0\" data-eds-exit-duration=\"0.5\" data-eds-exit-timing=\"linear\" data-eds-repeat-count=\"1\" data-eds-keep=\"yes\" data-eds-animate-on=\"scroll\" data-eds-scroll-offset=\"1\">\n<p class=\"has-text-align-right has-vivid-purple-color has-text-color\"><strong>Gesti\u00f3n de infraestructuras<\/strong><\/p>\n\n\n\n<p class=\"has-text-align-right\">Personas, procesos y herramientas al servicio de nuestros clientes para una gesti\u00f3n estandarizada y eficiente de TI, con una visi\u00f3n hol\u00edstica de la ciberseguridad, incluyendo organizaci\u00f3n, procesos, tecnolog\u00eda y servicios.<\/p>\n<\/div><\/div>\n\n\n\n<figure class=\"wp-block-image size-large\"><img loading=\"lazy\" decoding=\"async\" width=\"1024\" height=\"410\" src=\"http:\/\/gtr-tech10.loc\/wp-content\/uploads\/2023\/08\/CONS-02-1024x410.jpg\" alt=\"Visi\u00f3n\" class=\"wp-image-175\" srcset=\"https:\/\/gtr-tech.com\/wp-content\/uploads\/2023\/08\/CONS-02-1024x410.jpg 1024w, https:\/\/gtr-tech.com\/wp-content\/uploads\/2023\/08\/CONS-02-300x120.jpg 300w, https:\/\/gtr-tech.com\/wp-content\/uploads\/2023\/08\/CONS-02-768x307.jpg 768w, https:\/\/gtr-tech.com\/wp-content\/uploads\/2023\/08\/CONS-02-18x7.jpg 18w, https:\/\/gtr-tech.com\/wp-content\/uploads\/2023\/08\/CONS-02.jpg 1280w\" sizes=\"auto, (max-width: 767px) 89vw, (max-width: 1000px) 54vw, (max-width: 1071px) 543px, 580px\" \/><\/figure>\n\n\n\n<div class=\"wp-block-eds-animate-it-block eds-animate-block-save\"><div class=\"eds-animate animated edsanimate-sis-hidden  \" data-eds-entry-animation=\"fadeInLeft\" data-eds-entry-delay=\"0\" data-eds-entry-duration=\"1\" data-eds-entry-timing=\"linear\" data-eds-exit-animation=\"\" data-eds-exit-delay=\"0\" data-eds-exit-duration=\"0.5\" data-eds-exit-timing=\"linear\" data-eds-repeat-count=\"1\" data-eds-keep=\"yes\" data-eds-animate-on=\"scroll\" data-eds-scroll-offset=\"1\">\n<p class=\"has-vivid-purple-color has-text-color\"><strong>Automatizaci\u00f3n<\/strong><\/p>\n\n\n\n<p>Despliegue de herramientas y procesos para la automatizaci\u00f3n de las tareas de gesti\u00f3n de la TI, liberando al personal t\u00e9cnico de la realizaci\u00f3n de tareas rutinarias, minimizando los errores y mejorando la trazabilidad (compliance) de las actividades<\/p>\n<\/div><\/div>\n\n\n\n<figure class=\"wp-block-image size-large is-resized\"><img loading=\"lazy\" decoding=\"async\" src=\"http:\/\/gtr-tech10.loc\/wp-content\/uploads\/2023\/08\/CONS-01-1024x410.jpg\" alt=\"\u00c9xito\" class=\"wp-image-174\" width=\"674\" height=\"269\" srcset=\"https:\/\/gtr-tech.com\/wp-content\/uploads\/2023\/08\/CONS-01-1024x410.jpg 1024w, https:\/\/gtr-tech.com\/wp-content\/uploads\/2023\/08\/CONS-01-300x120.jpg 300w, https:\/\/gtr-tech.com\/wp-content\/uploads\/2023\/08\/CONS-01-768x307.jpg 768w, https:\/\/gtr-tech.com\/wp-content\/uploads\/2023\/08\/CONS-01-18x7.jpg 18w, https:\/\/gtr-tech.com\/wp-content\/uploads\/2023\/08\/CONS-01.jpg 1280w\" sizes=\"auto, (max-width: 674px) 100vw, 674px\" \/><\/figure>\n\n\n\n<div class=\"wp-block-eds-animate-it-block eds-animate-block-save\"><div class=\"eds-animate animated edsanimate-sis-hidden  \" data-eds-entry-animation=\"fadeInRight\" data-eds-entry-delay=\"0\" data-eds-entry-duration=\"1\" data-eds-entry-timing=\"linear\" data-eds-exit-animation=\"\" data-eds-exit-delay=\"0\" data-eds-exit-duration=\"0.5\" data-eds-exit-timing=\"linear\" data-eds-repeat-count=\"1\" data-eds-keep=\"yes\" data-eds-animate-on=\"scroll\" data-eds-scroll-offset=\"1\">\n<p class=\"has-text-align-right has-vivid-purple-color has-text-color\"><strong>Comunicaciones y centros de datos<\/strong><\/p>\n\n\n\n<p class=\"has-text-align-right\">An\u00e1lisis y dise\u00f1o de redes de datos en entornos LAN y WAN. Dise\u00f1o integral de la infraestructura de tecnolog\u00edas de la informaci\u00f3n de un centro de procesos de datos. Adopci\u00f3n de las tecnolog\u00edas SDDC.<\/p>\n<\/div><\/div>\n\n\n\n<div class=\"wp-block-buttons is-content-justification-center is-layout-flex wp-container-core-buttons-is-layout-1 wp-block-buttons-is-layout-flex\">\n<div class=\"wp-block-button\"><a class=\"wp-block-button__link has-vivid-purple-background-color has-background wp-element-button\" href=\"http:\/\/gtr-tech10.loc\/contacto\/\">Contacta con nosotros<\/a><\/div>\n<\/div>\n","protected":false},"excerpt":{"rendered":"","protected":false},"author":1,"featured_media":89,"parent":0,"menu_order":0,"comment_status":"closed","ping_status":"closed","template":"","meta":{"footnotes":""},"class_list":["post-76","page","type-page","status-publish","has-post-thumbnail","hentry"],"yoast_head":"<!-- This site is optimized with the Yoast SEO plugin v25.3.1 - https:\/\/yoast.com\/wordpress\/plugins\/seo\/ -->\n<title>Consultor\u00eda - GTR Tech<\/title>\n<meta name=\"robots\" content=\"index, follow, max-snippet:-1, max-image-preview:large, max-video-preview:-1\" \/>\n<link rel=\"canonical\" href=\"https:\/\/gtr-tech.com\/es\/consultoria\/\" \/>\n<meta property=\"og:locale\" content=\"es_ES\" \/>\n<meta property=\"og:type\" content=\"article\" \/>\n<meta property=\"og:title\" content=\"Consultor\u00eda - GTR Tech\" \/>\n<meta property=\"og:url\" content=\"https:\/\/gtr-tech.com\/es\/consultoria\/\" \/>\n<meta property=\"og:site_name\" content=\"GTR Tech\" \/>\n<meta property=\"article:publisher\" content=\"https:\/\/www.facebook.com\/GTRTechnol\" \/>\n<meta property=\"article:modified_time\" content=\"2023-08-03T17:43:37+00:00\" \/>\n<meta property=\"og:image\" content=\"https:\/\/gtr-tech.com\/wp-content\/uploads\/2023\/07\/SEC-Consulting.jpg\" \/>\n\t<meta property=\"og:image:width\" content=\"1920\" \/>\n\t<meta property=\"og:image:height\" content=\"1280\" \/>\n\t<meta property=\"og:image:type\" content=\"image\/jpeg\" \/>\n<meta name=\"twitter:card\" content=\"summary_large_image\" \/>\n<meta name=\"twitter:site\" content=\"@GTRTechnologies\" \/>\n<meta name=\"twitter:label1\" content=\"Tiempo de lectura\" \/>\n\t<meta name=\"twitter:data1\" content=\"3 minutos\" \/>\n<script type=\"application\/ld+json\" class=\"yoast-schema-graph\">{\"@context\":\"https:\/\/schema.org\",\"@graph\":[{\"@type\":\"WebPage\",\"@id\":\"https:\/\/gtr-tech.com\/consultoria\/\",\"url\":\"https:\/\/gtr-tech.com\/consultoria\/\",\"name\":\"Consultor\u00eda - GTR Tech\",\"isPartOf\":{\"@id\":\"https:\/\/gtr-tech.com\/es\/#website\"},\"primaryImageOfPage\":{\"@id\":\"https:\/\/gtr-tech.com\/consultoria\/#primaryimage\"},\"image\":{\"@id\":\"https:\/\/gtr-tech.com\/consultoria\/#primaryimage\"},\"thumbnailUrl\":\"https:\/\/gtr-tech.com\/wp-content\/uploads\/2023\/07\/SEC-Consulting.jpg\",\"datePublished\":\"2023-07-28T14:19:41+00:00\",\"dateModified\":\"2023-08-03T17:43:37+00:00\",\"breadcrumb\":{\"@id\":\"https:\/\/gtr-tech.com\/consultoria\/#breadcrumb\"},\"inLanguage\":\"es\",\"potentialAction\":[{\"@type\":\"ReadAction\",\"target\":[\"https:\/\/gtr-tech.com\/consultoria\/\"]}]},{\"@type\":\"ImageObject\",\"inLanguage\":\"es\",\"@id\":\"https:\/\/gtr-tech.com\/consultoria\/#primaryimage\",\"url\":\"https:\/\/gtr-tech.com\/wp-content\/uploads\/2023\/07\/SEC-Consulting.jpg\",\"contentUrl\":\"https:\/\/gtr-tech.com\/wp-content\/uploads\/2023\/07\/SEC-Consulting.jpg\",\"width\":1920,\"height\":1280,\"caption\":\"Consultor\u00eda\"},{\"@type\":\"BreadcrumbList\",\"@id\":\"https:\/\/gtr-tech.com\/consultoria\/#breadcrumb\",\"itemListElement\":[{\"@type\":\"ListItem\",\"position\":1,\"name\":\"Portada\",\"item\":\"https:\/\/gtr-tech.com\/\"},{\"@type\":\"ListItem\",\"position\":2,\"name\":\"Consultor\u00eda\"}]},{\"@type\":\"WebSite\",\"@id\":\"https:\/\/gtr-tech.com\/es\/#website\",\"url\":\"https:\/\/gtr-tech.com\/es\/\",\"name\":\"GTR Tech\",\"description\":\"IT Partner &amp; E-commerce solutions\",\"publisher\":{\"@id\":\"https:\/\/gtr-tech.com\/es\/#organization\"},\"potentialAction\":[{\"@type\":\"SearchAction\",\"target\":{\"@type\":\"EntryPoint\",\"urlTemplate\":\"https:\/\/gtr-tech.com\/es\/?s={search_term_string}\"},\"query-input\":{\"@type\":\"PropertyValueSpecification\",\"valueRequired\":true,\"valueName\":\"search_term_string\"}}],\"inLanguage\":\"es\"},{\"@type\":\"Organization\",\"@id\":\"https:\/\/gtr-tech.com\/es\/#organization\",\"name\":\"GTR Tech\",\"url\":\"https:\/\/gtr-tech.com\/es\/\",\"logo\":{\"@type\":\"ImageObject\",\"inLanguage\":\"es\",\"@id\":\"https:\/\/gtr-tech.com\/es\/#\/schema\/logo\/image\/\",\"url\":\"https:\/\/gtr-tech.com\/wp-content\/uploads\/2023\/07\/cropped-logoGTR.png\",\"contentUrl\":\"https:\/\/gtr-tech.com\/wp-content\/uploads\/2023\/07\/cropped-logoGTR.png\",\"width\":932,\"height\":250,\"caption\":\"GTR Tech\"},\"image\":{\"@id\":\"https:\/\/gtr-tech.com\/es\/#\/schema\/logo\/image\/\"},\"sameAs\":[\"https:\/\/www.facebook.com\/GTRTechnol\",\"https:\/\/x.com\/GTRTechnologies\"]}]}<\/script>\n<!-- \/ Yoast SEO plugin. -->","yoast_head_json":{"title":"Consultor\u00eda - GTR Tech","robots":{"index":"index","follow":"follow","max-snippet":"max-snippet:-1","max-image-preview":"max-image-preview:large","max-video-preview":"max-video-preview:-1"},"canonical":"https:\/\/gtr-tech.com\/es\/consultoria\/","og_locale":"es_ES","og_type":"article","og_title":"Consultor\u00eda - GTR Tech","og_url":"https:\/\/gtr-tech.com\/es\/consultoria\/","og_site_name":"GTR Tech","article_publisher":"https:\/\/www.facebook.com\/GTRTechnol","article_modified_time":"2023-08-03T17:43:37+00:00","og_image":[{"width":1920,"height":1280,"url":"https:\/\/gtr-tech.com\/wp-content\/uploads\/2023\/07\/SEC-Consulting.jpg","type":"image\/jpeg"}],"twitter_card":"summary_large_image","twitter_site":"@GTRTechnologies","twitter_misc":{"Tiempo de lectura":"3 minutos"},"schema":{"@context":"https:\/\/schema.org","@graph":[{"@type":"WebPage","@id":"https:\/\/gtr-tech.com\/consultoria\/","url":"https:\/\/gtr-tech.com\/consultoria\/","name":"Consultor\u00eda - GTR Tech","isPartOf":{"@id":"https:\/\/gtr-tech.com\/es\/#website"},"primaryImageOfPage":{"@id":"https:\/\/gtr-tech.com\/consultoria\/#primaryimage"},"image":{"@id":"https:\/\/gtr-tech.com\/consultoria\/#primaryimage"},"thumbnailUrl":"https:\/\/gtr-tech.com\/wp-content\/uploads\/2023\/07\/SEC-Consulting.jpg","datePublished":"2023-07-28T14:19:41+00:00","dateModified":"2023-08-03T17:43:37+00:00","breadcrumb":{"@id":"https:\/\/gtr-tech.com\/consultoria\/#breadcrumb"},"inLanguage":"es","potentialAction":[{"@type":"ReadAction","target":["https:\/\/gtr-tech.com\/consultoria\/"]}]},{"@type":"ImageObject","inLanguage":"es","@id":"https:\/\/gtr-tech.com\/consultoria\/#primaryimage","url":"https:\/\/gtr-tech.com\/wp-content\/uploads\/2023\/07\/SEC-Consulting.jpg","contentUrl":"https:\/\/gtr-tech.com\/wp-content\/uploads\/2023\/07\/SEC-Consulting.jpg","width":1920,"height":1280,"caption":"Consultor\u00eda"},{"@type":"BreadcrumbList","@id":"https:\/\/gtr-tech.com\/consultoria\/#breadcrumb","itemListElement":[{"@type":"ListItem","position":1,"name":"Portada","item":"https:\/\/gtr-tech.com\/"},{"@type":"ListItem","position":2,"name":"Consultor\u00eda"}]},{"@type":"WebSite","@id":"https:\/\/gtr-tech.com\/es\/#website","url":"https:\/\/gtr-tech.com\/es\/","name":"GTR Tech","description":"IT Partner &amp; E-commerce solutions","publisher":{"@id":"https:\/\/gtr-tech.com\/es\/#organization"},"potentialAction":[{"@type":"SearchAction","target":{"@type":"EntryPoint","urlTemplate":"https:\/\/gtr-tech.com\/es\/?s={search_term_string}"},"query-input":{"@type":"PropertyValueSpecification","valueRequired":true,"valueName":"search_term_string"}}],"inLanguage":"es"},{"@type":"Organization","@id":"https:\/\/gtr-tech.com\/es\/#organization","name":"GTR Tech","url":"https:\/\/gtr-tech.com\/es\/","logo":{"@type":"ImageObject","inLanguage":"es","@id":"https:\/\/gtr-tech.com\/es\/#\/schema\/logo\/image\/","url":"https:\/\/gtr-tech.com\/wp-content\/uploads\/2023\/07\/cropped-logoGTR.png","contentUrl":"https:\/\/gtr-tech.com\/wp-content\/uploads\/2023\/07\/cropped-logoGTR.png","width":932,"height":250,"caption":"GTR Tech"},"image":{"@id":"https:\/\/gtr-tech.com\/es\/#\/schema\/logo\/image\/"},"sameAs":["https:\/\/www.facebook.com\/GTRTechnol","https:\/\/x.com\/GTRTechnologies"]}]}},"_links":{"self":[{"href":"https:\/\/gtr-tech.com\/es\/wp-json\/wp\/v2\/pages\/76","targetHints":{"allow":["GET"]}}],"collection":[{"href":"https:\/\/gtr-tech.com\/es\/wp-json\/wp\/v2\/pages"}],"about":[{"href":"https:\/\/gtr-tech.com\/es\/wp-json\/wp\/v2\/types\/page"}],"author":[{"embeddable":true,"href":"https:\/\/gtr-tech.com\/es\/wp-json\/wp\/v2\/users\/1"}],"replies":[{"embeddable":true,"href":"https:\/\/gtr-tech.com\/es\/wp-json\/wp\/v2\/comments?post=76"}],"version-history":[{"count":7,"href":"https:\/\/gtr-tech.com\/es\/wp-json\/wp\/v2\/pages\/76\/revisions"}],"predecessor-version":[{"id":226,"href":"https:\/\/gtr-tech.com\/es\/wp-json\/wp\/v2\/pages\/76\/revisions\/226"}],"wp:featuredmedia":[{"embeddable":true,"href":"https:\/\/gtr-tech.com\/es\/wp-json\/wp\/v2\/media\/89"}],"wp:attachment":[{"href":"https:\/\/gtr-tech.com\/es\/wp-json\/wp\/v2\/media?parent=76"}],"curies":[{"name":"wp","href":"https:\/\/api.w.org\/{rel}","templated":true}]}}