{"id":69,"date":"2023-07-28T16:15:36","date_gmt":"2023-07-28T14:15:36","guid":{"rendered":"http:\/\/gtr-tech10.loc\/?page_id=69"},"modified":"2023-08-03T19:57:55","modified_gmt":"2023-08-03T17:57:55","slug":"inicio-s2","status":"publish","type":"page","link":"https:\/\/gtr-tech.com\/es\/inicio-s2\/","title":{"rendered":"INICIO &#8211; S2"},"content":{"rendered":"\n<h2 class=\"wp-block-heading has-text-align-center\"><strong>SISTEMAS<\/strong><\/h2>\n\n\n\n<figure class=\"wp-block-image size-large\"><img loading=\"lazy\" decoding=\"async\" width=\"1024\" height=\"683\" src=\"http:\/\/gtr-tech10.loc\/wp-content\/uploads\/2023\/07\/INI-2-1024x683.jpg\" alt=\"Sistemas\" class=\"wp-image-102\" srcset=\"https:\/\/gtr-tech.com\/wp-content\/uploads\/2023\/07\/INI-2-1024x683.jpg 1024w, https:\/\/gtr-tech.com\/wp-content\/uploads\/2023\/07\/INI-2-300x200.jpg 300w, https:\/\/gtr-tech.com\/wp-content\/uploads\/2023\/07\/INI-2-768x512.jpg 768w, https:\/\/gtr-tech.com\/wp-content\/uploads\/2023\/07\/INI-2-1536x1024.jpg 1536w, https:\/\/gtr-tech.com\/wp-content\/uploads\/2023\/07\/INI-2-18x12.jpg 18w, https:\/\/gtr-tech.com\/wp-content\/uploads\/2023\/07\/INI-2.jpg 1920w\" sizes=\"auto, (max-width: 767px) 89vw, (max-width: 1000px) 54vw, (max-width: 1071px) 543px, 580px\" \/><\/figure>\n\n\n\n<p class=\"has-text-align-center\">Ponemos a tu disposici\u00f3n un equipo experto en las tecnolog\u00edas tanto de estaci\u00f3n de trabajo como de servidor. Cuenta con nosotros para todo el proceso de nueva adquisici\u00f3n o renovaci\u00f3n de tu parque inform\u00e1tico: desde el estudio de qu\u00e9 tecnolog\u00edas se ajustan a tus necesidades hasta la instalaci\u00f3n y puesta en marcha final.<\/p>\n\n\n\n<div class=\"wp-block-buttons is-content-justification-center is-layout-flex wp-container-core-buttons-is-layout-1 wp-block-buttons-is-layout-flex\">\n<div class=\"wp-block-button\"><a class=\"wp-block-button__link has-vivid-purple-background-color has-background wp-element-button\" href=\"http:\/\/gtr-tech10.loc\/sistemas\/\"><strong>M\u00e1s informaci\u00f3n<\/strong><\/a><\/div>\n<\/div>\n","protected":false},"excerpt":{"rendered":"<p>SISTEMAS Ponemos a tu disposici\u00f3n un equipo experto en las tecnolog\u00edas tanto de estaci\u00f3n de trabajo como de servidor. Cuenta con nosotros para todo el proceso de nueva adquisici\u00f3n o renovaci\u00f3n de tu parque inform\u00e1tico: desde el estudio de qu\u00e9 tecnolog\u00edas se ajustan a tus necesidades hasta la instalaci\u00f3n y puesta en marcha final.<\/p>\n","protected":false},"author":1,"featured_media":0,"parent":0,"menu_order":0,"comment_status":"closed","ping_status":"closed","template":"","meta":{"footnotes":""},"class_list":["post-69","page","type-page","status-publish","hentry"],"yoast_head":"<!-- This site is optimized with the Yoast SEO plugin v25.3.1 - https:\/\/yoast.com\/wordpress\/plugins\/seo\/ -->\n<title>INICIO - S2 - GTR Tech<\/title>\n<meta name=\"robots\" content=\"index, follow, max-snippet:-1, max-image-preview:large, max-video-preview:-1\" \/>\n<link rel=\"canonical\" href=\"https:\/\/gtr-tech.com\/es\/inicio-s2\/\" \/>\n<meta property=\"og:locale\" content=\"es_ES\" \/>\n<meta property=\"og:type\" content=\"article\" \/>\n<meta property=\"og:title\" content=\"INICIO - S2 - GTR Tech\" \/>\n<meta property=\"og:description\" content=\"SISTEMAS Ponemos a tu disposici\u00f3n un equipo experto en las tecnolog\u00edas tanto de estaci\u00f3n de trabajo como de servidor. Cuenta con nosotros para todo el proceso de nueva adquisici\u00f3n o renovaci\u00f3n de tu parque inform\u00e1tico: desde el estudio de qu\u00e9 tecnolog\u00edas se ajustan a tus necesidades hasta la instalaci\u00f3n y puesta en marcha final.\" \/>\n<meta property=\"og:url\" content=\"https:\/\/gtr-tech.com\/es\/inicio-s2\/\" \/>\n<meta property=\"og:site_name\" content=\"GTR Tech\" \/>\n<meta property=\"article:publisher\" content=\"https:\/\/www.facebook.com\/GTRTechnol\" \/>\n<meta property=\"article:modified_time\" content=\"2023-08-03T17:57:55+00:00\" \/>\n<meta property=\"og:image\" content=\"http:\/\/gtr-tech10.loc\/wp-content\/uploads\/2023\/07\/INI-2-1024x683.jpg\" \/>\n<meta name=\"twitter:card\" content=\"summary_large_image\" \/>\n<meta name=\"twitter:site\" content=\"@GTRTechnologies\" \/>\n<meta name=\"twitter:label1\" content=\"Tiempo de lectura\" \/>\n\t<meta name=\"twitter:data1\" content=\"1 minuto\" \/>\n<script type=\"application\/ld+json\" class=\"yoast-schema-graph\">{\"@context\":\"https:\/\/schema.org\",\"@graph\":[{\"@type\":\"WebPage\",\"@id\":\"https:\/\/gtr-tech.com\/inicio-s2\/\",\"url\":\"https:\/\/gtr-tech.com\/inicio-s2\/\",\"name\":\"INICIO - S2 - GTR Tech\",\"isPartOf\":{\"@id\":\"https:\/\/gtr-tech.com\/es\/#website\"},\"primaryImageOfPage\":{\"@id\":\"https:\/\/gtr-tech.com\/inicio-s2\/#primaryimage\"},\"image\":{\"@id\":\"https:\/\/gtr-tech.com\/inicio-s2\/#primaryimage\"},\"thumbnailUrl\":\"http:\/\/gtr-tech10.loc\/wp-content\/uploads\/2023\/07\/INI-2-1024x683.jpg\",\"datePublished\":\"2023-07-28T14:15:36+00:00\",\"dateModified\":\"2023-08-03T17:57:55+00:00\",\"breadcrumb\":{\"@id\":\"https:\/\/gtr-tech.com\/inicio-s2\/#breadcrumb\"},\"inLanguage\":\"es\",\"potentialAction\":[{\"@type\":\"ReadAction\",\"target\":[\"https:\/\/gtr-tech.com\/inicio-s2\/\"]}]},{\"@type\":\"ImageObject\",\"inLanguage\":\"es\",\"@id\":\"https:\/\/gtr-tech.com\/inicio-s2\/#primaryimage\",\"url\":\"http:\/\/gtr-tech10.loc\/wp-content\/uploads\/2023\/07\/INI-2-1024x683.jpg\",\"contentUrl\":\"http:\/\/gtr-tech10.loc\/wp-content\/uploads\/2023\/07\/INI-2-1024x683.jpg\"},{\"@type\":\"BreadcrumbList\",\"@id\":\"https:\/\/gtr-tech.com\/inicio-s2\/#breadcrumb\",\"itemListElement\":[{\"@type\":\"ListItem\",\"position\":1,\"name\":\"Portada\",\"item\":\"https:\/\/gtr-tech.com\/\"},{\"@type\":\"ListItem\",\"position\":2,\"name\":\"INICIO &#8211; S2\"}]},{\"@type\":\"WebSite\",\"@id\":\"https:\/\/gtr-tech.com\/es\/#website\",\"url\":\"https:\/\/gtr-tech.com\/es\/\",\"name\":\"GTR Tech\",\"description\":\"IT Partner &amp; E-commerce solutions\",\"publisher\":{\"@id\":\"https:\/\/gtr-tech.com\/es\/#organization\"},\"potentialAction\":[{\"@type\":\"SearchAction\",\"target\":{\"@type\":\"EntryPoint\",\"urlTemplate\":\"https:\/\/gtr-tech.com\/es\/?s={search_term_string}\"},\"query-input\":{\"@type\":\"PropertyValueSpecification\",\"valueRequired\":true,\"valueName\":\"search_term_string\"}}],\"inLanguage\":\"es\"},{\"@type\":\"Organization\",\"@id\":\"https:\/\/gtr-tech.com\/es\/#organization\",\"name\":\"GTR Tech\",\"url\":\"https:\/\/gtr-tech.com\/es\/\",\"logo\":{\"@type\":\"ImageObject\",\"inLanguage\":\"es\",\"@id\":\"https:\/\/gtr-tech.com\/es\/#\/schema\/logo\/image\/\",\"url\":\"https:\/\/gtr-tech.com\/wp-content\/uploads\/2023\/07\/cropped-logoGTR.png\",\"contentUrl\":\"https:\/\/gtr-tech.com\/wp-content\/uploads\/2023\/07\/cropped-logoGTR.png\",\"width\":932,\"height\":250,\"caption\":\"GTR Tech\"},\"image\":{\"@id\":\"https:\/\/gtr-tech.com\/es\/#\/schema\/logo\/image\/\"},\"sameAs\":[\"https:\/\/www.facebook.com\/GTRTechnol\",\"https:\/\/x.com\/GTRTechnologies\"]}]}<\/script>\n<!-- \/ Yoast SEO plugin. -->","yoast_head_json":{"title":"INICIO - S2 - GTR Tech","robots":{"index":"index","follow":"follow","max-snippet":"max-snippet:-1","max-image-preview":"max-image-preview:large","max-video-preview":"max-video-preview:-1"},"canonical":"https:\/\/gtr-tech.com\/es\/inicio-s2\/","og_locale":"es_ES","og_type":"article","og_title":"INICIO - S2 - GTR Tech","og_description":"SISTEMAS Ponemos a tu disposici\u00f3n un equipo experto en las tecnolog\u00edas tanto de estaci\u00f3n de trabajo como de servidor. Cuenta con nosotros para todo el proceso de nueva adquisici\u00f3n o renovaci\u00f3n de tu parque inform\u00e1tico: desde el estudio de qu\u00e9 tecnolog\u00edas se ajustan a tus necesidades hasta la instalaci\u00f3n y puesta en marcha final.","og_url":"https:\/\/gtr-tech.com\/es\/inicio-s2\/","og_site_name":"GTR Tech","article_publisher":"https:\/\/www.facebook.com\/GTRTechnol","article_modified_time":"2023-08-03T17:57:55+00:00","og_image":[{"url":"http:\/\/gtr-tech10.loc\/wp-content\/uploads\/2023\/07\/INI-2-1024x683.jpg","type":"","width":"","height":""}],"twitter_card":"summary_large_image","twitter_site":"@GTRTechnologies","twitter_misc":{"Tiempo de lectura":"1 minuto"},"schema":{"@context":"https:\/\/schema.org","@graph":[{"@type":"WebPage","@id":"https:\/\/gtr-tech.com\/inicio-s2\/","url":"https:\/\/gtr-tech.com\/inicio-s2\/","name":"INICIO - S2 - GTR Tech","isPartOf":{"@id":"https:\/\/gtr-tech.com\/es\/#website"},"primaryImageOfPage":{"@id":"https:\/\/gtr-tech.com\/inicio-s2\/#primaryimage"},"image":{"@id":"https:\/\/gtr-tech.com\/inicio-s2\/#primaryimage"},"thumbnailUrl":"http:\/\/gtr-tech10.loc\/wp-content\/uploads\/2023\/07\/INI-2-1024x683.jpg","datePublished":"2023-07-28T14:15:36+00:00","dateModified":"2023-08-03T17:57:55+00:00","breadcrumb":{"@id":"https:\/\/gtr-tech.com\/inicio-s2\/#breadcrumb"},"inLanguage":"es","potentialAction":[{"@type":"ReadAction","target":["https:\/\/gtr-tech.com\/inicio-s2\/"]}]},{"@type":"ImageObject","inLanguage":"es","@id":"https:\/\/gtr-tech.com\/inicio-s2\/#primaryimage","url":"http:\/\/gtr-tech10.loc\/wp-content\/uploads\/2023\/07\/INI-2-1024x683.jpg","contentUrl":"http:\/\/gtr-tech10.loc\/wp-content\/uploads\/2023\/07\/INI-2-1024x683.jpg"},{"@type":"BreadcrumbList","@id":"https:\/\/gtr-tech.com\/inicio-s2\/#breadcrumb","itemListElement":[{"@type":"ListItem","position":1,"name":"Portada","item":"https:\/\/gtr-tech.com\/"},{"@type":"ListItem","position":2,"name":"INICIO &#8211; S2"}]},{"@type":"WebSite","@id":"https:\/\/gtr-tech.com\/es\/#website","url":"https:\/\/gtr-tech.com\/es\/","name":"GTR Tech","description":"IT Partner &amp; E-commerce solutions","publisher":{"@id":"https:\/\/gtr-tech.com\/es\/#organization"},"potentialAction":[{"@type":"SearchAction","target":{"@type":"EntryPoint","urlTemplate":"https:\/\/gtr-tech.com\/es\/?s={search_term_string}"},"query-input":{"@type":"PropertyValueSpecification","valueRequired":true,"valueName":"search_term_string"}}],"inLanguage":"es"},{"@type":"Organization","@id":"https:\/\/gtr-tech.com\/es\/#organization","name":"GTR Tech","url":"https:\/\/gtr-tech.com\/es\/","logo":{"@type":"ImageObject","inLanguage":"es","@id":"https:\/\/gtr-tech.com\/es\/#\/schema\/logo\/image\/","url":"https:\/\/gtr-tech.com\/wp-content\/uploads\/2023\/07\/cropped-logoGTR.png","contentUrl":"https:\/\/gtr-tech.com\/wp-content\/uploads\/2023\/07\/cropped-logoGTR.png","width":932,"height":250,"caption":"GTR Tech"},"image":{"@id":"https:\/\/gtr-tech.com\/es\/#\/schema\/logo\/image\/"},"sameAs":["https:\/\/www.facebook.com\/GTRTechnol","https:\/\/x.com\/GTRTechnologies"]}]}},"_links":{"self":[{"href":"https:\/\/gtr-tech.com\/es\/wp-json\/wp\/v2\/pages\/69","targetHints":{"allow":["GET"]}}],"collection":[{"href":"https:\/\/gtr-tech.com\/es\/wp-json\/wp\/v2\/pages"}],"about":[{"href":"https:\/\/gtr-tech.com\/es\/wp-json\/wp\/v2\/types\/page"}],"author":[{"embeddable":true,"href":"https:\/\/gtr-tech.com\/es\/wp-json\/wp\/v2\/users\/1"}],"replies":[{"embeddable":true,"href":"https:\/\/gtr-tech.com\/es\/wp-json\/wp\/v2\/comments?post=69"}],"version-history":[{"count":11,"href":"https:\/\/gtr-tech.com\/es\/wp-json\/wp\/v2\/pages\/69\/revisions"}],"predecessor-version":[{"id":232,"href":"https:\/\/gtr-tech.com\/es\/wp-json\/wp\/v2\/pages\/69\/revisions\/232"}],"wp:attachment":[{"href":"https:\/\/gtr-tech.com\/es\/wp-json\/wp\/v2\/media?parent=69"}],"curies":[{"name":"wp","href":"https:\/\/api.w.org\/{rel}","templated":true}]}}