{"id":39,"date":"2023-07-28T14:08:32","date_gmt":"2023-07-28T12:08:32","guid":{"rendered":"http:\/\/gtr-tech10.loc\/?page_id=39"},"modified":"2023-11-02T14:15:43","modified_gmt":"2023-11-02T13:15:43","slug":"desarrollo","status":"publish","type":"page","link":"https:\/\/gtr-tech.com\/es\/desarrollo\/","title":{"rendered":"Desarrollo"},"content":{"rendered":"\n<div class=\"wp-block-eds-animate-it-block eds-animate-block-save\"><div class=\"eds-animate animated edsanimate-sis-hidden  \" data-eds-entry-animation=\"fadeIn\" data-eds-entry-delay=\"0.5\" data-eds-entry-duration=\"1.5\" data-eds-entry-timing=\"ease-in\" data-eds-exit-animation=\"\" data-eds-exit-delay=\"0\" data-eds-exit-duration=\"0.5\" data-eds-exit-timing=\"linear\" data-eds-repeat-count=\"1\" data-eds-keep=\"yes\" data-eds-animate-on=\"scroll\" data-eds-scroll-offset=\"1\">\n<p>El backend es la parte fundamental de tu web o aplicaci\u00f3n m\u00f3vil. Para crear experiencias de usuario incre\u00edbles en el frontend, tu backend debe ser capaz de integrar tecnolog\u00eda innovadora y manejar los datos de tus usuarios de forma segura.<\/p>\n\n\n\n<p>Nuestro equipo de desarrolladores expertos en backend est\u00e1 preparado para guiarte en cada decisi\u00f3n y desarrollar la soluci\u00f3n perfecta para tu proyecto.  Estamos orientados a la consecuci\u00f3n de objetivos y nos centramos en encontrar oportunidades en el desarrollo de software para satisfacer tus requisitos.<\/p>\n\n\n\n<p>Entregamos los proyectos a tiempo y creamos productos innovadores, en l\u00ednea con tus prioridades clave.<\/p>\n<\/div><\/div>\n\n\n\n<div style=\"height:30px\" aria-hidden=\"true\" class=\"wp-block-spacer\"><\/div>\n\n\n\n<figure class=\"wp-block-image size-large\"><img loading=\"lazy\" decoding=\"async\" width=\"1024\" height=\"518\" src=\"http:\/\/gtr-tech10.loc\/wp-content\/uploads\/2023\/07\/DEV-01-1024x518.png\" alt=\"Nube de palabras\" class=\"wp-image-150\" srcset=\"https:\/\/gtr-tech.com\/wp-content\/uploads\/2023\/07\/DEV-01-1024x518.png 1024w, https:\/\/gtr-tech.com\/wp-content\/uploads\/2023\/07\/DEV-01-300x152.png 300w, https:\/\/gtr-tech.com\/wp-content\/uploads\/2023\/07\/DEV-01-768x389.png 768w, https:\/\/gtr-tech.com\/wp-content\/uploads\/2023\/07\/DEV-01-1536x777.png 1536w, https:\/\/gtr-tech.com\/wp-content\/uploads\/2023\/07\/DEV-01-2048x1036.png 2048w, https:\/\/gtr-tech.com\/wp-content\/uploads\/2023\/07\/DEV-01-18x9.png 18w\" sizes=\"auto, (max-width: 767px) 89vw, (max-width: 1000px) 54vw, (max-width: 1071px) 543px, 580px\" \/><\/figure>\n\n\n\n<div style=\"height:30px\" aria-hidden=\"true\" class=\"wp-block-spacer\"><\/div>\n\n\n\n<div class=\"wp-block-eds-animate-it-block eds-animate-block-save\"><div class=\"eds-animate animated edsanimate-sis-hidden  \" data-eds-entry-animation=\"fadeInLeft\" data-eds-entry-delay=\"0\" data-eds-entry-duration=\"1\" data-eds-entry-timing=\"linear\" data-eds-exit-animation=\"\" data-eds-exit-delay=\"0\" data-eds-exit-duration=\"0.5\" data-eds-exit-timing=\"linear\" data-eds-repeat-count=\"1\" data-eds-keep=\"yes\" data-eds-animate-on=\"scroll\" data-eds-scroll-offset=\"1\">\n<p class=\"has-vivid-purple-color has-text-color\"><strong>Desarrollo del backend de espacios web<\/strong><\/p>\n\n\n\n<p>Garantiza el rendimiento de un sitio web a la velocidad del rayo, tiempos de carga r\u00e1pidos y excelentes experiencias de usuario. Nuestros expertos desarrolladores crean backends seguros para aplicaciones empresariales, portales web e infraestructuras IoT.<\/p>\n<\/div><\/div>\n\n\n\n<div style=\"height:30px\" aria-hidden=\"true\" class=\"wp-block-spacer\"><\/div>\n\n\n\n<div class=\"wp-block-eds-animate-it-block eds-animate-block-save\"><div class=\"eds-animate animated edsanimate-sis-hidden  \" data-eds-entry-animation=\"fadeInRight\" data-eds-entry-delay=\"0\" data-eds-entry-duration=\"1\" data-eds-entry-timing=\"linear\" data-eds-exit-animation=\"\" data-eds-exit-delay=\"0\" data-eds-exit-duration=\"0.5\" data-eds-exit-timing=\"linear\" data-eds-repeat-count=\"1\" data-eds-keep=\"yes\" data-eds-animate-on=\"scroll\" data-eds-scroll-offset=\"1\">\n<p class=\"has-text-align-right has-vivid-purple-color has-text-color\"><strong>Desarrollo del backend de aplicaciones m\u00f3viles<\/strong><\/p>\n\n\n\n<p class=\"has-text-align-right\">Creamos soluciones m\u00f3viles de primera categor\u00eda con funcionalidad de vanguardia. Te ayudamos a crear una arquitectura segura y escalable, a desplegarla en m\u00faltiples dispositivos y plataformas y a optimizarla continuamente para mejorar la experiencia y satisfacci\u00f3n del usuario.<\/p>\n<\/div><\/div>\n\n\n\n<div style=\"height:30px\" aria-hidden=\"true\" class=\"wp-block-spacer\"><\/div>\n\n\n\n<div class=\"wp-block-eds-animate-it-block eds-animate-block-save\"><div class=\"eds-animate animated edsanimate-sis-hidden  \" data-eds-entry-animation=\"fadeInLeft\" data-eds-entry-delay=\"0\" data-eds-entry-duration=\"1\" data-eds-entry-timing=\"linear\" data-eds-exit-animation=\"\" data-eds-exit-delay=\"0\" data-eds-exit-duration=\"0.5\" data-eds-exit-timing=\"linear\" data-eds-repeat-count=\"1\" data-eds-keep=\"yes\" data-eds-animate-on=\"scroll\" data-eds-scroll-offset=\"1\">\n<p class=\"has-vivid-purple-color has-text-color\"><strong>Desarrollo e integraci\u00f3n de APIs<\/strong><\/p>\n\n\n\n<p>Lleva tu software m\u00e1s lejos y obt\u00e9n m\u00e1s valor para tus clientes, consumidores y empleados. Conectamos los servicios de terceros existentes con tu aplicaci\u00f3n y creamos una API personalizada para que otras empresas puedan conectarse a tu software.<\/p>\n<\/div><\/div>\n\n\n\n<div style=\"height:30px\" aria-hidden=\"true\" class=\"wp-block-spacer\"><\/div>\n\n\n\n<div class=\"wp-block-eds-animate-it-block eds-animate-block-save\"><div class=\"eds-animate animated edsanimate-sis-hidden  \" data-eds-entry-animation=\"fadeInRight\" data-eds-entry-delay=\"0\" data-eds-entry-duration=\"1\" data-eds-entry-timing=\"linear\" data-eds-exit-animation=\"\" data-eds-exit-delay=\"0\" data-eds-exit-duration=\"0.5\" data-eds-exit-timing=\"linear\" data-eds-repeat-count=\"1\" data-eds-keep=\"yes\" data-eds-animate-on=\"scroll\" data-eds-scroll-offset=\"1\">\n<p class=\"has-text-align-right has-vivid-purple-color has-text-color\"><strong>Soluciones de backend en la nube<\/strong><\/p>\n\n\n\n<p class=\"has-text-align-right\">Con ingenieros de software en todas las tecnolog\u00edas l\u00edderes en la nube, te ayudamos a migrar, optimizar y escalar tu infraestructura en la nube, proporcionando servicios de backend que te permitan desbloquear la siguiente etapa de crecimiento de tu negocio.<\/p>\n<\/div><\/div>\n\n\n\n<div style=\"height:30px\" aria-hidden=\"true\" class=\"wp-block-spacer\"><\/div>\n\n\n\n<div class=\"wp-block-eds-animate-it-block eds-animate-block-save\"><div class=\"eds-animate animated edsanimate-sis-hidden  \" data-eds-entry-animation=\"fadeInLeft\" data-eds-entry-delay=\"0\" data-eds-entry-duration=\"1\" data-eds-entry-timing=\"linear\" data-eds-exit-animation=\"\" data-eds-exit-delay=\"0\" data-eds-exit-duration=\"0.5\" data-eds-exit-timing=\"linear\" data-eds-repeat-count=\"1\" data-eds-keep=\"yes\" data-eds-animate-on=\"scroll\" data-eds-scroll-offset=\"1\">\n<p class=\"has-vivid-purple-color has-text-color\"><strong>Desarrollo de backend personalizado<\/strong><\/p>\n\n\n\n<p>Tanto si necesitas migrar una aplicaci\u00f3n existente, como si quieres a\u00f1adir nuevas funciones o necesitas que tus datos est\u00e1n m\u00e1s seguros, estamos deseando empezar a crear productos escalables y de calidad para tu empresa, aprovechando nuestra amplia experiencia.<\/p>\n<\/div><\/div>\n\n\n\n<div style=\"height:30px\" aria-hidden=\"true\" class=\"wp-block-spacer\"><\/div>\n\n\n\n<div class=\"wp-block-eds-animate-it-block eds-animate-block-save\"><div class=\"eds-animate animated edsanimate-sis-hidden  \" data-eds-entry-animation=\"fadeInRight\" data-eds-entry-delay=\"0\" data-eds-entry-duration=\"1\" data-eds-entry-timing=\"linear\" data-eds-exit-animation=\"\" data-eds-exit-delay=\"0\" data-eds-exit-duration=\"0.5\" data-eds-exit-timing=\"linear\" data-eds-repeat-count=\"1\" data-eds-keep=\"yes\" data-eds-animate-on=\"scroll\" data-eds-scroll-offset=\"1\">\n<p class=\"has-text-align-right has-vivid-purple-color has-text-color\"><strong>Refactorizaci\u00f3n del backend<\/strong><\/p>\n\n\n\n<p class=\"has-text-align-right\">Si tu aplicaci\u00f3n no est\u00e1 rindiendo a niveles \u00f3ptimos debido a un c\u00f3digo torpe, podemos ofrecer una refactorizaci\u00f3n mejorada, reestructurando tu c\u00f3digo para preservar su funcionalidad original, a la vez que integramos ahorro de costes t\u00e9cnicos, una mayor estabilidad y optimizaciones de velocidad.<\/p>\n<\/div><\/div>\n\n\n\n<div class=\"wp-block-buttons is-content-justification-center is-layout-flex wp-container-core-buttons-is-layout-1 wp-block-buttons-is-layout-flex\">\n<div class=\"wp-block-button\"><a class=\"wp-block-button__link has-vivid-purple-background-color has-background wp-element-button\" href=\"https:\/\/gtr-tech.com\/es\/contacto\/\">Contacta con nosotros<\/a><\/div>\n<\/div>\n","protected":false},"excerpt":{"rendered":"","protected":false},"author":1,"featured_media":88,"parent":0,"menu_order":0,"comment_status":"closed","ping_status":"closed","template":"","meta":{"footnotes":""},"class_list":["post-39","page","type-page","status-publish","has-post-thumbnail","hentry"],"yoast_head":"<!-- This site is optimized with the Yoast SEO plugin v25.3.1 - https:\/\/yoast.com\/wordpress\/plugins\/seo\/ -->\n<title>Desarrollo - GTR Tech<\/title>\n<meta name=\"robots\" content=\"index, follow, max-snippet:-1, max-image-preview:large, max-video-preview:-1\" \/>\n<link rel=\"canonical\" href=\"https:\/\/gtr-tech.com\/es\/desarrollo\/\" \/>\n<meta property=\"og:locale\" content=\"es_ES\" \/>\n<meta property=\"og:type\" content=\"article\" \/>\n<meta property=\"og:title\" content=\"Desarrollo - GTR Tech\" \/>\n<meta property=\"og:url\" content=\"https:\/\/gtr-tech.com\/es\/desarrollo\/\" \/>\n<meta property=\"og:site_name\" content=\"GTR Tech\" \/>\n<meta property=\"article:publisher\" content=\"https:\/\/www.facebook.com\/GTRTechnol\" \/>\n<meta property=\"article:modified_time\" content=\"2023-11-02T13:15:43+00:00\" \/>\n<meta property=\"og:image\" content=\"https:\/\/gtr-tech.com\/wp-content\/uploads\/2023\/07\/SEC-Desarrollo.jpg\" \/>\n\t<meta property=\"og:image:width\" content=\"1920\" \/>\n\t<meta property=\"og:image:height\" content=\"1282\" \/>\n\t<meta property=\"og:image:type\" content=\"image\/jpeg\" \/>\n<meta name=\"twitter:card\" content=\"summary_large_image\" \/>\n<meta name=\"twitter:site\" content=\"@GTRTechnologies\" \/>\n<meta name=\"twitter:label1\" content=\"Tiempo de lectura\" \/>\n\t<meta name=\"twitter:data1\" content=\"2 minutos\" \/>\n<script type=\"application\/ld+json\" class=\"yoast-schema-graph\">{\"@context\":\"https:\/\/schema.org\",\"@graph\":[{\"@type\":\"WebPage\",\"@id\":\"https:\/\/gtr-tech.com\/desarrollo\/\",\"url\":\"https:\/\/gtr-tech.com\/desarrollo\/\",\"name\":\"Desarrollo - GTR Tech\",\"isPartOf\":{\"@id\":\"https:\/\/gtr-tech.com\/es\/#website\"},\"primaryImageOfPage\":{\"@id\":\"https:\/\/gtr-tech.com\/desarrollo\/#primaryimage\"},\"image\":{\"@id\":\"https:\/\/gtr-tech.com\/desarrollo\/#primaryimage\"},\"thumbnailUrl\":\"https:\/\/gtr-tech.com\/wp-content\/uploads\/2023\/07\/SEC-Desarrollo.jpg\",\"datePublished\":\"2023-07-28T12:08:32+00:00\",\"dateModified\":\"2023-11-02T13:15:43+00:00\",\"breadcrumb\":{\"@id\":\"https:\/\/gtr-tech.com\/desarrollo\/#breadcrumb\"},\"inLanguage\":\"es\",\"potentialAction\":[{\"@type\":\"ReadAction\",\"target\":[\"https:\/\/gtr-tech.com\/desarrollo\/\"]}]},{\"@type\":\"ImageObject\",\"inLanguage\":\"es\",\"@id\":\"https:\/\/gtr-tech.com\/desarrollo\/#primaryimage\",\"url\":\"https:\/\/gtr-tech.com\/wp-content\/uploads\/2023\/07\/SEC-Desarrollo.jpg\",\"contentUrl\":\"https:\/\/gtr-tech.com\/wp-content\/uploads\/2023\/07\/SEC-Desarrollo.jpg\",\"width\":1920,\"height\":1282,\"caption\":\"Desarrollo\"},{\"@type\":\"BreadcrumbList\",\"@id\":\"https:\/\/gtr-tech.com\/desarrollo\/#breadcrumb\",\"itemListElement\":[{\"@type\":\"ListItem\",\"position\":1,\"name\":\"Portada\",\"item\":\"https:\/\/gtr-tech.com\/\"},{\"@type\":\"ListItem\",\"position\":2,\"name\":\"Desarrollo\"}]},{\"@type\":\"WebSite\",\"@id\":\"https:\/\/gtr-tech.com\/es\/#website\",\"url\":\"https:\/\/gtr-tech.com\/es\/\",\"name\":\"GTR Tech\",\"description\":\"IT Partner &amp; E-commerce solutions\",\"publisher\":{\"@id\":\"https:\/\/gtr-tech.com\/es\/#organization\"},\"potentialAction\":[{\"@type\":\"SearchAction\",\"target\":{\"@type\":\"EntryPoint\",\"urlTemplate\":\"https:\/\/gtr-tech.com\/es\/?s={search_term_string}\"},\"query-input\":{\"@type\":\"PropertyValueSpecification\",\"valueRequired\":true,\"valueName\":\"search_term_string\"}}],\"inLanguage\":\"es\"},{\"@type\":\"Organization\",\"@id\":\"https:\/\/gtr-tech.com\/es\/#organization\",\"name\":\"GTR Tech\",\"url\":\"https:\/\/gtr-tech.com\/es\/\",\"logo\":{\"@type\":\"ImageObject\",\"inLanguage\":\"es\",\"@id\":\"https:\/\/gtr-tech.com\/es\/#\/schema\/logo\/image\/\",\"url\":\"https:\/\/gtr-tech.com\/wp-content\/uploads\/2023\/07\/cropped-logoGTR.png\",\"contentUrl\":\"https:\/\/gtr-tech.com\/wp-content\/uploads\/2023\/07\/cropped-logoGTR.png\",\"width\":932,\"height\":250,\"caption\":\"GTR Tech\"},\"image\":{\"@id\":\"https:\/\/gtr-tech.com\/es\/#\/schema\/logo\/image\/\"},\"sameAs\":[\"https:\/\/www.facebook.com\/GTRTechnol\",\"https:\/\/x.com\/GTRTechnologies\"]}]}<\/script>\n<!-- \/ Yoast SEO plugin. -->","yoast_head_json":{"title":"Desarrollo - GTR Tech","robots":{"index":"index","follow":"follow","max-snippet":"max-snippet:-1","max-image-preview":"max-image-preview:large","max-video-preview":"max-video-preview:-1"},"canonical":"https:\/\/gtr-tech.com\/es\/desarrollo\/","og_locale":"es_ES","og_type":"article","og_title":"Desarrollo - GTR Tech","og_url":"https:\/\/gtr-tech.com\/es\/desarrollo\/","og_site_name":"GTR Tech","article_publisher":"https:\/\/www.facebook.com\/GTRTechnol","article_modified_time":"2023-11-02T13:15:43+00:00","og_image":[{"width":1920,"height":1282,"url":"https:\/\/gtr-tech.com\/wp-content\/uploads\/2023\/07\/SEC-Desarrollo.jpg","type":"image\/jpeg"}],"twitter_card":"summary_large_image","twitter_site":"@GTRTechnologies","twitter_misc":{"Tiempo de lectura":"2 minutos"},"schema":{"@context":"https:\/\/schema.org","@graph":[{"@type":"WebPage","@id":"https:\/\/gtr-tech.com\/desarrollo\/","url":"https:\/\/gtr-tech.com\/desarrollo\/","name":"Desarrollo - GTR Tech","isPartOf":{"@id":"https:\/\/gtr-tech.com\/es\/#website"},"primaryImageOfPage":{"@id":"https:\/\/gtr-tech.com\/desarrollo\/#primaryimage"},"image":{"@id":"https:\/\/gtr-tech.com\/desarrollo\/#primaryimage"},"thumbnailUrl":"https:\/\/gtr-tech.com\/wp-content\/uploads\/2023\/07\/SEC-Desarrollo.jpg","datePublished":"2023-07-28T12:08:32+00:00","dateModified":"2023-11-02T13:15:43+00:00","breadcrumb":{"@id":"https:\/\/gtr-tech.com\/desarrollo\/#breadcrumb"},"inLanguage":"es","potentialAction":[{"@type":"ReadAction","target":["https:\/\/gtr-tech.com\/desarrollo\/"]}]},{"@type":"ImageObject","inLanguage":"es","@id":"https:\/\/gtr-tech.com\/desarrollo\/#primaryimage","url":"https:\/\/gtr-tech.com\/wp-content\/uploads\/2023\/07\/SEC-Desarrollo.jpg","contentUrl":"https:\/\/gtr-tech.com\/wp-content\/uploads\/2023\/07\/SEC-Desarrollo.jpg","width":1920,"height":1282,"caption":"Desarrollo"},{"@type":"BreadcrumbList","@id":"https:\/\/gtr-tech.com\/desarrollo\/#breadcrumb","itemListElement":[{"@type":"ListItem","position":1,"name":"Portada","item":"https:\/\/gtr-tech.com\/"},{"@type":"ListItem","position":2,"name":"Desarrollo"}]},{"@type":"WebSite","@id":"https:\/\/gtr-tech.com\/es\/#website","url":"https:\/\/gtr-tech.com\/es\/","name":"GTR Tech","description":"IT Partner &amp; E-commerce solutions","publisher":{"@id":"https:\/\/gtr-tech.com\/es\/#organization"},"potentialAction":[{"@type":"SearchAction","target":{"@type":"EntryPoint","urlTemplate":"https:\/\/gtr-tech.com\/es\/?s={search_term_string}"},"query-input":{"@type":"PropertyValueSpecification","valueRequired":true,"valueName":"search_term_string"}}],"inLanguage":"es"},{"@type":"Organization","@id":"https:\/\/gtr-tech.com\/es\/#organization","name":"GTR Tech","url":"https:\/\/gtr-tech.com\/es\/","logo":{"@type":"ImageObject","inLanguage":"es","@id":"https:\/\/gtr-tech.com\/es\/#\/schema\/logo\/image\/","url":"https:\/\/gtr-tech.com\/wp-content\/uploads\/2023\/07\/cropped-logoGTR.png","contentUrl":"https:\/\/gtr-tech.com\/wp-content\/uploads\/2023\/07\/cropped-logoGTR.png","width":932,"height":250,"caption":"GTR Tech"},"image":{"@id":"https:\/\/gtr-tech.com\/es\/#\/schema\/logo\/image\/"},"sameAs":["https:\/\/www.facebook.com\/GTRTechnol","https:\/\/x.com\/GTRTechnologies"]}]}},"_links":{"self":[{"href":"https:\/\/gtr-tech.com\/es\/wp-json\/wp\/v2\/pages\/39","targetHints":{"allow":["GET"]}}],"collection":[{"href":"https:\/\/gtr-tech.com\/es\/wp-json\/wp\/v2\/pages"}],"about":[{"href":"https:\/\/gtr-tech.com\/es\/wp-json\/wp\/v2\/types\/page"}],"author":[{"embeddable":true,"href":"https:\/\/gtr-tech.com\/es\/wp-json\/wp\/v2\/users\/1"}],"replies":[{"embeddable":true,"href":"https:\/\/gtr-tech.com\/es\/wp-json\/wp\/v2\/comments?post=39"}],"version-history":[{"count":35,"href":"https:\/\/gtr-tech.com\/es\/wp-json\/wp\/v2\/pages\/39\/revisions"}],"predecessor-version":[{"id":269,"href":"https:\/\/gtr-tech.com\/es\/wp-json\/wp\/v2\/pages\/39\/revisions\/269"}],"wp:featuredmedia":[{"embeddable":true,"href":"https:\/\/gtr-tech.com\/es\/wp-json\/wp\/v2\/media\/88"}],"wp:attachment":[{"href":"https:\/\/gtr-tech.com\/es\/wp-json\/wp\/v2\/media?parent=39"}],"curies":[{"name":"wp","href":"https:\/\/api.w.org\/{rel}","templated":true}]}}