{"id":10,"date":"2023-07-28T12:54:05","date_gmt":"2023-07-28T10:54:05","guid":{"rendered":"http:\/\/gtr-tech10.loc\/?page_id=10"},"modified":"2023-08-03T19:52:03","modified_gmt":"2023-08-03T17:52:03","slug":"contacto","status":"publish","type":"page","link":"https:\/\/gtr-tech.com\/es\/contacto\/","title":{"rendered":"Contacto"},"content":{"rendered":"\n<p>\u00a1Conoce con m\u00e1s detalle todo aqu\u00e9llo que podemos ofrecerte!<\/p>\n\n\n\n<p>No dudes en ponerte en contacto con nosotros y estaremos encantados de explicarte c\u00f3mo podemos ayudarte a mejorar y hacer crecer tus proyectos tecnol\u00f3gicos.<\/p>\n\n\n<div class=\"wpforms-container wpforms-container-full wpforms-block wpforms-block-79d695f8-e86a-48e3-b7b8-2f80afaaf973 wpforms-render-modern\" id=\"wpforms-41\"><form id=\"wpforms-form-41\" class=\"wpforms-validate wpforms-form wpforms-ajax-form\" data-formid=\"41\" method=\"post\" enctype=\"multipart\/form-data\" action=\"\/es\/wp-json\/wp\/v2\/pages\/10\" data-token=\"9a5e2214b497c3f63d26e9818fa658da\" data-token-time=\"1776284488\"><noscript class=\"wpforms-error-noscript\">Por favor, activa JavaScript en tu navegador para completar este formulario.<\/noscript><div class=\"wpforms-hidden\" id=\"wpforms-error-noscript\">Por favor, activa JavaScript en tu navegador para completar este formulario.<\/div><div class=\"wpforms-field-container\"><div id=\"wpforms-41-field_0-container\" class=\"wpforms-field wpforms-field-name\" data-field-id=\"0\"><fieldset><legend class=\"wpforms-field-label\">Nombre <span class=\"wpforms-required-label\" aria-hidden=\"true\">*<\/span><\/legend><div class=\"wpforms-field-row wpforms-field-large\"><div class=\"wpforms-field-row-block wpforms-first wpforms-one-half\"><input type=\"text\" id=\"wpforms-41-field_0\" class=\"wpforms-field-name-first wpforms-field-required\" name=\"wpforms[fields][0][first]\" aria-errormessage=\"wpforms-41-field_0-error\" required><label for=\"wpforms-41-field_0\" class=\"wpforms-field-sublabel after\">Nombre<\/label><\/div><div class=\"wpforms-field-row-block wpforms-one-half\"><input type=\"text\" id=\"wpforms-41-field_0-last\" class=\"wpforms-field-name-last wpforms-field-required\" name=\"wpforms[fields][0][last]\" aria-errormessage=\"wpforms-41-field_0-last-error\" required><label for=\"wpforms-41-field_0-last\" class=\"wpforms-field-sublabel after\">Apellidos<\/label><\/div><\/div><\/fieldset><\/div><div id=\"wpforms-41-field_3-container\" class=\"wpforms-field wpforms-field-text\" data-field-id=\"3\"><label class=\"wpforms-field-label\" for=\"wpforms-41-field_3\">Empresa <span class=\"wpforms-required-label\" aria-hidden=\"true\">*<\/span><\/label><input type=\"text\" id=\"wpforms-41-field_3\" class=\"wpforms-field-large wpforms-field-required\" name=\"wpforms[fields][3]\" aria-errormessage=\"wpforms-41-field_3-error\" required><\/div><div id=\"wpforms-41-field_1-container\" class=\"wpforms-field wpforms-field-email\" data-field-id=\"1\"><label class=\"wpforms-field-label\" for=\"wpforms-41-field_1\">Correo electr\u00f3nico <span class=\"wpforms-required-label\" aria-hidden=\"true\">*<\/span><\/label><input type=\"email\" id=\"wpforms-41-field_1\" class=\"wpforms-field-large wpforms-field-required\" name=\"wpforms[fields][1]\" spellcheck=\"false\" aria-errormessage=\"wpforms-41-field_1-error\" required><\/div><div id=\"wpforms-41-field_4-container\" class=\"wpforms-field wpforms-field-text\" data-field-id=\"4\"><label class=\"wpforms-field-label\" for=\"wpforms-41-field_4\">Tel\u00e9fono <span class=\"wpforms-required-label\" aria-hidden=\"true\">*<\/span><\/label><input type=\"text\" id=\"wpforms-41-field_4\" class=\"wpforms-field-medium wpforms-field-required\" name=\"wpforms[fields][4]\" aria-errormessage=\"wpforms-41-field_4-error\" required><\/div><div id=\"wpforms-41-field_2-container\" class=\"wpforms-field wpforms-field-textarea\" data-field-id=\"2\"><label class=\"wpforms-field-label\" for=\"wpforms-41-field_2\">Comentario o mensaje <span class=\"wpforms-required-label\" aria-hidden=\"true\">*<\/span><\/label><textarea id=\"wpforms-41-field_2\" class=\"wpforms-field-medium wpforms-field-required\" name=\"wpforms[fields][2]\" aria-errormessage=\"wpforms-41-field_2-error\" required><\/textarea><\/div><div id=\"wpforms-41-field_5-container\" class=\"wpforms-field wpforms-field-checkbox\" data-field-id=\"5\"><fieldset><legend class=\"wpforms-field-label\">Pol\u00edtica de privacidad <span class=\"wpforms-required-label\" aria-hidden=\"true\">*<\/span><\/legend><ul id=\"wpforms-41-field_5\" class=\"wpforms-field-required\"><li class=\"choice-1 depth-1\"><input type=\"checkbox\" id=\"wpforms-41-field_5_1\" name=\"wpforms[fields][5][]\" value=\"He le\u00eddo y acepto la pol\u00edtica de privacidad de GTR Tech\" aria-errormessage=\"wpforms-41-field_5_1-error\" required ><label class=\"wpforms-field-label-inline\" for=\"wpforms-41-field_5_1\">He le\u00eddo y acepto la pol\u00edtica de privacidad de GTR Tech<\/label><\/li><\/ul><\/fieldset><\/div><\/div><!-- .wpforms-field-container --><div class=\"wpforms-recaptcha-container wpforms-is-recaptcha wpforms-is-recaptcha-type-v2\" ><div class=\"g-recaptcha\" data-sitekey=\"6LdFJnYnAAAAAO25N7F5kLLhLETo9gxkMOuw1h9k\"><\/div><input type=\"text\" name=\"g-recaptcha-hidden\" class=\"wpforms-recaptcha-hidden\" style=\"position:absolute!important;clip:rect(0,0,0,0)!important;height:1px!important;width:1px!important;border:0!important;overflow:hidden!important;padding:0!important;margin:0!important;\" data-rule-recaptcha=\"1\"><\/div><div class=\"wpforms-submit-container\" ><input type=\"hidden\" name=\"wpforms[id]\" value=\"41\"><input type=\"hidden\" name=\"page_title\" value=\"\"><input type=\"hidden\" name=\"page_url\" value=\"https:\/\/gtr-tech.com\/es\/wp-json\/wp\/v2\/pages\/10\"><input type=\"hidden\" name=\"url_referer\" value=\"\"><button type=\"submit\" name=\"wpforms[submit]\" id=\"wpforms-submit-41\" class=\"wpforms-submit\" data-alt-text=\"Enviando...\" data-submit-text=\"Enviar\" aria-live=\"assertive\" value=\"wpforms-submit\">Enviar<\/button><img loading=\"lazy\" decoding=\"async\" src=\"https:\/\/gtr-tech.com\/wp-content\/plugins\/wpforms-lite\/assets\/images\/submit-spin.svg\" class=\"wpforms-submit-spinner\" style=\"display: none;\" width=\"26\" height=\"26\" alt=\"Cargando\"><\/div><\/form><\/div>  <!-- .wpforms-container -->","protected":false},"excerpt":{"rendered":"<p>\u00a1Conoce con m\u00e1s detalle todo aqu\u00e9llo que podemos ofrecerte! No dudes en ponerte en contacto con nosotros y estaremos encantados de explicarte c\u00f3mo podemos ayudarte a mejorar y hacer crecer tus proyectos tecnol\u00f3gicos.<\/p>\n","protected":false},"author":1,"featured_media":90,"parent":0,"menu_order":0,"comment_status":"closed","ping_status":"closed","template":"","meta":{"footnotes":""},"class_list":["post-10","page","type-page","status-publish","has-post-thumbnail","hentry"],"yoast_head":"<!-- This site is optimized with the Yoast SEO plugin v25.3.1 - https:\/\/yoast.com\/wordpress\/plugins\/seo\/ -->\n<title>Contacto - GTR Tech<\/title>\n<meta name=\"robots\" content=\"index, follow, max-snippet:-1, max-image-preview:large, max-video-preview:-1\" \/>\n<link rel=\"canonical\" href=\"https:\/\/gtr-tech.com\/es\/contacto\/\" \/>\n<meta property=\"og:locale\" content=\"es_ES\" \/>\n<meta property=\"og:type\" content=\"article\" \/>\n<meta property=\"og:title\" content=\"Contacto - GTR Tech\" \/>\n<meta property=\"og:description\" content=\"\u00a1Conoce con m\u00e1s detalle todo aqu\u00e9llo que podemos ofrecerte! No dudes en ponerte en contacto con nosotros y estaremos encantados de explicarte c\u00f3mo podemos ayudarte a mejorar y hacer crecer tus proyectos tecnol\u00f3gicos.\" \/>\n<meta property=\"og:url\" content=\"https:\/\/gtr-tech.com\/es\/contacto\/\" \/>\n<meta property=\"og:site_name\" content=\"GTR Tech\" \/>\n<meta property=\"article:publisher\" content=\"https:\/\/www.facebook.com\/GTRTechnol\" \/>\n<meta property=\"article:modified_time\" content=\"2023-08-03T17:52:03+00:00\" \/>\n<meta property=\"og:image\" content=\"https:\/\/gtr-tech.com\/wp-content\/uploads\/2023\/07\/SEC-Contacto.jpg\" \/>\n\t<meta property=\"og:image:width\" content=\"1920\" \/>\n\t<meta property=\"og:image:height\" content=\"1280\" \/>\n\t<meta property=\"og:image:type\" content=\"image\/jpeg\" \/>\n<meta name=\"twitter:card\" content=\"summary_large_image\" \/>\n<meta name=\"twitter:site\" content=\"@GTRTechnologies\" \/>\n<meta name=\"twitter:label1\" content=\"Tiempo de lectura\" \/>\n\t<meta name=\"twitter:data1\" content=\"1 minuto\" \/>\n<script type=\"application\/ld+json\" class=\"yoast-schema-graph\">{\"@context\":\"https:\/\/schema.org\",\"@graph\":[{\"@type\":\"WebPage\",\"@id\":\"https:\/\/gtr-tech.com\/contacto\/\",\"url\":\"https:\/\/gtr-tech.com\/contacto\/\",\"name\":\"Contacto - GTR Tech\",\"isPartOf\":{\"@id\":\"https:\/\/gtr-tech.com\/es\/#website\"},\"primaryImageOfPage\":{\"@id\":\"https:\/\/gtr-tech.com\/contacto\/#primaryimage\"},\"image\":{\"@id\":\"https:\/\/gtr-tech.com\/contacto\/#primaryimage\"},\"thumbnailUrl\":\"https:\/\/gtr-tech.com\/wp-content\/uploads\/2023\/07\/SEC-Contacto.jpg\",\"datePublished\":\"2023-07-28T10:54:05+00:00\",\"dateModified\":\"2023-08-03T17:52:03+00:00\",\"breadcrumb\":{\"@id\":\"https:\/\/gtr-tech.com\/contacto\/#breadcrumb\"},\"inLanguage\":\"es\",\"potentialAction\":[{\"@type\":\"ReadAction\",\"target\":[\"https:\/\/gtr-tech.com\/contacto\/\"]}]},{\"@type\":\"ImageObject\",\"inLanguage\":\"es\",\"@id\":\"https:\/\/gtr-tech.com\/contacto\/#primaryimage\",\"url\":\"https:\/\/gtr-tech.com\/wp-content\/uploads\/2023\/07\/SEC-Contacto.jpg\",\"contentUrl\":\"https:\/\/gtr-tech.com\/wp-content\/uploads\/2023\/07\/SEC-Contacto.jpg\",\"width\":1920,\"height\":1280,\"caption\":\"Contacto\"},{\"@type\":\"BreadcrumbList\",\"@id\":\"https:\/\/gtr-tech.com\/contacto\/#breadcrumb\",\"itemListElement\":[{\"@type\":\"ListItem\",\"position\":1,\"name\":\"Portada\",\"item\":\"https:\/\/gtr-tech.com\/\"},{\"@type\":\"ListItem\",\"position\":2,\"name\":\"Contacto\"}]},{\"@type\":\"WebSite\",\"@id\":\"https:\/\/gtr-tech.com\/es\/#website\",\"url\":\"https:\/\/gtr-tech.com\/es\/\",\"name\":\"GTR Tech\",\"description\":\"IT Partner &amp; E-commerce solutions\",\"publisher\":{\"@id\":\"https:\/\/gtr-tech.com\/es\/#organization\"},\"potentialAction\":[{\"@type\":\"SearchAction\",\"target\":{\"@type\":\"EntryPoint\",\"urlTemplate\":\"https:\/\/gtr-tech.com\/es\/?s={search_term_string}\"},\"query-input\":{\"@type\":\"PropertyValueSpecification\",\"valueRequired\":true,\"valueName\":\"search_term_string\"}}],\"inLanguage\":\"es\"},{\"@type\":\"Organization\",\"@id\":\"https:\/\/gtr-tech.com\/es\/#organization\",\"name\":\"GTR Tech\",\"url\":\"https:\/\/gtr-tech.com\/es\/\",\"logo\":{\"@type\":\"ImageObject\",\"inLanguage\":\"es\",\"@id\":\"https:\/\/gtr-tech.com\/es\/#\/schema\/logo\/image\/\",\"url\":\"https:\/\/gtr-tech.com\/wp-content\/uploads\/2023\/07\/cropped-logoGTR.png\",\"contentUrl\":\"https:\/\/gtr-tech.com\/wp-content\/uploads\/2023\/07\/cropped-logoGTR.png\",\"width\":932,\"height\":250,\"caption\":\"GTR Tech\"},\"image\":{\"@id\":\"https:\/\/gtr-tech.com\/es\/#\/schema\/logo\/image\/\"},\"sameAs\":[\"https:\/\/www.facebook.com\/GTRTechnol\",\"https:\/\/x.com\/GTRTechnologies\"]}]}<\/script>\n<!-- \/ Yoast SEO plugin. -->","yoast_head_json":{"title":"Contacto - GTR Tech","robots":{"index":"index","follow":"follow","max-snippet":"max-snippet:-1","max-image-preview":"max-image-preview:large","max-video-preview":"max-video-preview:-1"},"canonical":"https:\/\/gtr-tech.com\/es\/contacto\/","og_locale":"es_ES","og_type":"article","og_title":"Contacto - GTR Tech","og_description":"\u00a1Conoce con m\u00e1s detalle todo aqu\u00e9llo que podemos ofrecerte! No dudes en ponerte en contacto con nosotros y estaremos encantados de explicarte c\u00f3mo podemos ayudarte a mejorar y hacer crecer tus proyectos tecnol\u00f3gicos.","og_url":"https:\/\/gtr-tech.com\/es\/contacto\/","og_site_name":"GTR Tech","article_publisher":"https:\/\/www.facebook.com\/GTRTechnol","article_modified_time":"2023-08-03T17:52:03+00:00","og_image":[{"width":1920,"height":1280,"url":"https:\/\/gtr-tech.com\/wp-content\/uploads\/2023\/07\/SEC-Contacto.jpg","type":"image\/jpeg"}],"twitter_card":"summary_large_image","twitter_site":"@GTRTechnologies","twitter_misc":{"Tiempo de lectura":"1 minuto"},"schema":{"@context":"https:\/\/schema.org","@graph":[{"@type":"WebPage","@id":"https:\/\/gtr-tech.com\/contacto\/","url":"https:\/\/gtr-tech.com\/contacto\/","name":"Contacto - GTR Tech","isPartOf":{"@id":"https:\/\/gtr-tech.com\/es\/#website"},"primaryImageOfPage":{"@id":"https:\/\/gtr-tech.com\/contacto\/#primaryimage"},"image":{"@id":"https:\/\/gtr-tech.com\/contacto\/#primaryimage"},"thumbnailUrl":"https:\/\/gtr-tech.com\/wp-content\/uploads\/2023\/07\/SEC-Contacto.jpg","datePublished":"2023-07-28T10:54:05+00:00","dateModified":"2023-08-03T17:52:03+00:00","breadcrumb":{"@id":"https:\/\/gtr-tech.com\/contacto\/#breadcrumb"},"inLanguage":"es","potentialAction":[{"@type":"ReadAction","target":["https:\/\/gtr-tech.com\/contacto\/"]}]},{"@type":"ImageObject","inLanguage":"es","@id":"https:\/\/gtr-tech.com\/contacto\/#primaryimage","url":"https:\/\/gtr-tech.com\/wp-content\/uploads\/2023\/07\/SEC-Contacto.jpg","contentUrl":"https:\/\/gtr-tech.com\/wp-content\/uploads\/2023\/07\/SEC-Contacto.jpg","width":1920,"height":1280,"caption":"Contacto"},{"@type":"BreadcrumbList","@id":"https:\/\/gtr-tech.com\/contacto\/#breadcrumb","itemListElement":[{"@type":"ListItem","position":1,"name":"Portada","item":"https:\/\/gtr-tech.com\/"},{"@type":"ListItem","position":2,"name":"Contacto"}]},{"@type":"WebSite","@id":"https:\/\/gtr-tech.com\/es\/#website","url":"https:\/\/gtr-tech.com\/es\/","name":"GTR Tech","description":"IT Partner &amp; E-commerce solutions","publisher":{"@id":"https:\/\/gtr-tech.com\/es\/#organization"},"potentialAction":[{"@type":"SearchAction","target":{"@type":"EntryPoint","urlTemplate":"https:\/\/gtr-tech.com\/es\/?s={search_term_string}"},"query-input":{"@type":"PropertyValueSpecification","valueRequired":true,"valueName":"search_term_string"}}],"inLanguage":"es"},{"@type":"Organization","@id":"https:\/\/gtr-tech.com\/es\/#organization","name":"GTR Tech","url":"https:\/\/gtr-tech.com\/es\/","logo":{"@type":"ImageObject","inLanguage":"es","@id":"https:\/\/gtr-tech.com\/es\/#\/schema\/logo\/image\/","url":"https:\/\/gtr-tech.com\/wp-content\/uploads\/2023\/07\/cropped-logoGTR.png","contentUrl":"https:\/\/gtr-tech.com\/wp-content\/uploads\/2023\/07\/cropped-logoGTR.png","width":932,"height":250,"caption":"GTR Tech"},"image":{"@id":"https:\/\/gtr-tech.com\/es\/#\/schema\/logo\/image\/"},"sameAs":["https:\/\/www.facebook.com\/GTRTechnol","https:\/\/x.com\/GTRTechnologies"]}]}},"_links":{"self":[{"href":"https:\/\/gtr-tech.com\/es\/wp-json\/wp\/v2\/pages\/10","targetHints":{"allow":["GET"]}}],"collection":[{"href":"https:\/\/gtr-tech.com\/es\/wp-json\/wp\/v2\/pages"}],"about":[{"href":"https:\/\/gtr-tech.com\/es\/wp-json\/wp\/v2\/types\/page"}],"author":[{"embeddable":true,"href":"https:\/\/gtr-tech.com\/es\/wp-json\/wp\/v2\/users\/1"}],"replies":[{"embeddable":true,"href":"https:\/\/gtr-tech.com\/es\/wp-json\/wp\/v2\/comments?post=10"}],"version-history":[{"count":5,"href":"https:\/\/gtr-tech.com\/es\/wp-json\/wp\/v2\/pages\/10\/revisions"}],"predecessor-version":[{"id":228,"href":"https:\/\/gtr-tech.com\/es\/wp-json\/wp\/v2\/pages\/10\/revisions\/228"}],"wp:featuredmedia":[{"embeddable":true,"href":"https:\/\/gtr-tech.com\/es\/wp-json\/wp\/v2\/media\/90"}],"wp:attachment":[{"href":"https:\/\/gtr-tech.com\/es\/wp-json\/wp\/v2\/media?parent=10"}],"curies":[{"name":"wp","href":"https:\/\/api.w.org\/{rel}","templated":true}]}}