{"id":9,"date":"2023-07-28T12:54:05","date_gmt":"2023-07-28T10:54:05","guid":{"rendered":"http:\/\/gtr-tech10.loc\/?page_id=9"},"modified":"2023-08-03T19:48:40","modified_gmt":"2023-08-03T17:48:40","slug":"quienes-somos","status":"publish","type":"page","link":"https:\/\/gtr-tech.com\/ca\/quienes-somos\/","title":{"rendered":"Qui som"},"content":{"rendered":"<div class=\"wp-block-eds-animate-it-block eds-animate-block-save\"><div class=\"eds-animate animated edsanimate-sis-hidden\" data-eds-entry-animation=\"fadeIn\" data-eds-entry-delay=\"0.5\" data-eds-entry-duration=\"1.5\" data-eds-entry-timing=\"ease-in\" data-eds-exit-animation=\"\" data-eds-exit-delay=\"0\" data-eds-exit-duration=\"0.5\" data-eds-exit-timing=\"linear\" data-eds-repeat-count=\"1\" data-eds-keep=\"yes\" data-eds-animate-on=\"scroll\" data-eds-scroll-offset=\"1\">\n<p>Des del 2.002 proporcionem als nostres clients solucions globals que cobreixin completament les seves necessitats inform\u00e0tiques.<\/p>\n\n\n\n<p>Per a aix\u00f2 comptem amb una plantilla de professionals amb \u00e0mplia experi\u00e8ncia i capacitat per implantar qualsevol soluci\u00f3.<\/p>\n\n\n\n<p>Dediquem un gran esfor\u00e7 per mantenir la m\u00e0xima qualitat dels nostres productes i la millor atenci\u00f3 i dedicaci\u00f3 del nostre servei postvenda. Aspectes fonamentals que ens diferencien dins del competitiu mercat de la inform\u00e0tica.<\/p>\n\n\n\n<blockquote class=\"wp-block-quote is-layout-flow wp-block-quote-is-layout-flow\">\n<p class=\"has-very-light-gray-to-cyan-bluish-gray-gradient-background has-background\" style=\"font-size:15px\">La nostra metodologia de treball, basada en un profund coneixement de les necessitats dels nostres clients, est\u00e0 enfocada a proporcionar solucions eficaces, que simplifiquin processos complexos, i augmentin la productivitat i la competitivitat de les empreses. Per a nosaltres no hi ha dos clients iguals i tampoc no hi ha solucions que valguin per a tot i per a tots. Per aquest motiu des de l'inici hem optat sempre per oferir un servei integral on els objectius empresarials passen a ser els nostres propis objectius, mentre que el client focalitza tota la seva energia al cor del negoci.<\/p>\n<\/blockquote>\n\n\n\n<p>Volem ser el teu assessor inform\u00e0tic, de manera que et puguis dedicar a la teva activitat empresarial sense preocupar-te del funcionament dels teus sistemes.<\/p>\n\n\n\n<p>Amb el nostre suport quedaran totalment cobertes totes les necessitats actuals i futures del teu sistema inform\u00e0tic. Des de la renovaci\u00f3 d'aplicacions i equips fins a la realitzaci\u00f3 de projectes integrals de comunicaci\u00f3 entre les oficines.<\/p>\n<\/div><\/div>\n\n\n\n<figure class=\"wp-block-image size-large\"><img loading=\"lazy\" decoding=\"async\" width=\"1024\" height=\"720\" src=\"http:\/\/gtr-tech10.loc\/wp-content\/uploads\/2023\/08\/QUIENES-01-1024x720.jpg\" alt=\"Ilustraci\u00f3n de equipo\" class=\"wp-image-183\" srcset=\"https:\/\/gtr-tech.com\/wp-content\/uploads\/2023\/08\/QUIENES-01-1024x720.jpg 1024w, https:\/\/gtr-tech.com\/wp-content\/uploads\/2023\/08\/QUIENES-01-300x211.jpg 300w, https:\/\/gtr-tech.com\/wp-content\/uploads\/2023\/08\/QUIENES-01-768x540.jpg 768w, https:\/\/gtr-tech.com\/wp-content\/uploads\/2023\/08\/QUIENES-01-18x12.jpg 18w, https:\/\/gtr-tech.com\/wp-content\/uploads\/2023\/08\/QUIENES-01.jpg 1280w\" sizes=\"auto, (max-width: 767px) 89vw, (max-width: 1000px) 54vw, (max-width: 1071px) 543px, 580px\" \/><\/figure>\n\n\n\n<div class=\"wp-block-eds-animate-it-block eds-animate-block-save\"><div class=\"eds-animate animated edsanimate-sis-hidden\" data-eds-entry-animation=\"fadeIn\" data-eds-entry-delay=\"0.5\" data-eds-entry-duration=\"1.5\" data-eds-entry-timing=\"ease-in\" data-eds-exit-animation=\"\" data-eds-exit-delay=\"0\" data-eds-exit-duration=\"0.5\" data-eds-exit-timing=\"linear\" data-eds-repeat-count=\"1\" data-eds-keep=\"yes\" data-eds-animate-on=\"scroll\" data-eds-scroll-offset=\"1\">\n<p><strong>Horari de prestaci\u00f3 de serveis<\/strong><\/p>\n\n\n\n<ul class=\"wp-block-list\">\n<li>De dilluns a divendres de 9:00 a 18:00 hores<\/li>\n\n\n\n<li>Agost, de dilluns a divendres de 8:00 a 15:00 hores.<\/li>\n<\/ul>\n\n\n\n<p><strong>Temps de resposta<\/strong><\/p>\n\n\n\n<ul class=\"wp-block-list\">\n<li>General: 8 hores laborables<\/li>\n\n\n\n<li>Express: 4 hores laborables. Aplicable a contractes en vigor.<\/li>\n\n\n\n<li>Urgent: Immediat. Aplicable a qualsevol servei.<\/li>\n<\/ul>\n<\/div><\/div>\n\n\n\n<div class=\"wp-block-buttons is-content-justification-center is-layout-flex wp-container-core-buttons-is-layout-1 wp-block-buttons-is-layout-flex\">\n<div class=\"wp-block-button\"><a class=\"wp-block-button__link has-vivid-purple-background-color has-background wp-element-button\" href=\"http:\/\/gtr-tech10.loc\/contacto\/\">Contacta amb nosaltres<\/a><\/div>\n<\/div>","protected":false},"excerpt":{"rendered":"","protected":false},"author":1,"featured_media":91,"parent":0,"menu_order":0,"comment_status":"closed","ping_status":"closed","template":"","meta":{"footnotes":""},"class_list":["post-9","page","type-page","status-publish","has-post-thumbnail","hentry"],"yoast_head":"<!-- This site is optimized with the Yoast SEO plugin v25.3.1 - https:\/\/yoast.com\/wordpress\/plugins\/seo\/ -->\n<title>Qui\u00e9nes somos - GTR Tech<\/title>\n<meta name=\"robots\" content=\"index, follow, max-snippet:-1, max-image-preview:large, max-video-preview:-1\" \/>\n<link rel=\"canonical\" href=\"https:\/\/gtr-tech.com\/ca\/quienes-somos\/\" \/>\n<meta property=\"og:locale\" content=\"ca_ES\" \/>\n<meta property=\"og:type\" content=\"article\" \/>\n<meta property=\"og:title\" content=\"Qui\u00e9nes somos - GTR Tech\" \/>\n<meta property=\"og:url\" content=\"https:\/\/gtr-tech.com\/ca\/quienes-somos\/\" \/>\n<meta property=\"og:site_name\" content=\"GTR Tech\" \/>\n<meta property=\"article:publisher\" content=\"https:\/\/www.facebook.com\/GTRTechnol\" \/>\n<meta property=\"article:modified_time\" content=\"2023-08-03T17:48:40+00:00\" \/>\n<meta property=\"og:image\" content=\"https:\/\/gtr-tech.com\/wp-content\/uploads\/2023\/07\/SEC-QuienesSomos.jpg\" \/>\n\t<meta property=\"og:image:width\" content=\"1920\" \/>\n\t<meta property=\"og:image:height\" content=\"1200\" \/>\n\t<meta property=\"og:image:type\" content=\"image\/jpeg\" \/>\n<meta name=\"twitter:card\" content=\"summary_large_image\" \/>\n<meta name=\"twitter:site\" content=\"@GTRTechnologies\" \/>\n<meta name=\"twitter:label1\" content=\"Temps estimat de lectura\" \/>\n\t<meta name=\"twitter:data1\" content=\"1 minut\" \/>\n<script type=\"application\/ld+json\" class=\"yoast-schema-graph\">{\"@context\":\"https:\/\/schema.org\",\"@graph\":[{\"@type\":\"WebPage\",\"@id\":\"https:\/\/gtr-tech.com\/quienes-somos\/\",\"url\":\"https:\/\/gtr-tech.com\/quienes-somos\/\",\"name\":\"Qui\u00e9nes somos - GTR Tech\",\"isPartOf\":{\"@id\":\"https:\/\/gtr-tech.com\/es\/#website\"},\"primaryImageOfPage\":{\"@id\":\"https:\/\/gtr-tech.com\/quienes-somos\/#primaryimage\"},\"image\":{\"@id\":\"https:\/\/gtr-tech.com\/quienes-somos\/#primaryimage\"},\"thumbnailUrl\":\"https:\/\/gtr-tech.com\/wp-content\/uploads\/2023\/07\/SEC-QuienesSomos.jpg\",\"datePublished\":\"2023-07-28T10:54:05+00:00\",\"dateModified\":\"2023-08-03T17:48:40+00:00\",\"breadcrumb\":{\"@id\":\"https:\/\/gtr-tech.com\/quienes-somos\/#breadcrumb\"},\"inLanguage\":\"ca\",\"potentialAction\":[{\"@type\":\"ReadAction\",\"target\":[\"https:\/\/gtr-tech.com\/quienes-somos\/\"]}]},{\"@type\":\"ImageObject\",\"inLanguage\":\"ca\",\"@id\":\"https:\/\/gtr-tech.com\/quienes-somos\/#primaryimage\",\"url\":\"https:\/\/gtr-tech.com\/wp-content\/uploads\/2023\/07\/SEC-QuienesSomos.jpg\",\"contentUrl\":\"https:\/\/gtr-tech.com\/wp-content\/uploads\/2023\/07\/SEC-QuienesSomos.jpg\",\"width\":1920,\"height\":1200,\"caption\":\"Qui\u00e9nes somos\"},{\"@type\":\"BreadcrumbList\",\"@id\":\"https:\/\/gtr-tech.com\/quienes-somos\/#breadcrumb\",\"itemListElement\":[{\"@type\":\"ListItem\",\"position\":1,\"name\":\"Portada\",\"item\":\"https:\/\/gtr-tech.com\/\"},{\"@type\":\"ListItem\",\"position\":2,\"name\":\"Qui\u00e9nes somos\"}]},{\"@type\":\"WebSite\",\"@id\":\"https:\/\/gtr-tech.com\/es\/#website\",\"url\":\"https:\/\/gtr-tech.com\/es\/\",\"name\":\"GTR Tech\",\"description\":\"IT Partner &amp; E-commerce solutions\",\"publisher\":{\"@id\":\"https:\/\/gtr-tech.com\/es\/#organization\"},\"potentialAction\":[{\"@type\":\"SearchAction\",\"target\":{\"@type\":\"EntryPoint\",\"urlTemplate\":\"https:\/\/gtr-tech.com\/es\/?s={search_term_string}\"},\"query-input\":{\"@type\":\"PropertyValueSpecification\",\"valueRequired\":true,\"valueName\":\"search_term_string\"}}],\"inLanguage\":\"ca\"},{\"@type\":\"Organization\",\"@id\":\"https:\/\/gtr-tech.com\/es\/#organization\",\"name\":\"GTR Tech\",\"url\":\"https:\/\/gtr-tech.com\/es\/\",\"logo\":{\"@type\":\"ImageObject\",\"inLanguage\":\"ca\",\"@id\":\"https:\/\/gtr-tech.com\/es\/#\/schema\/logo\/image\/\",\"url\":\"https:\/\/gtr-tech.com\/wp-content\/uploads\/2023\/07\/cropped-logoGTR.png\",\"contentUrl\":\"https:\/\/gtr-tech.com\/wp-content\/uploads\/2023\/07\/cropped-logoGTR.png\",\"width\":932,\"height\":250,\"caption\":\"GTR Tech\"},\"image\":{\"@id\":\"https:\/\/gtr-tech.com\/es\/#\/schema\/logo\/image\/\"},\"sameAs\":[\"https:\/\/www.facebook.com\/GTRTechnol\",\"https:\/\/x.com\/GTRTechnologies\"]}]}<\/script>\n<!-- \/ Yoast SEO plugin. -->","yoast_head_json":{"title":"Qui\u00e9nes somos - GTR Tech","robots":{"index":"index","follow":"follow","max-snippet":"max-snippet:-1","max-image-preview":"max-image-preview:large","max-video-preview":"max-video-preview:-1"},"canonical":"https:\/\/gtr-tech.com\/ca\/quienes-somos\/","og_locale":"ca_ES","og_type":"article","og_title":"Qui\u00e9nes somos - GTR Tech","og_url":"https:\/\/gtr-tech.com\/ca\/quienes-somos\/","og_site_name":"GTR Tech","article_publisher":"https:\/\/www.facebook.com\/GTRTechnol","article_modified_time":"2023-08-03T17:48:40+00:00","og_image":[{"width":1920,"height":1200,"url":"https:\/\/gtr-tech.com\/wp-content\/uploads\/2023\/07\/SEC-QuienesSomos.jpg","type":"image\/jpeg"}],"twitter_card":"summary_large_image","twitter_site":"@GTRTechnologies","twitter_misc":{"Temps estimat de lectura":"1 minut"},"schema":{"@context":"https:\/\/schema.org","@graph":[{"@type":"WebPage","@id":"https:\/\/gtr-tech.com\/quienes-somos\/","url":"https:\/\/gtr-tech.com\/quienes-somos\/","name":"Qui\u00e9nes somos - GTR Tech","isPartOf":{"@id":"https:\/\/gtr-tech.com\/es\/#website"},"primaryImageOfPage":{"@id":"https:\/\/gtr-tech.com\/quienes-somos\/#primaryimage"},"image":{"@id":"https:\/\/gtr-tech.com\/quienes-somos\/#primaryimage"},"thumbnailUrl":"https:\/\/gtr-tech.com\/wp-content\/uploads\/2023\/07\/SEC-QuienesSomos.jpg","datePublished":"2023-07-28T10:54:05+00:00","dateModified":"2023-08-03T17:48:40+00:00","breadcrumb":{"@id":"https:\/\/gtr-tech.com\/quienes-somos\/#breadcrumb"},"inLanguage":"ca","potentialAction":[{"@type":"ReadAction","target":["https:\/\/gtr-tech.com\/quienes-somos\/"]}]},{"@type":"ImageObject","inLanguage":"ca","@id":"https:\/\/gtr-tech.com\/quienes-somos\/#primaryimage","url":"https:\/\/gtr-tech.com\/wp-content\/uploads\/2023\/07\/SEC-QuienesSomos.jpg","contentUrl":"https:\/\/gtr-tech.com\/wp-content\/uploads\/2023\/07\/SEC-QuienesSomos.jpg","width":1920,"height":1200,"caption":"Qui\u00e9nes somos"},{"@type":"BreadcrumbList","@id":"https:\/\/gtr-tech.com\/quienes-somos\/#breadcrumb","itemListElement":[{"@type":"ListItem","position":1,"name":"Portada","item":"https:\/\/gtr-tech.com\/"},{"@type":"ListItem","position":2,"name":"Qui\u00e9nes somos"}]},{"@type":"WebSite","@id":"https:\/\/gtr-tech.com\/es\/#website","url":"https:\/\/gtr-tech.com\/es\/","name":"GTR Tech","description":"IT Partner &amp; E-commerce solutions","publisher":{"@id":"https:\/\/gtr-tech.com\/es\/#organization"},"potentialAction":[{"@type":"SearchAction","target":{"@type":"EntryPoint","urlTemplate":"https:\/\/gtr-tech.com\/es\/?s={search_term_string}"},"query-input":{"@type":"PropertyValueSpecification","valueRequired":true,"valueName":"search_term_string"}}],"inLanguage":"ca"},{"@type":"Organization","@id":"https:\/\/gtr-tech.com\/es\/#organization","name":"GTR Tech","url":"https:\/\/gtr-tech.com\/es\/","logo":{"@type":"ImageObject","inLanguage":"ca","@id":"https:\/\/gtr-tech.com\/es\/#\/schema\/logo\/image\/","url":"https:\/\/gtr-tech.com\/wp-content\/uploads\/2023\/07\/cropped-logoGTR.png","contentUrl":"https:\/\/gtr-tech.com\/wp-content\/uploads\/2023\/07\/cropped-logoGTR.png","width":932,"height":250,"caption":"GTR Tech"},"image":{"@id":"https:\/\/gtr-tech.com\/es\/#\/schema\/logo\/image\/"},"sameAs":["https:\/\/www.facebook.com\/GTRTechnol","https:\/\/x.com\/GTRTechnologies"]}]}},"_links":{"self":[{"href":"https:\/\/gtr-tech.com\/ca\/wp-json\/wp\/v2\/pages\/9","targetHints":{"allow":["GET"]}}],"collection":[{"href":"https:\/\/gtr-tech.com\/ca\/wp-json\/wp\/v2\/pages"}],"about":[{"href":"https:\/\/gtr-tech.com\/ca\/wp-json\/wp\/v2\/types\/page"}],"author":[{"embeddable":true,"href":"https:\/\/gtr-tech.com\/ca\/wp-json\/wp\/v2\/users\/1"}],"replies":[{"embeddable":true,"href":"https:\/\/gtr-tech.com\/ca\/wp-json\/wp\/v2\/comments?post=9"}],"version-history":[{"count":9,"href":"https:\/\/gtr-tech.com\/ca\/wp-json\/wp\/v2\/pages\/9\/revisions"}],"predecessor-version":[{"id":254,"href":"https:\/\/gtr-tech.com\/ca\/wp-json\/wp\/v2\/pages\/9\/revisions\/254"}],"wp:featuredmedia":[{"embeddable":true,"href":"https:\/\/gtr-tech.com\/ca\/wp-json\/wp\/v2\/media\/91"}],"wp:attachment":[{"href":"https:\/\/gtr-tech.com\/ca\/wp-json\/wp\/v2\/media?parent=9"}],"curies":[{"name":"wp","href":"https:\/\/api.w.org\/{rel}","templated":true}]}}