{"id":39,"date":"2023-07-28T14:08:32","date_gmt":"2023-07-28T12:08:32","guid":{"rendered":"http:\/\/gtr-tech10.loc\/?page_id=39"},"modified":"2023-11-02T14:15:43","modified_gmt":"2023-11-02T13:15:43","slug":"desarrollo","status":"publish","type":"page","link":"https:\/\/gtr-tech.com\/ca\/desarrollo\/","title":{"rendered":"Desenvolupament"},"content":{"rendered":"<div class=\"wp-block-eds-animate-it-block eds-animate-block-save\"><div class=\"eds-animate animated edsanimate-sis-hidden\" data-eds-entry-animation=\"fadeIn\" data-eds-entry-delay=\"0.5\" data-eds-entry-duration=\"1.5\" data-eds-entry-timing=\"ease-in\" data-eds-exit-animation=\"\" data-eds-exit-delay=\"0\" data-eds-exit-duration=\"0.5\" data-eds-exit-timing=\"linear\" data-eds-repeat-count=\"1\" data-eds-keep=\"yes\" data-eds-animate-on=\"scroll\" data-eds-scroll-offset=\"1\">\n<p>El backend \u00e9s la part fonamental de la teva web o aplicaci\u00f3 m\u00f2bil. Per crear experi\u00e8ncies d'usuari incre\u00efbles al frontend, el teu backend ha de ser capa\u00e7 dintegrar tecnologia innovadora i gestionar les dades dels teus usuaris de forma segura.<\/p>\n\n\n\n<p>El nostre equip de desenvolupadors experts en backend est\u00e0 preparat per guiar-te a cada decisi\u00f3 i desenvolupar la soluci\u00f3 perfecta per al teu projecte. Estem orientats a aconseguir objectius i ens centrem en trobar oportunitats en el desenvolupament de programari per satisfer els teus requisits.<\/p>\n\n\n\n<p>Entreguem els projectes a temps i creem productes innovadors, en l\u00ednia amb les teves prioritats clau.<\/p>\n<\/div><\/div>\n\n\n\n<div style=\"height:30px\" aria-hidden=\"true\" class=\"wp-block-spacer\"><\/div>\n\n\n\n<figure class=\"wp-block-image size-large\"><img loading=\"lazy\" decoding=\"async\" width=\"1024\" height=\"518\" src=\"http:\/\/gtr-tech10.loc\/wp-content\/uploads\/2023\/07\/DEV-01-1024x518.png\" alt=\"Nube de palabras\" class=\"wp-image-150\" srcset=\"https:\/\/gtr-tech.com\/wp-content\/uploads\/2023\/07\/DEV-01-1024x518.png 1024w, https:\/\/gtr-tech.com\/wp-content\/uploads\/2023\/07\/DEV-01-300x152.png 300w, https:\/\/gtr-tech.com\/wp-content\/uploads\/2023\/07\/DEV-01-768x389.png 768w, https:\/\/gtr-tech.com\/wp-content\/uploads\/2023\/07\/DEV-01-1536x777.png 1536w, https:\/\/gtr-tech.com\/wp-content\/uploads\/2023\/07\/DEV-01-2048x1036.png 2048w, https:\/\/gtr-tech.com\/wp-content\/uploads\/2023\/07\/DEV-01-18x9.png 18w\" sizes=\"auto, (max-width: 767px) 89vw, (max-width: 1000px) 54vw, (max-width: 1071px) 543px, 580px\" \/><\/figure>\n\n\n\n<div style=\"height:30px\" aria-hidden=\"true\" class=\"wp-block-spacer\"><\/div>\n\n\n\n<div class=\"wp-block-eds-animate-it-block eds-animate-block-save\"><div class=\"eds-animate animated edsanimate-sis-hidden\" data-eds-entry-animation=\"fadeInLeft\" data-eds-entry-delay=\"0\" data-eds-entry-duration=\"1\" data-eds-entry-timing=\"linear\" data-eds-exit-animation=\"\" data-eds-exit-delay=\"0\" data-eds-exit-duration=\"0.5\" data-eds-exit-timing=\"linear\" data-eds-repeat-count=\"1\" data-eds-keep=\"yes\" data-eds-animate-on=\"scroll\" data-eds-scroll-offset=\"1\">\n<p class=\"has-vivid-purple-color has-text-color\"><strong>Desenvolupament del backend d'espais web<\/strong><\/p>\n\n\n\n<p>Garanteix el rendiment d'un lloc web a la velocitat del raig, temps de c\u00e0rrega r\u00e0pids i excel\u00b7lents experi\u00e8ncies d'usuari. Els nostres experts desenvolupadors creen backends segurs per a aplicacions empresarials, portals web i infraestructures IoT.<\/p>\n<\/div><\/div>\n\n\n\n<div style=\"height:30px\" aria-hidden=\"true\" class=\"wp-block-spacer\"><\/div>\n\n\n\n<div class=\"wp-block-eds-animate-it-block eds-animate-block-save\"><div class=\"eds-animate animated edsanimate-sis-hidden\" data-eds-entry-animation=\"fadeInRight\" data-eds-entry-delay=\"0\" data-eds-entry-duration=\"1\" data-eds-entry-timing=\"linear\" data-eds-exit-animation=\"\" data-eds-exit-delay=\"0\" data-eds-exit-duration=\"0.5\" data-eds-exit-timing=\"linear\" data-eds-repeat-count=\"1\" data-eds-keep=\"yes\" data-eds-animate-on=\"scroll\" data-eds-scroll-offset=\"1\">\n<p class=\"has-text-align-right has-vivid-purple-color has-text-color\"><strong>Desenvolupament del backend d'aplicacions m\u00f2bils<\/strong><\/p>\n\n\n\n<p class=\"has-text-align-right\">Creem solucions m\u00f2bils de primera categoria amb funcionalitat d'avantguarda. T'ajudem a crear una arquitectura segura i escalable, a desplegar-la en m\u00faltiples dispositius i plataformes i a optimitzar-la cont\u00ednuament per millorar l'experi\u00e8ncia i la satisfacci\u00f3 de l'usuari.<\/p>\n<\/div><\/div>\n\n\n\n<div style=\"height:30px\" aria-hidden=\"true\" class=\"wp-block-spacer\"><\/div>\n\n\n\n<div class=\"wp-block-eds-animate-it-block eds-animate-block-save\"><div class=\"eds-animate animated edsanimate-sis-hidden\" data-eds-entry-animation=\"fadeInLeft\" data-eds-entry-delay=\"0\" data-eds-entry-duration=\"1\" data-eds-entry-timing=\"linear\" data-eds-exit-animation=\"\" data-eds-exit-delay=\"0\" data-eds-exit-duration=\"0.5\" data-eds-exit-timing=\"linear\" data-eds-repeat-count=\"1\" data-eds-keep=\"yes\" data-eds-animate-on=\"scroll\" data-eds-scroll-offset=\"1\">\n<p class=\"has-vivid-purple-color has-text-color\"><strong>Desenvolupament i integraci\u00f3 d'APIs<\/strong><\/p>\n\n\n\n<p>Porta el teu programari m\u00e9s lluny i aconsegueix m\u00e9s valor per als teus clients, consumidors i empleats. Connectem els serveis de tercers existents amb la teva aplicaci\u00f3 i creem una API personalitzada perqu\u00e8 altres empreses puguin connectar-se al programari.<\/p>\n<\/div><\/div>\n\n\n\n<div style=\"height:30px\" aria-hidden=\"true\" class=\"wp-block-spacer\"><\/div>\n\n\n\n<div class=\"wp-block-eds-animate-it-block eds-animate-block-save\"><div class=\"eds-animate animated edsanimate-sis-hidden\" data-eds-entry-animation=\"fadeInRight\" data-eds-entry-delay=\"0\" data-eds-entry-duration=\"1\" data-eds-entry-timing=\"linear\" data-eds-exit-animation=\"\" data-eds-exit-delay=\"0\" data-eds-exit-duration=\"0.5\" data-eds-exit-timing=\"linear\" data-eds-repeat-count=\"1\" data-eds-keep=\"yes\" data-eds-animate-on=\"scroll\" data-eds-scroll-offset=\"1\">\n<p class=\"has-text-align-right has-vivid-purple-color has-text-color\"><strong>Solucions de backend al n\u00favol<\/strong><\/p>\n\n\n\n<p class=\"has-text-align-right\">Amb enginyers de programari en totes les tecnologies capdavanteres al n\u00favol, t'ajudem a migrar, optimitzar i escalar la teva infraestructura al n\u00favol, proporcionant serveis de backend que et permetin desbloquejar la seg\u00fcent etapa de creixement del teu negoci.<\/p>\n<\/div><\/div>\n\n\n\n<div style=\"height:30px\" aria-hidden=\"true\" class=\"wp-block-spacer\"><\/div>\n\n\n\n<div class=\"wp-block-eds-animate-it-block eds-animate-block-save\"><div class=\"eds-animate animated edsanimate-sis-hidden\" data-eds-entry-animation=\"fadeInLeft\" data-eds-entry-delay=\"0\" data-eds-entry-duration=\"1\" data-eds-entry-timing=\"linear\" data-eds-exit-animation=\"\" data-eds-exit-delay=\"0\" data-eds-exit-duration=\"0.5\" data-eds-exit-timing=\"linear\" data-eds-repeat-count=\"1\" data-eds-keep=\"yes\" data-eds-animate-on=\"scroll\" data-eds-scroll-offset=\"1\">\n<p class=\"has-vivid-purple-color has-text-color\"><strong>Desenvolupament de backend personalitzat<\/strong><\/p>\n\n\n\n<p>Tant si necessites migrar una aplicaci\u00f3 existent, com si vols afegir noves funcions o necessits que les teves dades estiguin m\u00e9s segures, estem desitjant comen\u00e7ar a crear productes escalables i de qualitat per a la teva empresa, aprofitant la nostra \u00e0mplia experi\u00e8ncia.<\/p>\n<\/div><\/div>\n\n\n\n<div style=\"height:30px\" aria-hidden=\"true\" class=\"wp-block-spacer\"><\/div>\n\n\n\n<div class=\"wp-block-eds-animate-it-block eds-animate-block-save\"><div class=\"eds-animate animated edsanimate-sis-hidden\" data-eds-entry-animation=\"fadeInRight\" data-eds-entry-delay=\"0\" data-eds-entry-duration=\"1\" data-eds-entry-timing=\"linear\" data-eds-exit-animation=\"\" data-eds-exit-delay=\"0\" data-eds-exit-duration=\"0.5\" data-eds-exit-timing=\"linear\" data-eds-repeat-count=\"1\" data-eds-keep=\"yes\" data-eds-animate-on=\"scroll\" data-eds-scroll-offset=\"1\">\n<p class=\"has-text-align-right has-vivid-purple-color has-text-color\"><strong>Refactoritzaci\u00f3 del backend<\/strong><\/p>\n\n\n\n<p class=\"has-text-align-right\">Si la teva aplicaci\u00f3 no est\u00e0 rendint a nivells \u00f2ptims a causa d'un codi maldestre, podem oferir una refactoritzaci\u00f3 millorada, reestructurant el teu codi per preservar la seva funcionalitat original, alhora que integrem estalvi de costos t\u00e8cnics, m\u00e9s estabilitat i optimitzacions de velocitat.<\/p>\n<\/div><\/div>\n\n\n\n<div class=\"wp-block-buttons is-content-justification-center is-layout-flex wp-container-core-buttons-is-layout-1 wp-block-buttons-is-layout-flex\">\n<div class=\"wp-block-button\"><a class=\"wp-block-button__link has-vivid-purple-background-color has-background wp-element-button\" href=\"https:\/\/gtr-tech.com\/ca\/contacto\/\">Contacta amb nosaltres<\/a><\/div>\n<\/div>","protected":false},"excerpt":{"rendered":"","protected":false},"author":1,"featured_media":88,"parent":0,"menu_order":0,"comment_status":"closed","ping_status":"closed","template":"","meta":{"footnotes":""},"class_list":["post-39","page","type-page","status-publish","has-post-thumbnail","hentry"],"yoast_head":"<!-- This site is optimized with the Yoast SEO plugin v25.3.1 - https:\/\/yoast.com\/wordpress\/plugins\/seo\/ -->\n<title>Desarrollo - GTR Tech<\/title>\n<meta name=\"robots\" content=\"index, follow, max-snippet:-1, max-image-preview:large, max-video-preview:-1\" \/>\n<link rel=\"canonical\" href=\"https:\/\/gtr-tech.com\/ca\/desarrollo\/\" \/>\n<meta property=\"og:locale\" content=\"ca_ES\" \/>\n<meta property=\"og:type\" content=\"article\" \/>\n<meta property=\"og:title\" content=\"Desarrollo - GTR Tech\" \/>\n<meta property=\"og:url\" content=\"https:\/\/gtr-tech.com\/ca\/desarrollo\/\" \/>\n<meta property=\"og:site_name\" content=\"GTR Tech\" \/>\n<meta property=\"article:publisher\" content=\"https:\/\/www.facebook.com\/GTRTechnol\" \/>\n<meta property=\"article:modified_time\" content=\"2023-11-02T13:15:43+00:00\" \/>\n<meta property=\"og:image\" content=\"https:\/\/gtr-tech.com\/wp-content\/uploads\/2023\/07\/SEC-Desarrollo.jpg\" \/>\n\t<meta property=\"og:image:width\" content=\"1920\" \/>\n\t<meta property=\"og:image:height\" content=\"1282\" \/>\n\t<meta property=\"og:image:type\" content=\"image\/jpeg\" \/>\n<meta name=\"twitter:card\" content=\"summary_large_image\" \/>\n<meta name=\"twitter:site\" content=\"@GTRTechnologies\" \/>\n<meta name=\"twitter:label1\" content=\"Temps estimat de lectura\" \/>\n\t<meta name=\"twitter:data1\" content=\"2 minuts\" \/>\n<script type=\"application\/ld+json\" class=\"yoast-schema-graph\">{\"@context\":\"https:\/\/schema.org\",\"@graph\":[{\"@type\":\"WebPage\",\"@id\":\"https:\/\/gtr-tech.com\/desarrollo\/\",\"url\":\"https:\/\/gtr-tech.com\/desarrollo\/\",\"name\":\"Desarrollo - GTR Tech\",\"isPartOf\":{\"@id\":\"https:\/\/gtr-tech.com\/es\/#website\"},\"primaryImageOfPage\":{\"@id\":\"https:\/\/gtr-tech.com\/desarrollo\/#primaryimage\"},\"image\":{\"@id\":\"https:\/\/gtr-tech.com\/desarrollo\/#primaryimage\"},\"thumbnailUrl\":\"https:\/\/gtr-tech.com\/wp-content\/uploads\/2023\/07\/SEC-Desarrollo.jpg\",\"datePublished\":\"2023-07-28T12:08:32+00:00\",\"dateModified\":\"2023-11-02T13:15:43+00:00\",\"breadcrumb\":{\"@id\":\"https:\/\/gtr-tech.com\/desarrollo\/#breadcrumb\"},\"inLanguage\":\"ca\",\"potentialAction\":[{\"@type\":\"ReadAction\",\"target\":[\"https:\/\/gtr-tech.com\/desarrollo\/\"]}]},{\"@type\":\"ImageObject\",\"inLanguage\":\"ca\",\"@id\":\"https:\/\/gtr-tech.com\/desarrollo\/#primaryimage\",\"url\":\"https:\/\/gtr-tech.com\/wp-content\/uploads\/2023\/07\/SEC-Desarrollo.jpg\",\"contentUrl\":\"https:\/\/gtr-tech.com\/wp-content\/uploads\/2023\/07\/SEC-Desarrollo.jpg\",\"width\":1920,\"height\":1282,\"caption\":\"Desarrollo\"},{\"@type\":\"BreadcrumbList\",\"@id\":\"https:\/\/gtr-tech.com\/desarrollo\/#breadcrumb\",\"itemListElement\":[{\"@type\":\"ListItem\",\"position\":1,\"name\":\"Portada\",\"item\":\"https:\/\/gtr-tech.com\/\"},{\"@type\":\"ListItem\",\"position\":2,\"name\":\"Desarrollo\"}]},{\"@type\":\"WebSite\",\"@id\":\"https:\/\/gtr-tech.com\/es\/#website\",\"url\":\"https:\/\/gtr-tech.com\/es\/\",\"name\":\"GTR Tech\",\"description\":\"IT Partner &amp; E-commerce solutions\",\"publisher\":{\"@id\":\"https:\/\/gtr-tech.com\/es\/#organization\"},\"potentialAction\":[{\"@type\":\"SearchAction\",\"target\":{\"@type\":\"EntryPoint\",\"urlTemplate\":\"https:\/\/gtr-tech.com\/es\/?s={search_term_string}\"},\"query-input\":{\"@type\":\"PropertyValueSpecification\",\"valueRequired\":true,\"valueName\":\"search_term_string\"}}],\"inLanguage\":\"ca\"},{\"@type\":\"Organization\",\"@id\":\"https:\/\/gtr-tech.com\/es\/#organization\",\"name\":\"GTR Tech\",\"url\":\"https:\/\/gtr-tech.com\/es\/\",\"logo\":{\"@type\":\"ImageObject\",\"inLanguage\":\"ca\",\"@id\":\"https:\/\/gtr-tech.com\/es\/#\/schema\/logo\/image\/\",\"url\":\"https:\/\/gtr-tech.com\/wp-content\/uploads\/2023\/07\/cropped-logoGTR.png\",\"contentUrl\":\"https:\/\/gtr-tech.com\/wp-content\/uploads\/2023\/07\/cropped-logoGTR.png\",\"width\":932,\"height\":250,\"caption\":\"GTR Tech\"},\"image\":{\"@id\":\"https:\/\/gtr-tech.com\/es\/#\/schema\/logo\/image\/\"},\"sameAs\":[\"https:\/\/www.facebook.com\/GTRTechnol\",\"https:\/\/x.com\/GTRTechnologies\"]}]}<\/script>\n<!-- \/ Yoast SEO plugin. -->","yoast_head_json":{"title":"Desarrollo - GTR Tech","robots":{"index":"index","follow":"follow","max-snippet":"max-snippet:-1","max-image-preview":"max-image-preview:large","max-video-preview":"max-video-preview:-1"},"canonical":"https:\/\/gtr-tech.com\/ca\/desarrollo\/","og_locale":"ca_ES","og_type":"article","og_title":"Desarrollo - GTR Tech","og_url":"https:\/\/gtr-tech.com\/ca\/desarrollo\/","og_site_name":"GTR Tech","article_publisher":"https:\/\/www.facebook.com\/GTRTechnol","article_modified_time":"2023-11-02T13:15:43+00:00","og_image":[{"width":1920,"height":1282,"url":"https:\/\/gtr-tech.com\/wp-content\/uploads\/2023\/07\/SEC-Desarrollo.jpg","type":"image\/jpeg"}],"twitter_card":"summary_large_image","twitter_site":"@GTRTechnologies","twitter_misc":{"Temps estimat de lectura":"2 minuts"},"schema":{"@context":"https:\/\/schema.org","@graph":[{"@type":"WebPage","@id":"https:\/\/gtr-tech.com\/desarrollo\/","url":"https:\/\/gtr-tech.com\/desarrollo\/","name":"Desarrollo - GTR Tech","isPartOf":{"@id":"https:\/\/gtr-tech.com\/es\/#website"},"primaryImageOfPage":{"@id":"https:\/\/gtr-tech.com\/desarrollo\/#primaryimage"},"image":{"@id":"https:\/\/gtr-tech.com\/desarrollo\/#primaryimage"},"thumbnailUrl":"https:\/\/gtr-tech.com\/wp-content\/uploads\/2023\/07\/SEC-Desarrollo.jpg","datePublished":"2023-07-28T12:08:32+00:00","dateModified":"2023-11-02T13:15:43+00:00","breadcrumb":{"@id":"https:\/\/gtr-tech.com\/desarrollo\/#breadcrumb"},"inLanguage":"ca","potentialAction":[{"@type":"ReadAction","target":["https:\/\/gtr-tech.com\/desarrollo\/"]}]},{"@type":"ImageObject","inLanguage":"ca","@id":"https:\/\/gtr-tech.com\/desarrollo\/#primaryimage","url":"https:\/\/gtr-tech.com\/wp-content\/uploads\/2023\/07\/SEC-Desarrollo.jpg","contentUrl":"https:\/\/gtr-tech.com\/wp-content\/uploads\/2023\/07\/SEC-Desarrollo.jpg","width":1920,"height":1282,"caption":"Desarrollo"},{"@type":"BreadcrumbList","@id":"https:\/\/gtr-tech.com\/desarrollo\/#breadcrumb","itemListElement":[{"@type":"ListItem","position":1,"name":"Portada","item":"https:\/\/gtr-tech.com\/"},{"@type":"ListItem","position":2,"name":"Desarrollo"}]},{"@type":"WebSite","@id":"https:\/\/gtr-tech.com\/es\/#website","url":"https:\/\/gtr-tech.com\/es\/","name":"GTR Tech","description":"IT Partner &amp; E-commerce solutions","publisher":{"@id":"https:\/\/gtr-tech.com\/es\/#organization"},"potentialAction":[{"@type":"SearchAction","target":{"@type":"EntryPoint","urlTemplate":"https:\/\/gtr-tech.com\/es\/?s={search_term_string}"},"query-input":{"@type":"PropertyValueSpecification","valueRequired":true,"valueName":"search_term_string"}}],"inLanguage":"ca"},{"@type":"Organization","@id":"https:\/\/gtr-tech.com\/es\/#organization","name":"GTR Tech","url":"https:\/\/gtr-tech.com\/es\/","logo":{"@type":"ImageObject","inLanguage":"ca","@id":"https:\/\/gtr-tech.com\/es\/#\/schema\/logo\/image\/","url":"https:\/\/gtr-tech.com\/wp-content\/uploads\/2023\/07\/cropped-logoGTR.png","contentUrl":"https:\/\/gtr-tech.com\/wp-content\/uploads\/2023\/07\/cropped-logoGTR.png","width":932,"height":250,"caption":"GTR Tech"},"image":{"@id":"https:\/\/gtr-tech.com\/es\/#\/schema\/logo\/image\/"},"sameAs":["https:\/\/www.facebook.com\/GTRTechnol","https:\/\/x.com\/GTRTechnologies"]}]}},"_links":{"self":[{"href":"https:\/\/gtr-tech.com\/ca\/wp-json\/wp\/v2\/pages\/39","targetHints":{"allow":["GET"]}}],"collection":[{"href":"https:\/\/gtr-tech.com\/ca\/wp-json\/wp\/v2\/pages"}],"about":[{"href":"https:\/\/gtr-tech.com\/ca\/wp-json\/wp\/v2\/types\/page"}],"author":[{"embeddable":true,"href":"https:\/\/gtr-tech.com\/ca\/wp-json\/wp\/v2\/users\/1"}],"replies":[{"embeddable":true,"href":"https:\/\/gtr-tech.com\/ca\/wp-json\/wp\/v2\/comments?post=39"}],"version-history":[{"count":35,"href":"https:\/\/gtr-tech.com\/ca\/wp-json\/wp\/v2\/pages\/39\/revisions"}],"predecessor-version":[{"id":269,"href":"https:\/\/gtr-tech.com\/ca\/wp-json\/wp\/v2\/pages\/39\/revisions\/269"}],"wp:featuredmedia":[{"embeddable":true,"href":"https:\/\/gtr-tech.com\/ca\/wp-json\/wp\/v2\/media\/88"}],"wp:attachment":[{"href":"https:\/\/gtr-tech.com\/ca\/wp-json\/wp\/v2\/media?parent=39"}],"curies":[{"name":"wp","href":"https:\/\/api.w.org\/{rel}","templated":true}]}}