{"id":14,"date":"2023-07-28T12:54:05","date_gmt":"2023-07-28T10:54:05","guid":{"rendered":"http:\/\/gtr-tech10.loc\/?page_id=14"},"modified":"2023-08-03T19:49:04","modified_gmt":"2023-08-03T17:49:04","slug":"sistemas","status":"publish","type":"page","link":"https:\/\/gtr-tech.com\/ca\/sistemas\/","title":{"rendered":"Sistemes"},"content":{"rendered":"<div class=\"wp-block-eds-animate-it-block eds-animate-block-save\"><div class=\"eds-animate animated edsanimate-sis-hidden\" data-eds-entry-animation=\"fadeIn\" data-eds-entry-delay=\"0.5\" data-eds-entry-duration=\"1.5\" data-eds-entry-timing=\"ease-in\" data-eds-exit-animation=\"\" data-eds-exit-delay=\"0\" data-eds-exit-duration=\"0.5\" data-eds-exit-timing=\"linear\" data-eds-repeat-count=\"1\" data-eds-keep=\"yes\" data-eds-animate-on=\"scroll\" data-eds-scroll-offset=\"1\">\n<p>La nostra empresa proporciona serveis inform\u00e0tics altament eficients i un servei integral que engloba tots els aspectes de diferents \u00e0rees.<\/p>\n\n\n\n<p>Disposem de diverses unitats de negoci \u00e0mpliament especialitzades en oferir solucions i serveis inform\u00e0tics a la seva corresponent \u00e0rea de treball. Com a consultoria inform\u00e0tica oferim, a m\u00e9s, la possibilitat d'un servei integral pel que fa a Tecnologies de la Informaci\u00f3, des del disseny del pla de sistemes d'informaci\u00f3 fins a la implantaci\u00f3 i el manteniment dels mateixos, perqu\u00e8 qualsevol empresa o organitzaci\u00f3 pugui comptar amb la soluci\u00f3 inform\u00e0tica adequada i \u00f2ptima en tot moment, i en l\u00ednia amb els objectius.<\/p>\n<\/div><\/div>\n\n\n\n<div style=\"height:30px\" aria-hidden=\"true\" class=\"wp-block-spacer\"><\/div>\n\n\n<div class=\"wp-block-image\">\n<figure class=\"aligncenter size-full\"><img loading=\"lazy\" decoding=\"async\" width=\"551\" height=\"569\" src=\"http:\/\/gtr-tech10.loc\/wp-content\/uploads\/2023\/08\/SIS-01.png\" alt=\"Arquitectura inform\u00e1tica\" class=\"wp-image-162\" srcset=\"https:\/\/gtr-tech.com\/wp-content\/uploads\/2023\/08\/SIS-01.png 551w, https:\/\/gtr-tech.com\/wp-content\/uploads\/2023\/08\/SIS-01-291x300.png 291w, https:\/\/gtr-tech.com\/wp-content\/uploads\/2023\/08\/SIS-01-12x12.png 12w\" sizes=\"auto, (max-width: 551px) 100vw, 551px\" \/><\/figure><\/div>\n\n\n<div style=\"height:30px\" aria-hidden=\"true\" class=\"wp-block-spacer\"><\/div>\n\n\n\n<div class=\"wp-block-eds-animate-it-block eds-animate-block-save\"><div class=\"eds-animate animated edsanimate-sis-hidden\" data-eds-entry-animation=\"fadeInLeft\" data-eds-entry-delay=\"0\" data-eds-entry-duration=\"1\" data-eds-entry-timing=\"linear\" data-eds-exit-animation=\"\" data-eds-exit-delay=\"0\" data-eds-exit-duration=\"0.5\" data-eds-exit-timing=\"linear\" data-eds-repeat-count=\"1\" data-eds-keep=\"yes\" data-eds-animate-on=\"scroll\" data-eds-scroll-offset=\"1\">\n<p class=\"has-vivid-purple-color has-text-color\"><strong>Assist\u00e8ncia inform\u00e0tica per a empreses<\/strong><\/p>\n\n\n\n<p>Especialistes en diagn\u00f2stic, optimitzaci\u00f3 i an\u00e0lisi d'equips i sistemes. Solucions inform\u00e0tiques a mida, adaptades totalment a les teves necessitats reals. Assist\u00e8ncia professional cont\u00ednua, que us facilitar\u00e0 una resposta immediata a qualsevol dubte o incid\u00e8ncia que us pugui sorgir. Rep el suport inform\u00e0tic que necessites, de manera personalitzada.<\/p>\n<\/div><\/div>\n\n\n\n<div style=\"height:30px\" aria-hidden=\"true\" class=\"wp-block-spacer\"><\/div>\n\n\n\n<div class=\"wp-block-eds-animate-it-block eds-animate-block-save\"><div class=\"eds-animate animated edsanimate-sis-hidden\" data-eds-entry-animation=\"fadeInRight\" data-eds-entry-delay=\"0\" data-eds-entry-duration=\"1\" data-eds-entry-timing=\"linear\" data-eds-exit-animation=\"\" data-eds-exit-delay=\"0\" data-eds-exit-duration=\"0.5\" data-eds-exit-timing=\"linear\" data-eds-repeat-count=\"1\" data-eds-keep=\"yes\" data-eds-animate-on=\"scroll\" data-eds-scroll-offset=\"1\">\n<p class=\"has-text-align-right has-vivid-purple-color has-text-color\"><strong>Manteniment inform\u00e0tic<\/strong><\/p>\n\n\n\n<p class=\"has-text-align-right\">Posem a la vostra disposici\u00f3 el nostre equip de professionals inform\u00e0tics i de telecomunicacions, formats en les diferents especialitats: assist\u00e8ncia, suport, servei t\u00e8cnic i enginyeria de sistemes. Beneficia't dels avantatges de comptar amb el teu propi departament IT. Servei peri\u00f2dic de manteniment inform\u00e0tic per a usuaris, equips i sistemes inform\u00e0tics.<\/p>\n<\/div><\/div>\n\n\n\n<div style=\"height:30px\" aria-hidden=\"true\" class=\"wp-block-spacer\"><\/div>\n\n\n\n<figure class=\"wp-block-image size-full\"><img loading=\"lazy\" decoding=\"async\" width=\"698\" height=\"471\" src=\"http:\/\/gtr-tech10.loc\/wp-content\/uploads\/2023\/08\/SIS-02.png\" alt=\"Servicio t\u00e9cnico\" class=\"wp-image-163\" srcset=\"https:\/\/gtr-tech.com\/wp-content\/uploads\/2023\/08\/SIS-02.png 698w, https:\/\/gtr-tech.com\/wp-content\/uploads\/2023\/08\/SIS-02-300x202.png 300w, https:\/\/gtr-tech.com\/wp-content\/uploads\/2023\/08\/SIS-02-18x12.png 18w\" sizes=\"auto, (max-width: 698px) 100vw, 698px\" \/><\/figure>\n\n\n\n<div style=\"height:30px\" aria-hidden=\"true\" class=\"wp-block-spacer\"><\/div>\n\n\n\n<div class=\"wp-block-eds-animate-it-block eds-animate-block-save\"><div class=\"eds-animate animated edsanimate-sis-hidden\" data-eds-entry-animation=\"fadeInLeft\" data-eds-entry-delay=\"0\" data-eds-entry-duration=\"1\" data-eds-entry-timing=\"linear\" data-eds-exit-animation=\"\" data-eds-exit-delay=\"0\" data-eds-exit-duration=\"0.5\" data-eds-exit-timing=\"linear\" data-eds-repeat-count=\"1\" data-eds-keep=\"yes\" data-eds-animate-on=\"scroll\" data-eds-scroll-offset=\"1\">\n<p class=\"has-vivid-purple-color has-text-color\"><strong>Enginyeria de sistemes<\/strong><\/p>\n\n\n\n<p>T'oferim un ampli ventall de possibilitats: posada en marxa i administraci\u00f3 de sistemes inform\u00e0tics. Instal\u00b7laci\u00f3 i configuraci\u00f3 de servidors, sistemes de backup i seguretat inform\u00e0tica. Condicionament de CPD. Virtualitzaci\u00f3.<\/p>\n<\/div><\/div>\n\n\n\n<div class=\"wp-block-eds-animate-it-block eds-animate-block-save\"><div class=\"eds-animate animated edsanimate-sis-hidden\" data-eds-entry-animation=\"fadeInRight\" data-eds-entry-delay=\"0\" data-eds-entry-duration=\"1\" data-eds-entry-timing=\"linear\" data-eds-exit-animation=\"\" data-eds-exit-delay=\"0\" data-eds-exit-duration=\"0.5\" data-eds-exit-timing=\"linear\" data-eds-repeat-count=\"1\" data-eds-keep=\"yes\" data-eds-animate-on=\"scroll\" data-eds-scroll-offset=\"1\">\n<p class=\"has-text-align-right has-vivid-purple-color has-text-color\"><strong>Servei t\u00e8cnic<\/strong><\/p>\n\n\n\n<p class=\"has-text-align-right\">Obtingues un diagn\u00f2stic r\u00e0pid, efica\u00e7 i prec\u00eds, amb assist\u00e8ncia presencial i remota. Servei especialitzat en: resoluci\u00f3 d'incid\u00e8ncies de maquinari i programari. Revisi\u00f3, actualitzaci\u00f3 o reparaci\u00f3 de sistemes i equips inform\u00e0tics. Instal\u00b7laci\u00f3 i manteniment de xarxes inform\u00e0tiques.<\/p>\n<\/div><\/div>\n\n\n\n<div class=\"wp-block-buttons is-content-justification-center is-layout-flex wp-container-core-buttons-is-layout-1 wp-block-buttons-is-layout-flex\">\n<div class=\"wp-block-button\"><a class=\"wp-block-button__link has-vivid-purple-background-color has-background wp-element-button\" href=\"http:\/\/gtr-tech10.loc\/contacto\/\">Contacta amb nosaltres<\/a><\/div>\n<\/div>\n\n\n\n<p><\/p>\n\n\n\n<p><\/p>\n\n\n\n<p><\/p>","protected":false},"excerpt":{"rendered":"","protected":false},"author":1,"featured_media":92,"parent":0,"menu_order":0,"comment_status":"closed","ping_status":"closed","template":"","meta":{"footnotes":""},"class_list":["post-14","page","type-page","status-publish","has-post-thumbnail","hentry"],"yoast_head":"<!-- This site is optimized with the Yoast SEO plugin v25.3.1 - https:\/\/yoast.com\/wordpress\/plugins\/seo\/ -->\n<title>Sistemas - GTR Tech<\/title>\n<meta name=\"robots\" content=\"index, follow, max-snippet:-1, max-image-preview:large, max-video-preview:-1\" \/>\n<link rel=\"canonical\" href=\"https:\/\/gtr-tech.com\/ca\/sistemas\/\" \/>\n<meta property=\"og:locale\" content=\"ca_ES\" \/>\n<meta property=\"og:type\" content=\"article\" \/>\n<meta property=\"og:title\" content=\"Sistemas - GTR Tech\" \/>\n<meta property=\"og:url\" content=\"https:\/\/gtr-tech.com\/ca\/sistemas\/\" \/>\n<meta property=\"og:site_name\" content=\"GTR Tech\" \/>\n<meta property=\"article:publisher\" content=\"https:\/\/www.facebook.com\/GTRTechnol\" \/>\n<meta property=\"article:modified_time\" content=\"2023-08-03T17:49:04+00:00\" \/>\n<meta property=\"og:image\" content=\"https:\/\/gtr-tech.com\/wp-content\/uploads\/2023\/07\/SEC-Sistemas.jpg\" \/>\n\t<meta property=\"og:image:width\" content=\"1920\" \/>\n\t<meta property=\"og:image:height\" content=\"1280\" \/>\n\t<meta property=\"og:image:type\" content=\"image\/jpeg\" \/>\n<meta name=\"twitter:card\" content=\"summary_large_image\" \/>\n<meta name=\"twitter:site\" content=\"@GTRTechnologies\" \/>\n<meta name=\"twitter:label1\" content=\"Temps estimat de lectura\" \/>\n\t<meta name=\"twitter:data1\" content=\"2 minuts\" \/>\n<script type=\"application\/ld+json\" class=\"yoast-schema-graph\">{\"@context\":\"https:\/\/schema.org\",\"@graph\":[{\"@type\":\"WebPage\",\"@id\":\"https:\/\/gtr-tech.com\/sistemas\/\",\"url\":\"https:\/\/gtr-tech.com\/sistemas\/\",\"name\":\"Sistemas - GTR Tech\",\"isPartOf\":{\"@id\":\"https:\/\/gtr-tech.com\/es\/#website\"},\"primaryImageOfPage\":{\"@id\":\"https:\/\/gtr-tech.com\/sistemas\/#primaryimage\"},\"image\":{\"@id\":\"https:\/\/gtr-tech.com\/sistemas\/#primaryimage\"},\"thumbnailUrl\":\"https:\/\/gtr-tech.com\/wp-content\/uploads\/2023\/07\/SEC-Sistemas.jpg\",\"datePublished\":\"2023-07-28T10:54:05+00:00\",\"dateModified\":\"2023-08-03T17:49:04+00:00\",\"breadcrumb\":{\"@id\":\"https:\/\/gtr-tech.com\/sistemas\/#breadcrumb\"},\"inLanguage\":\"ca\",\"potentialAction\":[{\"@type\":\"ReadAction\",\"target\":[\"https:\/\/gtr-tech.com\/sistemas\/\"]}]},{\"@type\":\"ImageObject\",\"inLanguage\":\"ca\",\"@id\":\"https:\/\/gtr-tech.com\/sistemas\/#primaryimage\",\"url\":\"https:\/\/gtr-tech.com\/wp-content\/uploads\/2023\/07\/SEC-Sistemas.jpg\",\"contentUrl\":\"https:\/\/gtr-tech.com\/wp-content\/uploads\/2023\/07\/SEC-Sistemas.jpg\",\"width\":1920,\"height\":1280,\"caption\":\"Sistemas\"},{\"@type\":\"BreadcrumbList\",\"@id\":\"https:\/\/gtr-tech.com\/sistemas\/#breadcrumb\",\"itemListElement\":[{\"@type\":\"ListItem\",\"position\":1,\"name\":\"Portada\",\"item\":\"https:\/\/gtr-tech.com\/\"},{\"@type\":\"ListItem\",\"position\":2,\"name\":\"Sistemas\"}]},{\"@type\":\"WebSite\",\"@id\":\"https:\/\/gtr-tech.com\/es\/#website\",\"url\":\"https:\/\/gtr-tech.com\/es\/\",\"name\":\"GTR Tech\",\"description\":\"IT Partner &amp; E-commerce solutions\",\"publisher\":{\"@id\":\"https:\/\/gtr-tech.com\/es\/#organization\"},\"potentialAction\":[{\"@type\":\"SearchAction\",\"target\":{\"@type\":\"EntryPoint\",\"urlTemplate\":\"https:\/\/gtr-tech.com\/es\/?s={search_term_string}\"},\"query-input\":{\"@type\":\"PropertyValueSpecification\",\"valueRequired\":true,\"valueName\":\"search_term_string\"}}],\"inLanguage\":\"ca\"},{\"@type\":\"Organization\",\"@id\":\"https:\/\/gtr-tech.com\/es\/#organization\",\"name\":\"GTR Tech\",\"url\":\"https:\/\/gtr-tech.com\/es\/\",\"logo\":{\"@type\":\"ImageObject\",\"inLanguage\":\"ca\",\"@id\":\"https:\/\/gtr-tech.com\/es\/#\/schema\/logo\/image\/\",\"url\":\"https:\/\/gtr-tech.com\/wp-content\/uploads\/2023\/07\/cropped-logoGTR.png\",\"contentUrl\":\"https:\/\/gtr-tech.com\/wp-content\/uploads\/2023\/07\/cropped-logoGTR.png\",\"width\":932,\"height\":250,\"caption\":\"GTR Tech\"},\"image\":{\"@id\":\"https:\/\/gtr-tech.com\/es\/#\/schema\/logo\/image\/\"},\"sameAs\":[\"https:\/\/www.facebook.com\/GTRTechnol\",\"https:\/\/x.com\/GTRTechnologies\"]}]}<\/script>\n<!-- \/ Yoast SEO plugin. -->","yoast_head_json":{"title":"Sistemas - GTR Tech","robots":{"index":"index","follow":"follow","max-snippet":"max-snippet:-1","max-image-preview":"max-image-preview:large","max-video-preview":"max-video-preview:-1"},"canonical":"https:\/\/gtr-tech.com\/ca\/sistemas\/","og_locale":"ca_ES","og_type":"article","og_title":"Sistemas - GTR Tech","og_url":"https:\/\/gtr-tech.com\/ca\/sistemas\/","og_site_name":"GTR Tech","article_publisher":"https:\/\/www.facebook.com\/GTRTechnol","article_modified_time":"2023-08-03T17:49:04+00:00","og_image":[{"width":1920,"height":1280,"url":"https:\/\/gtr-tech.com\/wp-content\/uploads\/2023\/07\/SEC-Sistemas.jpg","type":"image\/jpeg"}],"twitter_card":"summary_large_image","twitter_site":"@GTRTechnologies","twitter_misc":{"Temps estimat de lectura":"2 minuts"},"schema":{"@context":"https:\/\/schema.org","@graph":[{"@type":"WebPage","@id":"https:\/\/gtr-tech.com\/sistemas\/","url":"https:\/\/gtr-tech.com\/sistemas\/","name":"Sistemas - GTR Tech","isPartOf":{"@id":"https:\/\/gtr-tech.com\/es\/#website"},"primaryImageOfPage":{"@id":"https:\/\/gtr-tech.com\/sistemas\/#primaryimage"},"image":{"@id":"https:\/\/gtr-tech.com\/sistemas\/#primaryimage"},"thumbnailUrl":"https:\/\/gtr-tech.com\/wp-content\/uploads\/2023\/07\/SEC-Sistemas.jpg","datePublished":"2023-07-28T10:54:05+00:00","dateModified":"2023-08-03T17:49:04+00:00","breadcrumb":{"@id":"https:\/\/gtr-tech.com\/sistemas\/#breadcrumb"},"inLanguage":"ca","potentialAction":[{"@type":"ReadAction","target":["https:\/\/gtr-tech.com\/sistemas\/"]}]},{"@type":"ImageObject","inLanguage":"ca","@id":"https:\/\/gtr-tech.com\/sistemas\/#primaryimage","url":"https:\/\/gtr-tech.com\/wp-content\/uploads\/2023\/07\/SEC-Sistemas.jpg","contentUrl":"https:\/\/gtr-tech.com\/wp-content\/uploads\/2023\/07\/SEC-Sistemas.jpg","width":1920,"height":1280,"caption":"Sistemas"},{"@type":"BreadcrumbList","@id":"https:\/\/gtr-tech.com\/sistemas\/#breadcrumb","itemListElement":[{"@type":"ListItem","position":1,"name":"Portada","item":"https:\/\/gtr-tech.com\/"},{"@type":"ListItem","position":2,"name":"Sistemas"}]},{"@type":"WebSite","@id":"https:\/\/gtr-tech.com\/es\/#website","url":"https:\/\/gtr-tech.com\/es\/","name":"GTR Tech","description":"IT Partner &amp; E-commerce solutions","publisher":{"@id":"https:\/\/gtr-tech.com\/es\/#organization"},"potentialAction":[{"@type":"SearchAction","target":{"@type":"EntryPoint","urlTemplate":"https:\/\/gtr-tech.com\/es\/?s={search_term_string}"},"query-input":{"@type":"PropertyValueSpecification","valueRequired":true,"valueName":"search_term_string"}}],"inLanguage":"ca"},{"@type":"Organization","@id":"https:\/\/gtr-tech.com\/es\/#organization","name":"GTR Tech","url":"https:\/\/gtr-tech.com\/es\/","logo":{"@type":"ImageObject","inLanguage":"ca","@id":"https:\/\/gtr-tech.com\/es\/#\/schema\/logo\/image\/","url":"https:\/\/gtr-tech.com\/wp-content\/uploads\/2023\/07\/cropped-logoGTR.png","contentUrl":"https:\/\/gtr-tech.com\/wp-content\/uploads\/2023\/07\/cropped-logoGTR.png","width":932,"height":250,"caption":"GTR Tech"},"image":{"@id":"https:\/\/gtr-tech.com\/es\/#\/schema\/logo\/image\/"},"sameAs":["https:\/\/www.facebook.com\/GTRTechnol","https:\/\/x.com\/GTRTechnologies"]}]}},"_links":{"self":[{"href":"https:\/\/gtr-tech.com\/ca\/wp-json\/wp\/v2\/pages\/14","targetHints":{"allow":["GET"]}}],"collection":[{"href":"https:\/\/gtr-tech.com\/ca\/wp-json\/wp\/v2\/pages"}],"about":[{"href":"https:\/\/gtr-tech.com\/ca\/wp-json\/wp\/v2\/types\/page"}],"author":[{"embeddable":true,"href":"https:\/\/gtr-tech.com\/ca\/wp-json\/wp\/v2\/users\/1"}],"replies":[{"embeddable":true,"href":"https:\/\/gtr-tech.com\/ca\/wp-json\/wp\/v2\/comments?post=14"}],"version-history":[{"count":7,"href":"https:\/\/gtr-tech.com\/ca\/wp-json\/wp\/v2\/pages\/14\/revisions"}],"predecessor-version":[{"id":252,"href":"https:\/\/gtr-tech.com\/ca\/wp-json\/wp\/v2\/pages\/14\/revisions\/252"}],"wp:featuredmedia":[{"embeddable":true,"href":"https:\/\/gtr-tech.com\/ca\/wp-json\/wp\/v2\/media\/92"}],"wp:attachment":[{"href":"https:\/\/gtr-tech.com\/ca\/wp-json\/wp\/v2\/media?parent=14"}],"curies":[{"name":"wp","href":"https:\/\/api.w.org\/{rel}","templated":true}]}}