{"id":3,"date":"2023-07-28T12:49:40","date_gmt":"2023-07-28T10:49:40","guid":{"rendered":"http:\/\/gtr-tech10.loc\/?page_id=3"},"modified":"2023-08-08T14:11:37","modified_gmt":"2023-08-08T12:11:37","slug":"politica-privacidad","status":"publish","type":"page","link":"http:\/\/gtr-tech.com\/es\/politica-privacidad\/","title":{"rendered":"Pol\u00edtica de privacidad"},"content":{"rendered":"\n<p>El texto que tienes ante ti explica qu\u00e9, c\u00f3mo y por qu\u00e9 utilizamos tu informaci\u00f3n cuando visitas esta web o contratas algunos de nuestros servicios. Tu privacidad es muy importante para nosotros, y nunca haremos un uso indebido de la informaci\u00f3n personal que nos conf\u00edas.<\/p>\n\n\n\n<p>Te invitamos a leer detenidamente estos t\u00e9rminos antes de facilitar tus datos personales en esta web.<\/p>\n\n\n\n<p>El env\u00edo de tus datos a trav\u00e9s de los formularios de contacto habilitados en esta web supone la aceptaci\u00f3n de la presente Pol\u00edtica de privacidad y el consentimiento al tratamiento de tus datos en la forma y para las finalidades indicadas en esta Pol\u00edtica de privacidad.<\/p>\n\n\n\n<p>Si tienes cualquier duda o pregunta sobre el tratamiento de tus datos personales o cualquier otro aspecto incluido en la presente Pol\u00edtica de privacidad puedes contactar con nosotros por e-mail en la direcci\u00f3n info@gtr-tech.com.<\/p>\n\n\n\n<p><strong>Tu privacidad y tus derechos se respetan en esta web<\/strong><\/p>\n\n\n\n<p>En esta web se respetan y cuidan los datos personales de los usuarios. Como usuario debes saber que tus derechos est\u00e1n garantizados. Nos hemos esforzado en crear un espacio seguro y confiable y por eso queremos compartir nuestros principios respecto al tratamiento de tus datos:<\/p>\n\n\n\n<ul class=\"wp-block-list\">\n<li>Nunca solicitamos informaci\u00f3n personal a menos que realmente sea necesaria para prestarte los servicios que requieras.<\/li>\n\n\n\n<li>Nunca compartimos informaci\u00f3n personal de nuestros usuarios con nadie, excepto para cumplir con la ley o en caso que contemos con tu autorizaci\u00f3n expresa.<\/li>\n\n\n\n<li>Nunca utilizamos tus datos personales con una finalidad diferente a la expresada en esta pol\u00edtica de privacidad.<\/li>\n<\/ul>\n\n\n\n<p>La presente Pol\u00edtica de Privacidad puede variar en funci\u00f3n de exigencias legislativas o de autorregulaci\u00f3n, por lo que se aconseja a los usuarios que la visiten peri\u00f3dicamente.<\/p>\n\n\n\n<p>Ser\u00e1 aplicable en caso de que los usuarios decidan facilitarnos sus datos de car\u00e1cter personal por medio de los formularios de contacto habilitados al efecto en la web.<\/p>\n\n\n\n<div class=\"wp-block-group has-very-light-gray-to-cyan-bluish-gray-gradient-background has-background\"><div class=\"wp-block-group__inner-container is-layout-constrained wp-block-group-is-layout-constrained\">\n<h2 class=\"wp-block-heading\"><strong>Principios que aplicaremos a tu informaci\u00f3n personal<\/strong><\/h2>\n\n\n\n<p>En el tratamiento de tus datos personales, aplicaremos los siguientes principios, que se ajustan a las exigencias del RGPD:<\/p>\n\n\n\n<ul class=\"wp-block-list\">\n<li>Principio de licitud, lealtad y transparencia: Tus datos ser\u00e1n tratados de conformidad a la normativa vigente sobre protecci\u00f3n de datos y con total transparencia.<\/li>\n\n\n\n<li>Principio de limitaci\u00f3n de la finalidad: Los datos ser\u00e1n recogidos con fines determinados , expl\u00edcitos y leg\u00edtimos, y no ser\u00e1n tratados posteriormente de manera incompatible con dichos fines sin previa autorizaci\u00f3n.<\/li>\n\n\n\n<li>Principio de minimizaci\u00f3n de datos: Solo vamos a solicitar datos estrictamente necesarios para la finalidad del tratamiento, y procuraremos que sean exactos y est\u00e9n actualizados.<\/li>\n\n\n\n<li>Principio de limitaci\u00f3n del plazo de conservaci\u00f3n: Los datos personales proporcionados se conservar\u00e1n durante el tiempo estrictamente necesario para cumplir con la finalidad por la cual se recabaron, para cumplir con una obligaci\u00f3n legal y\/o mientras no se solicite su supresi\u00f3n por el interesado.<\/li>\n\n\n\n<li>En el caso de suscripciones, peri\u00f3dicamente revisaremos nuestras listas y eliminaremos aquellos registros inactivos durante un tiempo considerable.<\/li>\n\n\n\n<li>Principio de integridad y confidencialidad: Tus datos ser\u00e1n tratados de tal manera que se garantice una seguridad adecuada de los datos personales y su confidencialidad. Debes saber que tomamos todas las precauciones necesarias para evitar el acceso no autorizado o uso indebido de los datos de nuestros usuarios por parte de terceros.<\/li>\n<\/ul>\n<\/div><\/div>\n\n\n\n<h2 class=\"wp-block-heading\"><strong>\u00bfC\u00f3mo se obtienen datos personales en esta web?<\/strong><\/h2>\n\n\n\n<p>Los datos personales que tratamos nos los facilita siempre el propio interesado a trav\u00e9s de los formularios de contacto habilitados al efecto en nuestra web.<\/p>\n\n\n\n<h2 class=\"wp-block-heading\"><strong>\u00bfCon qu\u00e9 finalidad tratamos tus datos personales?<\/strong><\/h2>\n\n\n\n<p>Somos conscientes del valor que tiene para ti la privacidad de tus datos personales.<\/p>\n\n\n\n<p>Por eso, s\u00f3lo tratamos tus datos personales para enviarte la informaci\u00f3n solicitada, gestionar los productos o servicios solicitados y, cuando nos autorices, remitirte informaci\u00f3n y publicidad de las empresas asociadas que pueda ser de tu inter\u00e9s.<\/p>\n\n\n\n<p>En caso de estar interesado en trabajar con nosotros, la finalidad del tratamiento no ser\u00e1 otra que la de gestionar las bases de datos de candidatos para cubrir vacantes existentes o para futuros procesos de selecci\u00f3n.<\/p>\n\n\n\n<div class=\"wp-block-group has-very-light-gray-to-cyan-bluish-gray-gradient-background has-background\"><div class=\"wp-block-group__inner-container is-layout-constrained wp-block-group-is-layout-constrained\">\n<h2 class=\"wp-block-heading\"><strong>\u00bfCu\u00e1les son tus derechos cuando nos facilitas tus datos?<\/strong><\/h2>\n\n\n\n<p>Cualquier persona tiene derecho a obtener confirmaci\u00f3n sobre si estamos tratando datos personales que nos concierne, o no.  Las personas interesadas tienen derecho a:<\/p>\n\n\n\n<ul class=\"wp-block-list\">\n<li>Solicitar el acceso a los datos personales relativos al interesado<\/li>\n\n\n\n<li>Solicitar su rectificaci\u00f3n o supresi\u00f3n<\/li>\n\n\n\n<li>Solicitar la limitaci\u00f3n de su tratamiento<\/li>\n\n\n\n<li>Oponerse al tratamiento<\/li>\n\n\n\n<li>Solicitar la portabilidad de los datos<\/li>\n\n\n\n<li>Solicitar el derecho al olvido<\/li>\n<\/ul>\n\n\n\n<p>Los interesados podr\u00e1n acceder a sus datos personales, as\u00ed como a solicitar la rectificaci\u00f3n de los datos inexactos o, en su caso, solicitar su supresi\u00f3n cuando, entre otros motivos, los datos ya no sean necesarios para los fines que fueron recogidos.<\/p>\n\n\n\n<p>En determinadas circunstancias, los interesados podr\u00e1n solicitar la limitaci\u00f3n del tratamiento de sus datos, en cuyo caso \u00fanicamente los conservaremos para el ejercicio o la defensa de reclamaciones.<\/p>\n\n\n\n<p>En determinadas circunstancias, y por motivos relacionados con su situaci\u00f3n particular, los interesados podr\u00e1n oponerse al tratamiento de sus datos. Dejaremos de tratar los datos, salvo por motivos leg\u00edtimos imperiosos, o el ejercicio o la defensa de posibles reclamaciones. Tambi\u00e9n podr\u00e1n solicitar la portabilidad de sus datos.<\/p>\n\n\n\n<p>Cualquier persona tiene derecho a obtener informaci\u00f3n sobre el tratamiento que realizamos de sus datos.<\/p>\n\n\n\n<p>Tienes adem\u00e1s reconocidos los derechos de acceso, rectificaci\u00f3n y supresi\u00f3n, limitaci\u00f3n del tratamiento, portabilidad de los datos, oposici\u00f3n y decisiones individuales automatizadas; legalmente establecidos.<\/p>\n\n\n\n<p>Puedes ejercer tus derechos en cualquier momento mediante el env\u00edo de un correo electr\u00f3nico a info@gtr-tech.com.<\/p>\n\n\n\n<p>En cualquier caso, a la solicitud para el ejercicio de cualquiera de los derechos, el interesado deber\u00e1s adjuntar copia del DNI o documento similar, con objeto de verificar la identidad del solicitante; y especificar el derecho o los derechos que deseas ejercer.<\/p>\n<\/div><\/div>\n\n\n\n<h2 class=\"wp-block-heading\"><strong>Legitimaci\u00f3n para el tratamiento de tus datos<\/strong><\/h2>\n\n\n\n<p>La base legal para el tratamiento de tus datos es el consentimiento que se solicita al momento de enviar el formulario de contacto.<\/p>\n\n\n\n<p>La oferta prospectiva o comercial de productos y servicios est\u00e1 basada igualmente en el consentimiento solicitado.<\/p>\n\n\n\n<p>Tienes derecho a retirar el consentimiento en cualquier momento, sin que ello afecte a la licitud del tratamiento basado en el consentimiento previo a su retirada.<\/p>\n\n\n\n<h2 class=\"wp-block-heading\"><strong>\u00bfPor cu\u00e1nto tiempo conservaremos tus datos?<\/strong><\/h2>\n\n\n\n<p>Los datos personales proporcionados se conservar\u00e1n durante el tiempo estrictamente necesario para cumplir con la finalidad por la cual se recabaron, para cumplir con una obligaci\u00f3n legal y\/o mientras no se solicite su supresi\u00f3n por el interesado.<\/p>\n","protected":false},"excerpt":{"rendered":"<p>El texto que tienes ante ti explica qu\u00e9, c\u00f3mo y por qu\u00e9 utilizamos tu informaci\u00f3n cuando visitas esta web o contratas algunos de nuestros servicios. Tu privacidad es muy importante para nosotros, y nunca haremos un uso indebido de la informaci\u00f3n personal que nos conf\u00edas. Te invitamos a leer detenidamente estos t\u00e9rminos antes de facilitar &hellip; <\/p>\n<p class=\"link-more\"><a href=\"http:\/\/gtr-tech.com\/es\/politica-privacidad\/\" class=\"more-link\">Continuar leyendo<span class=\"screen-reader-text\"> \u00abPol\u00edtica de privacidad\u00bb<\/span><\/a><\/p>\n","protected":false},"author":1,"featured_media":170,"parent":0,"menu_order":0,"comment_status":"closed","ping_status":"open","template":"","meta":{"footnotes":""},"class_list":["post-3","page","type-page","status-publish","has-post-thumbnail","hentry"],"yoast_head":"<!-- This site is optimized with the Yoast SEO plugin v25.3.1 - https:\/\/yoast.com\/wordpress\/plugins\/seo\/ -->\n<title>Pol\u00edtica de privacidad - GTR Tech<\/title>\n<meta name=\"robots\" content=\"index, follow, max-snippet:-1, max-image-preview:large, max-video-preview:-1\" \/>\n<link rel=\"canonical\" href=\"https:\/\/gtr-tech.com\/es\/politica-privacidad\/\" \/>\n<meta property=\"og:locale\" content=\"es_ES\" \/>\n<meta property=\"og:type\" content=\"article\" \/>\n<meta property=\"og:title\" content=\"Pol\u00edtica de privacidad - GTR Tech\" \/>\n<meta property=\"og:description\" content=\"El texto que tienes ante ti explica qu\u00e9, c\u00f3mo y por qu\u00e9 utilizamos tu informaci\u00f3n cuando visitas esta web o contratas algunos de nuestros servicios. Tu privacidad es muy importante para nosotros, y nunca haremos un uso indebido de la informaci\u00f3n personal que nos conf\u00edas. Te invitamos a leer detenidamente estos t\u00e9rminos antes de facilitar &hellip; Continuar leyendo &quot;Pol\u00edtica de privacidad&quot;\" \/>\n<meta property=\"og:url\" content=\"https:\/\/gtr-tech.com\/es\/politica-privacidad\/\" \/>\n<meta property=\"og:site_name\" content=\"GTR Tech\" \/>\n<meta property=\"article:publisher\" content=\"https:\/\/www.facebook.com\/GTRTechnol\" \/>\n<meta property=\"article:modified_time\" content=\"2023-08-08T12:11:37+00:00\" \/>\n<meta property=\"og:image\" content=\"https:\/\/gtr-tech.com\/wp-content\/uploads\/2023\/08\/PDP-01.jpg\" \/>\n\t<meta property=\"og:image:width\" content=\"1900\" \/>\n\t<meta property=\"og:image:height\" content=\"950\" \/>\n\t<meta property=\"og:image:type\" content=\"image\/jpeg\" \/>\n<meta name=\"twitter:card\" content=\"summary_large_image\" \/>\n<meta name=\"twitter:site\" content=\"@GTRTechnologies\" \/>\n<meta name=\"twitter:label1\" content=\"Tiempo de lectura\" \/>\n\t<meta name=\"twitter:data1\" content=\"5 minutos\" \/>\n<script type=\"application\/ld+json\" class=\"yoast-schema-graph\">{\"@context\":\"https:\/\/schema.org\",\"@graph\":[{\"@type\":\"WebPage\",\"@id\":\"https:\/\/gtr-tech.com\/politica-privacidad\/\",\"url\":\"https:\/\/gtr-tech.com\/politica-privacidad\/\",\"name\":\"Pol\u00edtica de privacidad - GTR Tech\",\"isPartOf\":{\"@id\":\"https:\/\/gtr-tech.com\/es\/#website\"},\"primaryImageOfPage\":{\"@id\":\"https:\/\/gtr-tech.com\/politica-privacidad\/#primaryimage\"},\"image\":{\"@id\":\"https:\/\/gtr-tech.com\/politica-privacidad\/#primaryimage\"},\"thumbnailUrl\":\"https:\/\/gtr-tech.com\/wp-content\/uploads\/2023\/08\/PDP-01.jpg\",\"datePublished\":\"2023-07-28T10:49:40+00:00\",\"dateModified\":\"2023-08-08T12:11:37+00:00\",\"breadcrumb\":{\"@id\":\"https:\/\/gtr-tech.com\/politica-privacidad\/#breadcrumb\"},\"inLanguage\":\"es\",\"potentialAction\":[{\"@type\":\"ReadAction\",\"target\":[\"https:\/\/gtr-tech.com\/politica-privacidad\/\"]}]},{\"@type\":\"ImageObject\",\"inLanguage\":\"es\",\"@id\":\"https:\/\/gtr-tech.com\/politica-privacidad\/#primaryimage\",\"url\":\"https:\/\/gtr-tech.com\/wp-content\/uploads\/2023\/08\/PDP-01.jpg\",\"contentUrl\":\"https:\/\/gtr-tech.com\/wp-content\/uploads\/2023\/08\/PDP-01.jpg\",\"width\":1900,\"height\":950,\"caption\":\"Pol\u00edtica de privacidad\"},{\"@type\":\"BreadcrumbList\",\"@id\":\"https:\/\/gtr-tech.com\/politica-privacidad\/#breadcrumb\",\"itemListElement\":[{\"@type\":\"ListItem\",\"position\":1,\"name\":\"Portada\",\"item\":\"https:\/\/gtr-tech.com\/\"},{\"@type\":\"ListItem\",\"position\":2,\"name\":\"Pol\u00edtica de privacidad\"}]},{\"@type\":\"WebSite\",\"@id\":\"https:\/\/gtr-tech.com\/es\/#website\",\"url\":\"https:\/\/gtr-tech.com\/es\/\",\"name\":\"GTR Tech\",\"description\":\"IT Partner &amp; E-commerce solutions\",\"publisher\":{\"@id\":\"https:\/\/gtr-tech.com\/es\/#organization\"},\"potentialAction\":[{\"@type\":\"SearchAction\",\"target\":{\"@type\":\"EntryPoint\",\"urlTemplate\":\"https:\/\/gtr-tech.com\/es\/?s={search_term_string}\"},\"query-input\":{\"@type\":\"PropertyValueSpecification\",\"valueRequired\":true,\"valueName\":\"search_term_string\"}}],\"inLanguage\":\"es\"},{\"@type\":\"Organization\",\"@id\":\"https:\/\/gtr-tech.com\/es\/#organization\",\"name\":\"GTR Tech\",\"url\":\"https:\/\/gtr-tech.com\/es\/\",\"logo\":{\"@type\":\"ImageObject\",\"inLanguage\":\"es\",\"@id\":\"https:\/\/gtr-tech.com\/es\/#\/schema\/logo\/image\/\",\"url\":\"https:\/\/gtr-tech.com\/wp-content\/uploads\/2023\/07\/cropped-logoGTR.png\",\"contentUrl\":\"https:\/\/gtr-tech.com\/wp-content\/uploads\/2023\/07\/cropped-logoGTR.png\",\"width\":932,\"height\":250,\"caption\":\"GTR Tech\"},\"image\":{\"@id\":\"https:\/\/gtr-tech.com\/es\/#\/schema\/logo\/image\/\"},\"sameAs\":[\"https:\/\/www.facebook.com\/GTRTechnol\",\"https:\/\/x.com\/GTRTechnologies\"]}]}<\/script>\n<!-- \/ Yoast SEO plugin. -->","yoast_head_json":{"title":"Pol\u00edtica de privacidad - GTR Tech","robots":{"index":"index","follow":"follow","max-snippet":"max-snippet:-1","max-image-preview":"max-image-preview:large","max-video-preview":"max-video-preview:-1"},"canonical":"https:\/\/gtr-tech.com\/es\/politica-privacidad\/","og_locale":"es_ES","og_type":"article","og_title":"Pol\u00edtica de privacidad - GTR Tech","og_description":"El texto que tienes ante ti explica qu\u00e9, c\u00f3mo y por qu\u00e9 utilizamos tu informaci\u00f3n cuando visitas esta web o contratas algunos de nuestros servicios. Tu privacidad es muy importante para nosotros, y nunca haremos un uso indebido de la informaci\u00f3n personal que nos conf\u00edas. Te invitamos a leer detenidamente estos t\u00e9rminos antes de facilitar &hellip; Continuar leyendo \"Pol\u00edtica de privacidad\"","og_url":"https:\/\/gtr-tech.com\/es\/politica-privacidad\/","og_site_name":"GTR Tech","article_publisher":"https:\/\/www.facebook.com\/GTRTechnol","article_modified_time":"2023-08-08T12:11:37+00:00","og_image":[{"width":1900,"height":950,"url":"https:\/\/gtr-tech.com\/wp-content\/uploads\/2023\/08\/PDP-01.jpg","type":"image\/jpeg"}],"twitter_card":"summary_large_image","twitter_site":"@GTRTechnologies","twitter_misc":{"Tiempo de lectura":"5 minutos"},"schema":{"@context":"https:\/\/schema.org","@graph":[{"@type":"WebPage","@id":"https:\/\/gtr-tech.com\/politica-privacidad\/","url":"https:\/\/gtr-tech.com\/politica-privacidad\/","name":"Pol\u00edtica de privacidad - GTR Tech","isPartOf":{"@id":"https:\/\/gtr-tech.com\/es\/#website"},"primaryImageOfPage":{"@id":"https:\/\/gtr-tech.com\/politica-privacidad\/#primaryimage"},"image":{"@id":"https:\/\/gtr-tech.com\/politica-privacidad\/#primaryimage"},"thumbnailUrl":"https:\/\/gtr-tech.com\/wp-content\/uploads\/2023\/08\/PDP-01.jpg","datePublished":"2023-07-28T10:49:40+00:00","dateModified":"2023-08-08T12:11:37+00:00","breadcrumb":{"@id":"https:\/\/gtr-tech.com\/politica-privacidad\/#breadcrumb"},"inLanguage":"es","potentialAction":[{"@type":"ReadAction","target":["https:\/\/gtr-tech.com\/politica-privacidad\/"]}]},{"@type":"ImageObject","inLanguage":"es","@id":"https:\/\/gtr-tech.com\/politica-privacidad\/#primaryimage","url":"https:\/\/gtr-tech.com\/wp-content\/uploads\/2023\/08\/PDP-01.jpg","contentUrl":"https:\/\/gtr-tech.com\/wp-content\/uploads\/2023\/08\/PDP-01.jpg","width":1900,"height":950,"caption":"Pol\u00edtica de privacidad"},{"@type":"BreadcrumbList","@id":"https:\/\/gtr-tech.com\/politica-privacidad\/#breadcrumb","itemListElement":[{"@type":"ListItem","position":1,"name":"Portada","item":"https:\/\/gtr-tech.com\/"},{"@type":"ListItem","position":2,"name":"Pol\u00edtica de privacidad"}]},{"@type":"WebSite","@id":"https:\/\/gtr-tech.com\/es\/#website","url":"https:\/\/gtr-tech.com\/es\/","name":"GTR Tech","description":"IT Partner &amp; E-commerce solutions","publisher":{"@id":"https:\/\/gtr-tech.com\/es\/#organization"},"potentialAction":[{"@type":"SearchAction","target":{"@type":"EntryPoint","urlTemplate":"https:\/\/gtr-tech.com\/es\/?s={search_term_string}"},"query-input":{"@type":"PropertyValueSpecification","valueRequired":true,"valueName":"search_term_string"}}],"inLanguage":"es"},{"@type":"Organization","@id":"https:\/\/gtr-tech.com\/es\/#organization","name":"GTR Tech","url":"https:\/\/gtr-tech.com\/es\/","logo":{"@type":"ImageObject","inLanguage":"es","@id":"https:\/\/gtr-tech.com\/es\/#\/schema\/logo\/image\/","url":"https:\/\/gtr-tech.com\/wp-content\/uploads\/2023\/07\/cropped-logoGTR.png","contentUrl":"https:\/\/gtr-tech.com\/wp-content\/uploads\/2023\/07\/cropped-logoGTR.png","width":932,"height":250,"caption":"GTR Tech"},"image":{"@id":"https:\/\/gtr-tech.com\/es\/#\/schema\/logo\/image\/"},"sameAs":["https:\/\/www.facebook.com\/GTRTechnol","https:\/\/x.com\/GTRTechnologies"]}]}},"_links":{"self":[{"href":"http:\/\/gtr-tech.com\/es\/wp-json\/wp\/v2\/pages\/3","targetHints":{"allow":["GET"]}}],"collection":[{"href":"http:\/\/gtr-tech.com\/es\/wp-json\/wp\/v2\/pages"}],"about":[{"href":"http:\/\/gtr-tech.com\/es\/wp-json\/wp\/v2\/types\/page"}],"author":[{"embeddable":true,"href":"http:\/\/gtr-tech.com\/es\/wp-json\/wp\/v2\/users\/1"}],"replies":[{"embeddable":true,"href":"http:\/\/gtr-tech.com\/es\/wp-json\/wp\/v2\/comments?post=3"}],"version-history":[{"count":6,"href":"http:\/\/gtr-tech.com\/es\/wp-json\/wp\/v2\/pages\/3\/revisions"}],"predecessor-version":[{"id":266,"href":"http:\/\/gtr-tech.com\/es\/wp-json\/wp\/v2\/pages\/3\/revisions\/266"}],"wp:featuredmedia":[{"embeddable":true,"href":"http:\/\/gtr-tech.com\/es\/wp-json\/wp\/v2\/media\/170"}],"wp:attachment":[{"href":"http:\/\/gtr-tech.com\/es\/wp-json\/wp\/v2\/media?parent=3"}],"curies":[{"name":"wp","href":"https:\/\/api.w.org\/{rel}","templated":true}]}}