{"id":3,"date":"2023-07-28T12:49:40","date_gmt":"2023-07-28T10:49:40","guid":{"rendered":"http:\/\/gtr-tech10.loc\/?page_id=3"},"modified":"2023-08-08T14:11:37","modified_gmt":"2023-08-08T12:11:37","slug":"politica-privacidad","status":"publish","type":"page","link":"http:\/\/gtr-tech.com\/ca\/politica-privacidad\/","title":{"rendered":"Pol\u00edtica de privacitat"},"content":{"rendered":"<p>El text que tens davant teu explica qu\u00e8, com i per qu\u00e8 utilitzem la teva informaci\u00f3 quan visites aquesta web o contractes alguns dels nostres serveis. La teva privadesa \u00e9s molt important per a nosaltres, i mai farem un \u00fas indegut de la informaci\u00f3 personal que ens confies.<\/p>\n\n\n\n<p>Et convidem a llegir detingudament aquests termes abans de facilitar les dades personals en aquesta web.<\/p>\n\n\n\n<p>L'enviament de les teves dades a trav\u00e9s dels formularis de contacte habilitats en aquesta web suposa l'acceptaci\u00f3 de la present Pol\u00edtica de privadesa i el consentiment al tractament de les teves dades en la forma i per a les finalitats indicades en aquesta Pol\u00edtica de privadesa.<\/p>\n\n\n\n<p>Si tens qualsevol dubte o pregunta sobre el tractament de les teves dades personals o qualsevol altre aspecte incl\u00f2s en aquesta Pol\u00edtica de privadesa pots contactar amb nosaltres per e-mail a l'adre\u00e7a info@gtr-tech.com.<\/p>\n\n\n\n<p><strong>La teva privadesa i els teus drets es respecten en aquesta web<\/strong><\/p>\n\n\n\n<p>En aquesta web es respecten i cuiden les dades personals dels usuaris. Com a usuari has de saber que els teus drets estan garantits. Ens hem esfor\u00e7at a crear un espai segur i fiable i per aix\u00f2 volem compartir els nostres principis pel que fa al tractament de les teves dades:<\/p>\n\n\n\n<ul class=\"wp-block-list\">\n<li>Mai sol\u00b7licitem informaci\u00f3 personal a no ser que realment sigui necess\u00e0ria per prestar-te els serveis que requereixis.<\/li>\n\n\n\n<li>No compartim mai informaci\u00f3 personal dels nostres usuaris amb ning\u00fa, excepte per complir amb la llei o en cas que comptem amb la teva autoritzaci\u00f3 expressa.<\/li>\n\n\n\n<li>Mai utilitzem les teves dades personals amb una finalitat diferent de la expressada en aquesta pol\u00edtica de privadesa.<\/li>\n<\/ul>\n\n\n\n<p>Aquesta Pol\u00edtica de Privadesa pot variar en funci\u00f3 d'exig\u00e8ncies legislatives o d'autoregulaci\u00f3, per la qual cosa s'aconsella als usuaris que la visitin peri\u00f2dicament.<\/p>\n\n\n\n<p>Ser\u00e0 aplicable en cas que els usuaris decideixin facilitar-nos les dades de car\u00e0cter personal per mitj\u00e0 dels formularis de contacte habilitats a aquest efecte al web.<\/p>\n\n\n\n<div class=\"wp-block-group has-very-light-gray-to-cyan-bluish-gray-gradient-background has-background\"><div class=\"wp-block-group__inner-container is-layout-constrained wp-block-group-is-layout-constrained\">\n<h2 class=\"wp-block-heading\"><strong>Principis que aplicarem a la teva informaci\u00f3 personal<\/strong><\/h2>\n\n\n\n<p>En el tractament de les teves dades personals, aplicarem els principis seg\u00fcents, que s'ajusten a les exig\u00e8ncies del RGPD:<\/p>\n\n\n\n<ul class=\"wp-block-list\">\n<li>Principi de licitud, lleialtat i transpar\u00e8ncia: Les teves dades seran tractades de conformitat amb la normativa vigent sobre protecci\u00f3 de dades i amb total transpar\u00e8ncia.<\/li>\n\n\n\n<li>Principi de limitaci\u00f3 de la finalitat: Les dades seran recollides amb fins determinats, expl\u00edcits i leg\u00edtims, i no seran tractats posteriorment de manera incompatible amb aquests fins sense pr\u00e8via autoritzaci\u00f3.<\/li>\n\n\n\n<li>Principi de minimitzaci\u00f3 de dades: Nom\u00e9s sol\u00b7licitarem dades estrictament necess\u00e0ries per a la finalitat del tractament, i procurarem que siguin exactes i estiguin actualitzades.<\/li>\n\n\n\n<li>Principi de limitaci\u00f3 del termini de conservaci\u00f3: Les dades personals proporcionades es conservaran durant el temps estrictament necessari per complir amb la finalitat per la qual es van demanar, per complir una obligaci\u00f3 legal i\/o mentre no se sol\u00b7liciti la seva supressi\u00f3 per l'interessat.<\/li>\n\n\n\n<li>En el cas de subscripcions, revisarem peri\u00f2dicament les nostres llistes i eliminarem aquells registres inactius durant un temps considerable.<\/li>\n\n\n\n<li>Principi d'integritat i confidencialitat: Les teves dades seran tractades de manera que es garanteixi una seguretat adequada de les dades personals i la seva confidencialitat. Has de saber que prenem totes les precaucions necess\u00e0ries per evitar l'acc\u00e9s no autoritzat o l'\u00fas indegut de les dades dels nostres usuaris per part de tercers.<\/li>\n<\/ul>\n<\/div><\/div>\n\n\n\n<h2 class=\"wp-block-heading\"><strong>Com s'obtenen dades personals a aquesta web?<\/strong><\/h2>\n\n\n\n<p>Les dades personals que tractem ens les facilita sempre el propi interessat a trav\u00e9s dels formularis de contacte habilitats a aquest efecte a la nostra web.<\/p>\n\n\n\n<h2 class=\"wp-block-heading\"><strong>Amb quina finalitat tractem les vostres dades personals?<\/strong><\/h2>\n\n\n\n<p>Som conscients del valor que t\u00e9 per a tu la privadesa de les teves dades personals.<\/p>\n\n\n\n<p>Per aix\u00f2, nom\u00e9s tractem les teves dades personals per enviar-te la informaci\u00f3 sol\u00b7licitada, gestionar els productes o serveis sol\u00b7licitats i, quan ens autoritzis, remetre't informaci\u00f3 i publicitat de les empreses associades que pugui ser del teu inter\u00e8s.<\/p>\n\n\n\n<p>En cas d'estar interessat a treballar amb nosaltres, la finalitat del tractament no ser\u00e0 cap altra que gestionar les bases de dades de candidats per cobrir vacants existents o per a futurs processos de selecci\u00f3.<\/p>\n\n\n\n<div class=\"wp-block-group has-very-light-gray-to-cyan-bluish-gray-gradient-background has-background\"><div class=\"wp-block-group__inner-container is-layout-constrained wp-block-group-is-layout-constrained\">\n<h2 class=\"wp-block-heading\"><strong>Quins s\u00f3n els teus drets quan ens facilites les dades?<\/strong><\/h2>\n\n\n\n<p>Qualsevol persona t\u00e9 dret a obtenir confirmaci\u00f3 sobre si estem tractant dades personals que ens concerneix o no. Les persones interessades tenen dret a:<\/p>\n\n\n\n<ul class=\"wp-block-list\">\n<li>Sol\u00b7licitar l'acc\u00e9s a les dades personals relatives a l'interessat<\/li>\n\n\n\n<li>Sol\u00b7licitar-ne la rectificaci\u00f3 o supressi\u00f3<\/li>\n\n\n\n<li>Sol\u00b7licitar la limitaci\u00f3 del tractament<\/li>\n\n\n\n<li>Oposar-se al tractament<\/li>\n\n\n\n<li>Sol\u00b7licitar la portabilitat de les dades<\/li>\n\n\n\n<li>Sol\u00b7licitar el dret a l'oblit<\/li>\n<\/ul>\n\n\n\n<p>Els interessats podran accedir a les seves dades personals, aix\u00ed com a sol\u00b7licitar la rectificaci\u00f3 de les dades inexactes o, si escau, sol\u00b7licitar-ne la supressi\u00f3 quan, entre altres motius, les dades ja no siguin necess\u00e0ries per als fins que van ser recollides.<\/p>\n\n\n\n<p>En determinades circumst\u00e0ncies, els interessats podran sol\u00b7licitar la limitaci\u00f3 del tractament de les seves dades, cas en qu\u00e8 \u00fanicament les conservarem per a l'exercici o la defensa de reclamacions.<\/p>\n\n\n\n<p>En determinades circumst\u00e0ncies, i per motius relacionats amb la seva situaci\u00f3 particular, els interessats podran oposar-se al tractament de les dades. Deixarem de tractar les dades, tret de motius leg\u00edtims imperiosos, o l'exercici o la defensa de possibles reclamacions. Tamb\u00e9 podran sol\u00b7licitar la portabilitat de les vostres dades.<\/p>\n\n\n\n<p>Qualsevol persona t\u00e9 dret a obtenir informaci\u00f3 sobre el tractament que fem de les vostres dades.<\/p>\n\n\n\n<p>A m\u00e9s, tens reconeguts els drets d'acc\u00e9s, rectificaci\u00f3 i supressi\u00f3, limitaci\u00f3 del tractament, portabilitat de les dades, oposici\u00f3 i decisions individuals automatitzades; legalment establerts.<\/p>\n\n\n\n<p>Podeu exercir els vostres drets en qualsevol moment mitjan\u00e7ant l'enviament d'un correu electr\u00f2nic a info@gtr-tech.com.<\/p>\n\n\n\n<p>En qualsevol cas, a la sol\u00b7licitud per a l'exercici de qualsevol dels drets, l'interessat haur\u00e0s d'adjuntar c\u00f2pia del DNI o document semblant, a fi de verificar la identitat del sol\u00b7licitant; i especificar el dret o els drets que desitges exercir.<\/p>\n<\/div><\/div>\n\n\n\n<h2 class=\"wp-block-heading\"><strong>Legitimaci\u00f3 per al tractament de les teves dades<\/strong><\/h2>\n\n\n\n<p>La base legal per al tractament de les vostres dades \u00e9s el consentiment que se sol\u00b7licita al moment d'enviar el formulari de contacte.<\/p>\n\n\n\n<p>L'oferta prospectiva o comercial de productes i serveis est\u00e0 basada igualment en el consentiment sol\u00b7licitat.<\/p>\n\n\n\n<p>Tens dret a retirar el consentiment en qualsevol moment, sense que aix\u00f2 afecti la licitud del tractament basat en el consentiment previ a la seva retirada.<\/p>\n\n\n\n<h2 class=\"wp-block-heading\"><strong>Per quant de temps conservarem les teves dades?<\/strong><\/h2>\n\n\n\n<p>Les dades personals proporcionades es conservaran durant el temps estrictament necessari per complir amb la finalitat per la qual es van demanar, per complir una obligaci\u00f3 legal i\/o mentre no se sol\u00b7liciti la seva supressi\u00f3 per l'interessat.<\/p>","protected":false},"excerpt":{"rendered":"<p>El texto que tienes ante ti explica qu\u00e9, c\u00f3mo y por qu\u00e9 utilizamos tu informaci\u00f3n cuando visitas esta web o contratas algunos de nuestros servicios. Tu privacidad es muy importante para nosotros, y nunca haremos un uso indebido de la informaci\u00f3n personal que nos conf\u00edas. Te invitamos a leer detenidamente estos t\u00e9rminos antes de facilitar &hellip; <\/p>\n<p class=\"link-more\"><a href=\"http:\/\/gtr-tech.com\/ca\/politica-privacidad\/\" class=\"more-link\">Continua llegint <span class=\"screen-reader-text\">\u00abPol\u00edtica de privacidad\u00bb<\/span><\/a><\/p>","protected":false},"author":1,"featured_media":170,"parent":0,"menu_order":0,"comment_status":"closed","ping_status":"open","template":"","meta":{"footnotes":""},"class_list":["post-3","page","type-page","status-publish","has-post-thumbnail","hentry"],"yoast_head":"<!-- This site is optimized with the Yoast SEO plugin v25.3.1 - https:\/\/yoast.com\/wordpress\/plugins\/seo\/ -->\n<title>Pol\u00edtica de privacidad - GTR Tech<\/title>\n<meta name=\"robots\" content=\"index, follow, max-snippet:-1, max-image-preview:large, max-video-preview:-1\" \/>\n<link rel=\"canonical\" href=\"https:\/\/gtr-tech.com\/ca\/politica-privacidad\/\" \/>\n<meta property=\"og:locale\" content=\"ca_ES\" \/>\n<meta property=\"og:type\" content=\"article\" \/>\n<meta property=\"og:title\" content=\"Pol\u00edtica de privacidad - GTR Tech\" \/>\n<meta property=\"og:description\" content=\"El texto que tienes ante ti explica qu\u00e9, c\u00f3mo y por qu\u00e9 utilizamos tu informaci\u00f3n cuando visitas esta web o contratas algunos de nuestros servicios. Tu privacidad es muy importante para nosotros, y nunca haremos un uso indebido de la informaci\u00f3n personal que nos conf\u00edas. Te invitamos a leer detenidamente estos t\u00e9rminos antes de facilitar &hellip; Continua llegint \u00abPol\u00edtica de privacidad\u00bb\" \/>\n<meta property=\"og:url\" content=\"https:\/\/gtr-tech.com\/ca\/politica-privacidad\/\" \/>\n<meta property=\"og:site_name\" content=\"GTR Tech\" \/>\n<meta property=\"article:publisher\" content=\"https:\/\/www.facebook.com\/GTRTechnol\" \/>\n<meta property=\"article:modified_time\" content=\"2023-08-08T12:11:37+00:00\" \/>\n<meta property=\"og:image\" content=\"https:\/\/gtr-tech.com\/wp-content\/uploads\/2023\/08\/PDP-01.jpg\" \/>\n\t<meta property=\"og:image:width\" content=\"1900\" \/>\n\t<meta property=\"og:image:height\" content=\"950\" \/>\n\t<meta property=\"og:image:type\" content=\"image\/jpeg\" \/>\n<meta name=\"twitter:card\" content=\"summary_large_image\" \/>\n<meta name=\"twitter:site\" content=\"@GTRTechnologies\" \/>\n<meta name=\"twitter:label1\" content=\"Temps estimat de lectura\" \/>\n\t<meta name=\"twitter:data1\" content=\"5 minuts\" \/>\n<script type=\"application\/ld+json\" class=\"yoast-schema-graph\">{\"@context\":\"https:\/\/schema.org\",\"@graph\":[{\"@type\":\"WebPage\",\"@id\":\"https:\/\/gtr-tech.com\/politica-privacidad\/\",\"url\":\"https:\/\/gtr-tech.com\/politica-privacidad\/\",\"name\":\"Pol\u00edtica de privacidad - GTR Tech\",\"isPartOf\":{\"@id\":\"https:\/\/gtr-tech.com\/es\/#website\"},\"primaryImageOfPage\":{\"@id\":\"https:\/\/gtr-tech.com\/politica-privacidad\/#primaryimage\"},\"image\":{\"@id\":\"https:\/\/gtr-tech.com\/politica-privacidad\/#primaryimage\"},\"thumbnailUrl\":\"https:\/\/gtr-tech.com\/wp-content\/uploads\/2023\/08\/PDP-01.jpg\",\"datePublished\":\"2023-07-28T10:49:40+00:00\",\"dateModified\":\"2023-08-08T12:11:37+00:00\",\"breadcrumb\":{\"@id\":\"https:\/\/gtr-tech.com\/politica-privacidad\/#breadcrumb\"},\"inLanguage\":\"ca\",\"potentialAction\":[{\"@type\":\"ReadAction\",\"target\":[\"https:\/\/gtr-tech.com\/politica-privacidad\/\"]}]},{\"@type\":\"ImageObject\",\"inLanguage\":\"ca\",\"@id\":\"https:\/\/gtr-tech.com\/politica-privacidad\/#primaryimage\",\"url\":\"https:\/\/gtr-tech.com\/wp-content\/uploads\/2023\/08\/PDP-01.jpg\",\"contentUrl\":\"https:\/\/gtr-tech.com\/wp-content\/uploads\/2023\/08\/PDP-01.jpg\",\"width\":1900,\"height\":950,\"caption\":\"Pol\u00edtica de privacidad\"},{\"@type\":\"BreadcrumbList\",\"@id\":\"https:\/\/gtr-tech.com\/politica-privacidad\/#breadcrumb\",\"itemListElement\":[{\"@type\":\"ListItem\",\"position\":1,\"name\":\"Portada\",\"item\":\"https:\/\/gtr-tech.com\/\"},{\"@type\":\"ListItem\",\"position\":2,\"name\":\"Pol\u00edtica de privacidad\"}]},{\"@type\":\"WebSite\",\"@id\":\"https:\/\/gtr-tech.com\/es\/#website\",\"url\":\"https:\/\/gtr-tech.com\/es\/\",\"name\":\"GTR Tech\",\"description\":\"IT Partner &amp; E-commerce solutions\",\"publisher\":{\"@id\":\"https:\/\/gtr-tech.com\/es\/#organization\"},\"potentialAction\":[{\"@type\":\"SearchAction\",\"target\":{\"@type\":\"EntryPoint\",\"urlTemplate\":\"https:\/\/gtr-tech.com\/es\/?s={search_term_string}\"},\"query-input\":{\"@type\":\"PropertyValueSpecification\",\"valueRequired\":true,\"valueName\":\"search_term_string\"}}],\"inLanguage\":\"ca\"},{\"@type\":\"Organization\",\"@id\":\"https:\/\/gtr-tech.com\/es\/#organization\",\"name\":\"GTR Tech\",\"url\":\"https:\/\/gtr-tech.com\/es\/\",\"logo\":{\"@type\":\"ImageObject\",\"inLanguage\":\"ca\",\"@id\":\"https:\/\/gtr-tech.com\/es\/#\/schema\/logo\/image\/\",\"url\":\"https:\/\/gtr-tech.com\/wp-content\/uploads\/2023\/07\/cropped-logoGTR.png\",\"contentUrl\":\"https:\/\/gtr-tech.com\/wp-content\/uploads\/2023\/07\/cropped-logoGTR.png\",\"width\":932,\"height\":250,\"caption\":\"GTR Tech\"},\"image\":{\"@id\":\"https:\/\/gtr-tech.com\/es\/#\/schema\/logo\/image\/\"},\"sameAs\":[\"https:\/\/www.facebook.com\/GTRTechnol\",\"https:\/\/x.com\/GTRTechnologies\"]}]}<\/script>\n<!-- \/ Yoast SEO plugin. -->","yoast_head_json":{"title":"Pol\u00edtica de privacidad - GTR Tech","robots":{"index":"index","follow":"follow","max-snippet":"max-snippet:-1","max-image-preview":"max-image-preview:large","max-video-preview":"max-video-preview:-1"},"canonical":"https:\/\/gtr-tech.com\/ca\/politica-privacidad\/","og_locale":"ca_ES","og_type":"article","og_title":"Pol\u00edtica de privacidad - GTR Tech","og_description":"El texto que tienes ante ti explica qu\u00e9, c\u00f3mo y por qu\u00e9 utilizamos tu informaci\u00f3n cuando visitas esta web o contratas algunos de nuestros servicios. Tu privacidad es muy importante para nosotros, y nunca haremos un uso indebido de la informaci\u00f3n personal que nos conf\u00edas. Te invitamos a leer detenidamente estos t\u00e9rminos antes de facilitar &hellip; Continua llegint \u00abPol\u00edtica de privacidad\u00bb","og_url":"https:\/\/gtr-tech.com\/ca\/politica-privacidad\/","og_site_name":"GTR Tech","article_publisher":"https:\/\/www.facebook.com\/GTRTechnol","article_modified_time":"2023-08-08T12:11:37+00:00","og_image":[{"width":1900,"height":950,"url":"https:\/\/gtr-tech.com\/wp-content\/uploads\/2023\/08\/PDP-01.jpg","type":"image\/jpeg"}],"twitter_card":"summary_large_image","twitter_site":"@GTRTechnologies","twitter_misc":{"Temps estimat de lectura":"5 minuts"},"schema":{"@context":"https:\/\/schema.org","@graph":[{"@type":"WebPage","@id":"https:\/\/gtr-tech.com\/politica-privacidad\/","url":"https:\/\/gtr-tech.com\/politica-privacidad\/","name":"Pol\u00edtica de privacidad - GTR Tech","isPartOf":{"@id":"https:\/\/gtr-tech.com\/es\/#website"},"primaryImageOfPage":{"@id":"https:\/\/gtr-tech.com\/politica-privacidad\/#primaryimage"},"image":{"@id":"https:\/\/gtr-tech.com\/politica-privacidad\/#primaryimage"},"thumbnailUrl":"https:\/\/gtr-tech.com\/wp-content\/uploads\/2023\/08\/PDP-01.jpg","datePublished":"2023-07-28T10:49:40+00:00","dateModified":"2023-08-08T12:11:37+00:00","breadcrumb":{"@id":"https:\/\/gtr-tech.com\/politica-privacidad\/#breadcrumb"},"inLanguage":"ca","potentialAction":[{"@type":"ReadAction","target":["https:\/\/gtr-tech.com\/politica-privacidad\/"]}]},{"@type":"ImageObject","inLanguage":"ca","@id":"https:\/\/gtr-tech.com\/politica-privacidad\/#primaryimage","url":"https:\/\/gtr-tech.com\/wp-content\/uploads\/2023\/08\/PDP-01.jpg","contentUrl":"https:\/\/gtr-tech.com\/wp-content\/uploads\/2023\/08\/PDP-01.jpg","width":1900,"height":950,"caption":"Pol\u00edtica de privacidad"},{"@type":"BreadcrumbList","@id":"https:\/\/gtr-tech.com\/politica-privacidad\/#breadcrumb","itemListElement":[{"@type":"ListItem","position":1,"name":"Portada","item":"https:\/\/gtr-tech.com\/"},{"@type":"ListItem","position":2,"name":"Pol\u00edtica de privacidad"}]},{"@type":"WebSite","@id":"https:\/\/gtr-tech.com\/es\/#website","url":"https:\/\/gtr-tech.com\/es\/","name":"GTR Tech","description":"IT Partner &amp; E-commerce solutions","publisher":{"@id":"https:\/\/gtr-tech.com\/es\/#organization"},"potentialAction":[{"@type":"SearchAction","target":{"@type":"EntryPoint","urlTemplate":"https:\/\/gtr-tech.com\/es\/?s={search_term_string}"},"query-input":{"@type":"PropertyValueSpecification","valueRequired":true,"valueName":"search_term_string"}}],"inLanguage":"ca"},{"@type":"Organization","@id":"https:\/\/gtr-tech.com\/es\/#organization","name":"GTR Tech","url":"https:\/\/gtr-tech.com\/es\/","logo":{"@type":"ImageObject","inLanguage":"ca","@id":"https:\/\/gtr-tech.com\/es\/#\/schema\/logo\/image\/","url":"https:\/\/gtr-tech.com\/wp-content\/uploads\/2023\/07\/cropped-logoGTR.png","contentUrl":"https:\/\/gtr-tech.com\/wp-content\/uploads\/2023\/07\/cropped-logoGTR.png","width":932,"height":250,"caption":"GTR Tech"},"image":{"@id":"https:\/\/gtr-tech.com\/es\/#\/schema\/logo\/image\/"},"sameAs":["https:\/\/www.facebook.com\/GTRTechnol","https:\/\/x.com\/GTRTechnologies"]}]}},"_links":{"self":[{"href":"http:\/\/gtr-tech.com\/ca\/wp-json\/wp\/v2\/pages\/3","targetHints":{"allow":["GET"]}}],"collection":[{"href":"http:\/\/gtr-tech.com\/ca\/wp-json\/wp\/v2\/pages"}],"about":[{"href":"http:\/\/gtr-tech.com\/ca\/wp-json\/wp\/v2\/types\/page"}],"author":[{"embeddable":true,"href":"http:\/\/gtr-tech.com\/ca\/wp-json\/wp\/v2\/users\/1"}],"replies":[{"embeddable":true,"href":"http:\/\/gtr-tech.com\/ca\/wp-json\/wp\/v2\/comments?post=3"}],"version-history":[{"count":6,"href":"http:\/\/gtr-tech.com\/ca\/wp-json\/wp\/v2\/pages\/3\/revisions"}],"predecessor-version":[{"id":266,"href":"http:\/\/gtr-tech.com\/ca\/wp-json\/wp\/v2\/pages\/3\/revisions\/266"}],"wp:featuredmedia":[{"embeddable":true,"href":"http:\/\/gtr-tech.com\/ca\/wp-json\/wp\/v2\/media\/170"}],"wp:attachment":[{"href":"http:\/\/gtr-tech.com\/ca\/wp-json\/wp\/v2\/media?parent=3"}],"curies":[{"name":"wp","href":"https:\/\/api.w.org\/{rel}","templated":true}]}}